{"id":5185,"date":"2022-08-18T14:32:05","date_gmt":"2022-08-18T12:32:05","guid":{"rendered":"https:\/\/enhakkore.net\/produits\/?page_id=5185"},"modified":"2022-08-18T14:53:00","modified_gmt":"2022-08-18T12:53:00","slug":"viewsonic-27-gaming-vx2718-2kpc-mhd","status":"publish","type":"page","link":"https:\/\/enhakkore.net\/produits\/viewsonic-27-gaming-vx2718-2kpc-mhd\/","title":{"rendered":"VIEWSONIC 27&Prime; GAMING VX2718-2KPC-MHD"},"content":{"rendered":"\t\t<div data-elementor-type=\"wp-page\" data-elementor-id=\"5185\" class=\"elementor elementor-5185\" data-elementor-settings=\"[]\">\n\t\t\t\t\t\t<div class=\"elementor-inner\">\n\t\t\t\t\t\t\t<div class=\"elementor-section-wrap\">\n\t\t\t\t\t\t\t<section class=\"elementor-section elementor-top-section elementor-element elementor-element-418ec6f7 elementor-section-boxed elementor-section-height-default elementor-section-height-default\" data-id=\"418ec6f7\" data-element_type=\"section\">\n\t\t\t\t\t\t<div class=\"elementor-container elementor-column-gap-default\">\n\t\t\t\t\t\t\t<div class=\"elementor-row\">\n\t\t\t\t\t<div class=\"elementor-column elementor-col-100 elementor-top-column elementor-element elementor-element-1f4708e1\" data-id=\"1f4708e1\" data-element_type=\"column\">\n\t\t\t<div class=\"elementor-column-wrap elementor-element-populated\">\n\t\t\t\t\t\t\t<div class=\"elementor-widget-wrap\">\n\t\t\t\t\t\t<div class=\"elementor-element elementor-element-5cff1b2b elementor-widget elementor-widget-image\" data-id=\"5cff1b2b\" data-element_type=\"widget\" data-widget_type=\"image.default\">\n\t\t\t\t<div class=\"elementor-widget-container\">\n\t\t\t\t\t<div class=\"elementor-image\">\n\t\t\t\t\t\t\t\t\t\t\t<a href=\"https:\/\/enhakkore.net\/produits\/wp-content\/uploads\/2022\/08\/VIEWSONIC-27-GAMING-VX2718-1.jpg\" data-elementor-open-lightbox=\"yes\" data-elementor-lightbox-title=\"VIEWSONIC 27 GAMING VX2718 1\">\n\t\t\t\t\t\t\t<img loading=\"lazy\" decoding=\"async\" width=\"300\" height=\"222\" src=\"https:\/\/enhakkore.net\/produits\/wp-content\/uploads\/2022\/08\/VIEWSONIC-27-GAMING-VX2718-1-300x222.jpg\" class=\"attachment-medium size-medium\" alt=\"\" srcset=\"https:\/\/enhakkore.net\/produits\/wp-content\/uploads\/2022\/08\/VIEWSONIC-27-GAMING-VX2718-1-300x222.jpg 300w, https:\/\/enhakkore.net\/produits\/wp-content\/uploads\/2022\/08\/VIEWSONIC-27-GAMING-VX2718-1-1024x759.jpg 1024w, https:\/\/enhakkore.net\/produits\/wp-content\/uploads\/2022\/08\/VIEWSONIC-27-GAMING-VX2718-1-768x569.jpg 768w, https:\/\/enhakkore.net\/produits\/wp-content\/uploads\/2022\/08\/VIEWSONIC-27-GAMING-VX2718-1.jpg 1392w\" sizes=\"auto, (max-width: 300px) 100vw, 300px\" \/>\t\t\t\t\t\t\t\t<\/a>\n\t\t\t\t\t\t\t\t\t\t\t<\/div>\n\t\t\t\t<\/div>\n\t\t\t\t<\/div>\n\t\t\t\t\t\t<\/div>\n\t\t\t\t\t<\/div>\n\t\t<\/div>\n\t\t\t\t\t\t\t\t<\/div>\n\t\t\t\t\t<\/div>\n\t\t<\/section>\n\t\t\t\t<section class=\"elementor-section elementor-top-section elementor-element elementor-element-7ae4e7a4 elementor-section-boxed elementor-section-height-default elementor-section-height-default\" data-id=\"7ae4e7a4\" data-element_type=\"section\">\n\t\t\t\t\t\t<div class=\"elementor-container elementor-column-gap-default\">\n\t\t\t\t\t\t\t<div class=\"elementor-row\">\n\t\t\t\t\t<div class=\"elementor-column elementor-col-100 elementor-top-column elementor-element elementor-element-7ff807c3\" data-id=\"7ff807c3\" data-element_type=\"column\">\n\t\t\t<div class=\"elementor-column-wrap elementor-element-populated\">\n\t\t\t\t\t\t\t<div class=\"elementor-widget-wrap\">\n\t\t\t\t\t\t<div class=\"elementor-element elementor-element-ce9fd96 elementor-widget-divider--view-line elementor-widget elementor-widget-divider\" data-id=\"ce9fd96\" data-element_type=\"widget\" data-widget_type=\"divider.default\">\n\t\t\t\t<div class=\"elementor-widget-container\">\n\t\t\t\t\t<div class=\"elementor-divider\">\n\t\t\t<span class=\"elementor-divider-separator\">\n\t\t\t\t\t\t<\/span>\n\t\t<\/div>\n\t\t\t\t<\/div>\n\t\t\t\t<\/div>\n\t\t\t\t\t\t<\/div>\n\t\t\t\t\t<\/div>\n\t\t<\/div>\n\t\t\t\t\t\t\t\t<\/div>\n\t\t\t\t\t<\/div>\n\t\t<\/section>\n\t\t\t\t<section class=\"elementor-section elementor-top-section elementor-element elementor-element-3b57e3fb elementor-section-boxed elementor-section-height-default elementor-section-height-default\" data-id=\"3b57e3fb\" data-element_type=\"section\">\n\t\t\t\t\t\t<div class=\"elementor-container elementor-column-gap-default\">\n\t\t\t\t\t\t\t<div class=\"elementor-row\">\n\t\t\t\t\t<div class=\"elementor-column elementor-col-100 elementor-top-column elementor-element elementor-element-15b7d791\" data-id=\"15b7d791\" data-element_type=\"column\">\n\t\t\t<div class=\"elementor-column-wrap elementor-element-populated\">\n\t\t\t\t\t\t\t<div class=\"elementor-widget-wrap\">\n\t\t\t\t\t\t<div class=\"elementor-element elementor-element-6f7083e6 elementor-widget elementor-widget-text-editor\" data-id=\"6f7083e6\" data-element_type=\"widget\" data-widget_type=\"text-editor.default\">\n\t\t\t\t<div class=\"elementor-widget-container\">\n\t\t\t\t\t<div class=\"elementor-text-editor elementor-clearfix\"><h3><span style=\"color: #000000;\"><strong><span style=\"color: #ff0000;\">280.000 F CFA<\/span><br \/><\/strong><\/span><\/h3><\/div>\n\t\t\t\t<\/div>\n\t\t\t\t<\/div>\n\t\t\t\t\t\t<\/div>\n\t\t\t\t\t<\/div>\n\t\t<\/div>\n\t\t\t\t\t\t\t\t<\/div>\n\t\t\t\t\t<\/div>\n\t\t<\/section>\n\t\t\t\t<section class=\"elementor-section elementor-top-section elementor-element elementor-element-1176547b elementor-section-boxed elementor-section-height-default elementor-section-height-default\" data-id=\"1176547b\" data-element_type=\"section\">\n\t\t\t\t\t\t<div class=\"elementor-container elementor-column-gap-default\">\n\t\t\t\t\t\t\t<div class=\"elementor-row\">\n\t\t\t\t\t<div class=\"elementor-column elementor-col-100 elementor-top-column elementor-element elementor-element-442f198c\" data-id=\"442f198c\" data-element_type=\"column\">\n\t\t\t<div class=\"elementor-column-wrap elementor-element-populated\">\n\t\t\t\t\t\t\t<div class=\"elementor-widget-wrap\">\n\t\t\t\t\t\t<div class=\"elementor-element elementor-element-7b7bc06b elementor-widget-divider--view-line elementor-widget elementor-widget-divider\" data-id=\"7b7bc06b\" data-element_type=\"widget\" data-widget_type=\"divider.default\">\n\t\t\t\t<div class=\"elementor-widget-container\">\n\t\t\t\t\t<div class=\"elementor-divider\">\n\t\t\t<span class=\"elementor-divider-separator\">\n\t\t\t\t\t\t<\/span>\n\t\t<\/div>\n\t\t\t\t<\/div>\n\t\t\t\t<\/div>\n\t\t\t\t\t\t<\/div>\n\t\t\t\t\t<\/div>\n\t\t<\/div>\n\t\t\t\t\t\t\t\t<\/div>\n\t\t\t\t\t<\/div>\n\t\t<\/section>\n\t\t\t\t<section class=\"elementor-section elementor-top-section elementor-element elementor-element-3470c45e elementor-section-boxed elementor-section-height-default elementor-section-height-default\" data-id=\"3470c45e\" data-element_type=\"section\">\n\t\t\t\t\t\t<div class=\"elementor-container elementor-column-gap-default\">\n\t\t\t\t\t\t\t<div class=\"elementor-row\">\n\t\t\t\t\t<div class=\"elementor-column elementor-col-100 elementor-top-column elementor-element elementor-element-7fc5c083\" data-id=\"7fc5c083\" data-element_type=\"column\">\n\t\t\t<div class=\"elementor-column-wrap elementor-element-populated\">\n\t\t\t\t\t\t\t<div class=\"elementor-widget-wrap\">\n\t\t\t\t\t\t<div class=\"elementor-element elementor-element-7b2534c5 elementor-widget elementor-widget-text-editor\" data-id=\"7b2534c5\" data-element_type=\"widget\" data-widget_type=\"text-editor.default\">\n\t\t\t\t<div class=\"elementor-widget-container\">\n\t\t\t\t\t<div class=\"elementor-text-editor elementor-clearfix\"><h1><span style=\"color: #808080;\"><strong><span style=\"color: #000000;\">ViewSonic 27&Prime; GAMING VX2718-2KPC-MHD<br \/><\/span><\/strong><\/span><\/h1><\/div>\n\t\t\t\t<\/div>\n\t\t\t\t<\/div>\n\t\t\t\t\t\t<\/div>\n\t\t\t\t\t<\/div>\n\t\t<\/div>\n\t\t\t\t\t\t\t\t<\/div>\n\t\t\t\t\t<\/div>\n\t\t<\/section>\n\t\t\t\t<section class=\"elementor-section elementor-top-section elementor-element elementor-element-4a35f0bd elementor-section-boxed elementor-section-height-default elementor-section-height-default\" data-id=\"4a35f0bd\" data-element_type=\"section\">\n\t\t\t\t\t\t<div class=\"elementor-container elementor-column-gap-default\">\n\t\t\t\t\t\t\t<div class=\"elementor-row\">\n\t\t\t\t\t<div class=\"elementor-column elementor-col-100 elementor-top-column elementor-element elementor-element-280657c3\" data-id=\"280657c3\" data-element_type=\"column\">\n\t\t\t<div class=\"elementor-column-wrap elementor-element-populated\">\n\t\t\t\t\t\t\t<div class=\"elementor-widget-wrap\">\n\t\t\t\t\t\t<div class=\"elementor-element elementor-element-591595f1 elementor-widget elementor-widget-text-editor\" data-id=\"591595f1\" data-element_type=\"widget\" data-widget_type=\"text-editor.default\">\n\t\t\t\t<div class=\"elementor-widget-container\">\n\t\t\t\t\t<div class=\"elementor-text-editor elementor-clearfix\"><h5><span style=\"color: #ffffff;\"><strong>EN SAVOIR PLUS<\/strong><\/span><\/h5><\/div>\n\t\t\t\t<\/div>\n\t\t\t\t<\/div>\n\t\t\t\t\t\t<\/div>\n\t\t\t\t\t<\/div>\n\t\t<\/div>\n\t\t\t\t\t\t\t\t<\/div>\n\t\t\t\t\t<\/div>\n\t\t<\/section>\n\t\t\t\t<section class=\"elementor-section elementor-top-section elementor-element elementor-element-29a7ecc0 elementor-section-boxed elementor-section-height-default elementor-section-height-default\" data-id=\"29a7ecc0\" data-element_type=\"section\">\n\t\t\t\t\t\t<div class=\"elementor-container elementor-column-gap-default\">\n\t\t\t\t\t\t\t<div class=\"elementor-row\">\n\t\t\t\t\t<div class=\"elementor-column elementor-col-100 elementor-top-column elementor-element elementor-element-2d16eead\" data-id=\"2d16eead\" data-element_type=\"column\">\n\t\t\t<div class=\"elementor-column-wrap elementor-element-populated\">\n\t\t\t\t\t\t\t<div class=\"elementor-widget-wrap\">\n\t\t\t\t\t\t<div class=\"elementor-element elementor-element-6eb7abc0 elementor-widget elementor-widget-text-editor\" data-id=\"6eb7abc0\" data-element_type=\"widget\" data-widget_type=\"text-editor.default\">\n\t\t\t\t<div class=\"elementor-widget-container\">\n\t\t\t\t\t<div class=\"elementor-text-editor elementor-clearfix\"><h2><span style=\"color: #000000;\"><strong><span style=\"color: #000000;\">Une exp\u00e9rience de travail immersive et unique<\/span><br \/><\/strong><\/span><\/h2><\/div>\n\t\t\t\t<\/div>\n\t\t\t\t<\/div>\n\t\t\t\t\t\t<\/div>\n\t\t\t\t\t<\/div>\n\t\t<\/div>\n\t\t\t\t\t\t\t\t<\/div>\n\t\t\t\t\t<\/div>\n\t\t<\/section>\n\t\t\t\t<section class=\"elementor-section elementor-top-section elementor-element elementor-element-6503572 elementor-section-boxed elementor-section-height-default elementor-section-height-default\" data-id=\"6503572\" data-element_type=\"section\">\n\t\t\t\t\t\t<div class=\"elementor-container elementor-column-gap-default\">\n\t\t\t\t\t\t\t<div class=\"elementor-row\">\n\t\t\t\t\t<div class=\"elementor-column elementor-col-100 elementor-top-column elementor-element elementor-element-7ca66521\" data-id=\"7ca66521\" data-element_type=\"column\">\n\t\t\t<div class=\"elementor-column-wrap elementor-element-populated\">\n\t\t\t\t\t\t\t<div class=\"elementor-widget-wrap\">\n\t\t\t\t\t\t<div class=\"elementor-element elementor-element-4151a572 elementor-widget elementor-widget-text-editor\" data-id=\"4151a572\" data-element_type=\"widget\" data-widget_type=\"text-editor.default\">\n\t\t\t\t<div class=\"elementor-widget-container\">\n\t\t\t\t\t<div class=\"elementor-text-editor elementor-clearfix\"><p><span style=\"color: #333333;\">Avec un \u00e9cran incurv\u00e9 immersif et une fr\u00e9quence de rafra\u00eechissement de 165 Hz, le ViewSonic VX2718-2KPC-MHD offre une exp\u00e9rience de visionnage \u00e9poustouflante. Le moniteur a \u00e9t\u00e9 con\u00e7u avec une dalle incurv\u00e9e de 1500R et sans bords pour une exp\u00e9rience immersive. Sa fr\u00e9quence de rafra\u00eechissement \u00e9lev\u00e9e de 165 Hz permet d&rsquo;obtenir des images fluides avec un d\u00e9calage d&rsquo;entr\u00e9e r\u00e9duit, tandis que la la technologie Adaptive Sync \u00e9limine la distorsion d&rsquo;image et les saccades, pour une exp\u00e9rience de jeu fluide. Avec un temps de r\u00e9ponse MPRT de 1 ms, le moniteur offre une qualit\u00e9 et une rapidit\u00e9 sans pr\u00e9c\u00e9dent. Le VX2718-2KPC-MHD est \u00e9galement \u00e9quip\u00e9 des pr\u00e9r\u00e9glages exclusifs ViewSonic ViewMode\u2122, qui offrent des performances d&rsquo;\u00e9cran optimis\u00e9es pour diff\u00e9rentes applications de divertissement, telles que le visionnage de films, le montage ou les jeux vid\u00e9o. De plus, l&rsquo;entr\u00e9e DisplayPort et les deux entr\u00e9es HDMI offrent une connectivit\u00e9 flexible pour une utilisation standard et pour le loisir.<\/span><\/p><\/div>\n\t\t\t\t<\/div>\n\t\t\t\t<\/div>\n\t\t\t\t\t\t<\/div>\n\t\t\t\t\t<\/div>\n\t\t<\/div>\n\t\t\t\t\t\t\t\t<\/div>\n\t\t\t\t\t<\/div>\n\t\t<\/section>\n\t\t\t\t<section class=\"elementor-section elementor-top-section elementor-element elementor-element-7563d99a elementor-section-boxed elementor-section-height-default elementor-section-height-default\" data-id=\"7563d99a\" data-element_type=\"section\">\n\t\t\t\t\t\t<div class=\"elementor-container elementor-column-gap-default\">\n\t\t\t\t\t\t\t<div class=\"elementor-row\">\n\t\t\t\t\t<div class=\"elementor-column elementor-col-100 elementor-top-column elementor-element elementor-element-26d4d03e\" data-id=\"26d4d03e\" data-element_type=\"column\">\n\t\t\t<div class=\"elementor-column-wrap elementor-element-populated\">\n\t\t\t\t\t\t\t<div class=\"elementor-widget-wrap\">\n\t\t\t\t\t\t<div class=\"elementor-element elementor-element-1f983d42 elementor-widget elementor-widget-image\" data-id=\"1f983d42\" data-element_type=\"widget\" data-widget_type=\"image.default\">\n\t\t\t\t<div class=\"elementor-widget-container\">\n\t\t\t\t\t<div class=\"elementor-image\">\n\t\t\t\t\t\t\t\t\t\t<img loading=\"lazy\" decoding=\"async\" width=\"720\" height=\"686\" src=\"https:\/\/enhakkore.net\/produits\/wp-content\/uploads\/2022\/08\/VIEWSONIC-27-GAMING-VX2718.jpg\" class=\"attachment-large size-large\" alt=\"\" srcset=\"https:\/\/enhakkore.net\/produits\/wp-content\/uploads\/2022\/08\/VIEWSONIC-27-GAMING-VX2718.jpg 960w, https:\/\/enhakkore.net\/produits\/wp-content\/uploads\/2022\/08\/VIEWSONIC-27-GAMING-VX2718-300x286.jpg 300w, https:\/\/enhakkore.net\/produits\/wp-content\/uploads\/2022\/08\/VIEWSONIC-27-GAMING-VX2718-768x732.jpg 768w\" sizes=\"auto, (max-width: 720px) 100vw, 720px\" \/>\t\t\t\t\t\t\t\t\t\t\t<\/div>\n\t\t\t\t<\/div>\n\t\t\t\t<\/div>\n\t\t\t\t\t\t<\/div>\n\t\t\t\t\t<\/div>\n\t\t<\/div>\n\t\t\t\t\t\t\t\t<\/div>\n\t\t\t\t\t<\/div>\n\t\t<\/section>\n\t\t\t\t<section class=\"elementor-section elementor-top-section elementor-element elementor-element-315282c7 elementor-section-boxed elementor-section-height-default elementor-section-height-default\" data-id=\"315282c7\" data-element_type=\"section\">\n\t\t\t\t\t\t<div class=\"elementor-container elementor-column-gap-default\">\n\t\t\t\t\t\t\t<div class=\"elementor-row\">\n\t\t\t\t\t<div class=\"elementor-column elementor-col-100 elementor-top-column elementor-element elementor-element-1f6fd34f\" data-id=\"1f6fd34f\" data-element_type=\"column\">\n\t\t\t<div class=\"elementor-column-wrap elementor-element-populated\">\n\t\t\t\t\t\t\t<div class=\"elementor-widget-wrap\">\n\t\t\t\t\t\t<div class=\"elementor-element elementor-element-133ed5dc elementor-widget elementor-widget-text-editor\" data-id=\"133ed5dc\" data-element_type=\"widget\" data-widget_type=\"text-editor.default\">\n\t\t\t\t<div class=\"elementor-widget-container\">\n\t\t\t\t\t<div class=\"elementor-text-editor elementor-clearfix\"><p><span style=\"color: #333333;\"><strong>Courbure 1500R<\/strong><\/span><\/p><p><span style=\"color: #333333;\">Avec une courbure d&rsquo;\u00e9cran de 1500R, le VX2718-2KPC-MHD offre une exp\u00e9rience de visionnage r\u00e9ellement immersive qui vous permet de profiter de vues panoramiques spectaculaires.<\/span><\/p><p><span style=\"color: #333333;\"><strong>Des actions continues dans le jeu<\/strong><\/span><\/p><p><span style=\"color: #333333;\">Avec une fr\u00e9quence de rafra\u00eechissement rapide de 165 Hz, ce moniteur offre une grande fluidit\u00e9 visuelle et des graphismes parfaits, quelle que soit la vitesse \u00e0 laquelle se d\u00e9roule l&rsquo;action dans le jeu.<\/span><\/p><p><span style=\"color: #333333;\"><strong>Des images fluides sans Ghosting<\/strong><\/span><\/p><p><span style=\"color: #333333;\">Le temps de r\u00e9ponse de 1 ms (MPRT) offre de meilleures performances avec des transitions de pixels fluides d&rsquo;une couleur \u00e0 l&rsquo;autre et une r\u00e9duction des effets de ghosting.<\/span><\/p><p><span style=\"color: #333333;\"><strong>Des d\u00e9tails clairs et pr\u00e9cis<\/strong><\/span><\/p><p><span style=\"color: #333333;\">Avec une r\u00e9solution deux fois sup\u00e9rieure \u00e0 celle d&rsquo;un \u00e9cran 1080p traditionnel, la r\u00e9solution QHD permet d&rsquo;obtenir une image plus nette, sans distorsion ni \u00e9tirement, tout en conservant le m\u00eame format 16:9.<\/span><\/p><p><span style=\"color: #333333;\"><strong>Conditions de visionnage optimale<\/strong><\/span><\/p><p><span style=\"color: #333333;\">Le ViewMode exclusif de ViewSonic offre des pr\u00e9r\u00e9glages sp\u00e9cialis\u00e9s pour s&rsquo;adapter \u00e0 diff\u00e9rents sc\u00e9narios d&rsquo;utilisation, notamment les modes Jeu, Film, Web, Texte, Mac et Mono. Ces pr\u00e9r\u00e9glages am\u00e9liorent la courbe gamma, la temp\u00e9rature des couleurs, le contraste et la luminosit\u00e9 afin d&rsquo;offrir les caract\u00e9ristiques de visualisation optimales pour chaque application.<\/span><\/p><p><span style=\"color: #333333;\"><strong>Son st\u00e9r\u00e9o<\/strong><\/span><\/p><p><span style=\"color: #333333;\">Con\u00e7u avec deux haut-parleurs int\u00e9gr\u00e9s, le VX2718-2KPC-MHD renforce son incroyable performance \u00e0 l&rsquo;\u00e9cran avec un son st\u00e9r\u00e9o pour une exp\u00e9rience multim\u00e9dia compl\u00e8te.<\/span><\/p><p><span style=\"color: #333333;\"><strong>connexion flexible<\/strong><\/span><\/p><p><span style=\"color: #333333;\">Les doubles entr\u00e9es HDMI et l&rsquo;entr\u00e9e DisplayPort permettent une large possibilit\u00e9 de compatibilit\u00e9, ce qui vous offre une meilleure flexibilit\u00e9 pour connecter vos diff\u00e9rents appareils et p\u00e9riph\u00e9riques.<\/span><\/p><p><span style=\"color: #333333;\"><strong>Confort visuel<\/strong><\/span><\/p><p><span style=\"color: #333333;\">La technologie Flicker-Free et le filtre de lumi\u00e8re bleue aident \u00e0 \u00e9liminer la fatigue oculaire due \u00e0 des p\u00e9riodes de visionnage trop longues.<\/span><\/p><p><span style=\"color: #333333;\"><strong>Faible consommation d&rsquo;\u00e9nergie\u00a0<\/strong><\/span><\/p><p><span style=\"color: #333333;\">Le VX2718-2KPC-MHD a \u00e9t\u00e9 con\u00e7u dans un souci d&rsquo;efficacit\u00e9 \u00e9nerg\u00e9tique avec le Mode Eco qui diminue la consommation \u00e9nerg\u00e9tique. Ainsi, l&#8217;empreinte carbone est plus faible et les frais g\u00e9n\u00e9raux sont r\u00e9duits.<\/span><\/p><\/div>\n\t\t\t\t<\/div>\n\t\t\t\t<\/div>\n\t\t\t\t\t\t<\/div>\n\t\t\t\t\t<\/div>\n\t\t<\/div>\n\t\t\t\t\t\t\t\t<\/div>\n\t\t\t\t\t<\/div>\n\t\t<\/section>\n\t\t\t\t<section class=\"elementor-section elementor-top-section elementor-element elementor-element-142da76e elementor-section-boxed elementor-section-height-default elementor-section-height-default\" data-id=\"142da76e\" data-element_type=\"section\">\n\t\t\t\t\t\t<div class=\"elementor-container elementor-column-gap-default\">\n\t\t\t\t\t\t\t<div class=\"elementor-row\">\n\t\t\t\t\t<div class=\"elementor-column elementor-col-100 elementor-top-column elementor-element elementor-element-6464733b\" data-id=\"6464733b\" data-element_type=\"column\">\n\t\t\t<div class=\"elementor-column-wrap elementor-element-populated\">\n\t\t\t\t\t\t\t<div class=\"elementor-widget-wrap\">\n\t\t\t\t\t\t<div class=\"elementor-element elementor-element-7b9d5a4c elementor-widget elementor-widget-text-editor\" data-id=\"7b9d5a4c\" data-element_type=\"widget\" data-widget_type=\"text-editor.default\">\n\t\t\t\t<div class=\"elementor-widget-container\">\n\t\t\t\t\t<div class=\"elementor-text-editor elementor-clearfix\"><ul><li><span style=\"color: #333333;\">Affichage<\/span><\/li><\/ul><p><span style=\"color: #333333;\"><strong>Taille de l&rsquo;\u00e9cran (pouces):\u00a0<\/strong>27<\/span><br \/><span style=\"color: #333333;\"><strong>Taille d&rsquo;affichage (pouces):\u00a0<\/strong>27<\/span><br \/><span style=\"color: #333333;\"><strong>Type de dalle:\u00a0<\/strong>Technologie VA<\/span><br \/><span style=\"color: #333333;\"><strong>R\u00e9solution:\u00a0<\/strong>2560 x 1440<\/span><br \/><span style=\"color: #333333;\"><strong>Type de r\u00e9solution:\u00a0<\/strong>QHD<\/span><br \/><span style=\"color: #333333;\"><strong>Contraste statique:\u00a0<\/strong>4,000:1 (typ)<\/span><br \/><span style=\"color: #333333;\"><strong>Contraste dynamique:\u00a0<\/strong>80M:1<\/span><br \/><span style=\"color: #333333;\"><strong>Source d\u2019\u00e9clairage:\u00a0<\/strong>LED<\/span><br \/><span style=\"color: #333333;\"><strong>Luminosit\u00e9:\u00a0<\/strong>250 cd\/m\u00b2 (typ)<\/span><br \/><span style=\"color: #333333;\"><strong>Couleurs:\u00a0<\/strong>16.7M<\/span><br \/><span style=\"color: #333333;\"><strong>Support espace couleur:\u00a0<\/strong>8 bit (6 bit + FRC)<\/span><br \/><span style=\"color: #333333;\"><strong>Format de l\u2019\u00e9cran:\u00a0<\/strong>16:9<\/span><br \/><span style=\"color: #333333;\"><strong>Temps de r\u00e9ponse (GTG standard):\u00a0<\/strong>1ms<\/span><br \/><span style=\"color: #333333;\"><strong>Angles de vision:\u00a0<\/strong>178\u00ba horizontal, 178\u00ba vertical<\/span><br \/><span style=\"color: #333333;\"><strong>Dur\u00e9e de vie du r\u00e9tro\u00e9clairage (heures):\u00a0<\/strong>30000 Hrs (Min)<\/span><br \/><span style=\"color: #333333;\"><strong>Courbe:\u00a0<\/strong>1500R<\/span><br \/><span style=\"color: #333333;\"><strong>Fr\u00e9quence de rafra\u00eechissement (Hz):\u00a0<\/strong>165<\/span><br \/><span style=\"color: #333333;\"><strong>Adaptive Sync:\u00a0<\/strong>Oui<\/span><br \/><span style=\"color: #333333;\"><strong>Filtre de lumi\u00e8re bleue:\u00a0<\/strong>Oui<\/span><br \/><span style=\"color: #333333;\"><strong>Flicker Free:\u00a0<\/strong>Oui<\/span><br \/><span style=\"color: #333333;\"><strong>Gamme de couleurs:\u00a0<\/strong>NTSC: 72% (Typ), sRGB: 102% (Typ)<\/span><br \/><span style=\"color: #333333;\"><strong>Taille de pixel:\u00a0<\/strong>0.233 mm (H) x 0.233 mm (V)<\/span><br \/><span style=\"color: #333333;\"><strong>Traitement de surface:\u00a0<\/strong>Antireflet, rev\u00eatement durci (3H)<\/span><\/p><ul><li><span style=\"color: #333333;\">Compatibilit\u00e9<\/span><\/li><\/ul><p><span style=\"color: #333333;\"><strong>R\u00e9solution PC (max):\u00a0<\/strong>2560&#215;1440<\/span><br \/><span style=\"color: #333333;\"><strong>R\u00e9solution Mac\u00ae (max):\u00a0<\/strong>2560&#215;1440<\/span><br \/><span style=\"color: #333333;\"><strong>Syst\u00e8me d\u2019exploitation pour PC:\u00a0<\/strong>Certifi\u00e9 Windows 10 ; Test\u00e9 macOS<\/span><br \/><span style=\"color: #333333;\"><strong>R\u00e9solution Mac\u00ae (minimum):\u00a0<\/strong>2560&#215;1440<\/span><\/p><ul><li><span style=\"color: #333333;\">Connecteur<\/span><\/li><\/ul><p><span style=\"color: #333333;\"><strong>Sortie audio 3,5\u00a0mm:\u00a0<\/strong>1<\/span><br \/><span style=\"color: #333333;\"><strong>HDMI 2.0:\u00a0<\/strong>2<\/span><br \/><span style=\"color: #333333;\"><strong>DisplayPort:\u00a0<\/strong>1<\/span><br \/><span style=\"color: #333333;\"><strong>Puissance d\u2019entr\u00e9e:\u00a0<\/strong>Adaptateur d&rsquo;alimentation externe<\/span><\/p><\/div>\n\t\t\t\t<\/div>\n\t\t\t\t<\/div>\n\t\t\t\t\t\t<\/div>\n\t\t\t\t\t<\/div>\n\t\t<\/div>\n\t\t\t\t\t\t\t\t<\/div>\n\t\t\t\t\t<\/div>\n\t\t<\/section>\n\t\t\t\t\t\t<\/div>\n\t\t\t\t\t\t<\/div>\n\t\t\t\t\t<\/div>\n\t\t","protected":false},"excerpt":{"rendered":"<p>280.000 F CFA ViewSonic 27&Prime; GAMING VX2718-2KPC-MHD EN SAVOIR PLUS Une exp\u00e9rience de travail immersive et unique Avec un \u00e9cran incurv\u00e9 immersif et une fr\u00e9quence de rafra\u00eechissement de 165 Hz, le ViewSonic VX2718-2KPC-MHD offre une exp\u00e9rience de visionnage \u00e9poustouflante. Le moniteur a \u00e9t\u00e9 con\u00e7u avec une dalle incurv\u00e9e de 1500R et sans bords pour une [&hellip;]<\/p>\n","protected":false},"author":2,"featured_media":0,"parent":0,"menu_order":0,"comment_status":"closed","ping_status":"closed","template":"","meta":{"footnotes":""},"class_list":["post-5185","page","type-page","status-publish","hentry","post"],"_links":{"self":[{"href":"https:\/\/enhakkore.net\/produits\/wp-json\/wp\/v2\/pages\/5185","targetHints":{"allow":["GET"]}}],"collection":[{"href":"https:\/\/enhakkore.net\/produits\/wp-json\/wp\/v2\/pages"}],"about":[{"href":"https:\/\/enhakkore.net\/produits\/wp-json\/wp\/v2\/types\/page"}],"author":[{"embeddable":true,"href":"https:\/\/enhakkore.net\/produits\/wp-json\/wp\/v2\/users\/2"}],"replies":[{"embeddable":true,"href":"https:\/\/enhakkore.net\/produits\/wp-json\/wp\/v2\/comments?post=5185"}],"version-history":[{"count":16,"href":"https:\/\/enhakkore.net\/produits\/wp-json\/wp\/v2\/pages\/5185\/revisions"}],"predecessor-version":[{"id":5205,"href":"https:\/\/enhakkore.net\/produits\/wp-json\/wp\/v2\/pages\/5185\/revisions\/5205"}],"wp:attachment":[{"href":"https:\/\/enhakkore.net\/produits\/wp-json\/wp\/v2\/media?parent=5185"}],"curies":[{"name":"wp","href":"https:\/\/api.w.org\/{rel}","templated":true}]}}