{"id":34,"date":"2021-01-21T19:47:12","date_gmt":"2021-01-21T18:47:12","guid":{"rendered":"http:\/\/enhakkore.net\/produits\/?page_id=34"},"modified":"2022-02-23T11:20:45","modified_gmt":"2022-02-23T10:20:45","slug":"serveurs-de-rendu-3d","status":"publish","type":"page","link":"https:\/\/enhakkore.net\/produits\/serveurs-de-rendu-3d\/","title":{"rendered":"SERVEURS DE RENDU 3D"},"content":{"rendered":"\t\t<div data-elementor-type=\"wp-page\" data-elementor-id=\"34\" class=\"elementor elementor-34\" data-elementor-settings=\"[]\">\n\t\t\t\t\t\t<div class=\"elementor-inner\">\n\t\t\t\t\t\t\t<div class=\"elementor-section-wrap\">\n\t\t\t\t\t\t\t<section class=\"elementor-section elementor-top-section elementor-element elementor-element-75b1fb50 elementor-section-stretched elementor-section-full_width elementor-section-height-default elementor-section-height-default\" data-id=\"75b1fb50\" data-element_type=\"section\" data-settings=\"{&quot;stretch_section&quot;:&quot;section-stretched&quot;}\">\n\t\t\t\t\t\t<div class=\"elementor-container elementor-column-gap-default\">\n\t\t\t\t\t\t\t<div class=\"elementor-row\">\n\t\t\t\t\t<div class=\"elementor-column elementor-col-100 elementor-top-column elementor-element elementor-element-58d67c0\" data-id=\"58d67c0\" data-element_type=\"column\">\n\t\t\t<div class=\"elementor-column-wrap elementor-element-populated\">\n\t\t\t\t\t\t\t<div class=\"elementor-widget-wrap\">\n\t\t\t\t\t\t<div class=\"elementor-element elementor-element-63a9706d elementor-widget elementor-widget-image\" data-id=\"63a9706d\" data-element_type=\"widget\" data-widget_type=\"image.default\">\n\t\t\t\t<div class=\"elementor-widget-container\">\n\t\t\t\t\t<div class=\"elementor-image\">\n\t\t\t\t\t\t\t\t\t\t<img loading=\"lazy\" decoding=\"async\" width=\"1946\" height=\"474\" src=\"https:\/\/enhakkore.net\/produits\/wp-content\/uploads\/2021\/01\/banniere-serveur-de-rendu.jpg\" class=\"attachment-full size-full\" alt=\"\" srcset=\"https:\/\/enhakkore.net\/produits\/wp-content\/uploads\/2021\/01\/banniere-serveur-de-rendu.jpg 1946w, https:\/\/enhakkore.net\/produits\/wp-content\/uploads\/2021\/01\/banniere-serveur-de-rendu-300x73.jpg 300w, https:\/\/enhakkore.net\/produits\/wp-content\/uploads\/2021\/01\/banniere-serveur-de-rendu-1024x249.jpg 1024w, https:\/\/enhakkore.net\/produits\/wp-content\/uploads\/2021\/01\/banniere-serveur-de-rendu-768x187.jpg 768w, https:\/\/enhakkore.net\/produits\/wp-content\/uploads\/2021\/01\/banniere-serveur-de-rendu-1536x374.jpg 1536w\" sizes=\"auto, (max-width: 1946px) 100vw, 1946px\" \/>\t\t\t\t\t\t\t\t\t\t\t<\/div>\n\t\t\t\t<\/div>\n\t\t\t\t<\/div>\n\t\t\t\t\t\t<\/div>\n\t\t\t\t\t<\/div>\n\t\t<\/div>\n\t\t\t\t\t\t\t\t<\/div>\n\t\t\t\t\t<\/div>\n\t\t<\/section>\n\t\t\t\t<section class=\"elementor-section elementor-top-section elementor-element elementor-element-13d1f35c elementor-section-stretched elementor-section-full_width elementor-section-height-default elementor-section-height-default\" data-id=\"13d1f35c\" data-element_type=\"section\" data-settings=\"{&quot;stretch_section&quot;:&quot;section-stretched&quot;}\">\n\t\t\t\t\t\t<div class=\"elementor-container elementor-column-gap-default\">\n\t\t\t\t\t\t\t<div class=\"elementor-row\">\n\t\t\t\t\t<div class=\"elementor-column elementor-col-100 elementor-top-column elementor-element elementor-element-1cf70ba2\" data-id=\"1cf70ba2\" data-element_type=\"column\">\n\t\t\t<div class=\"elementor-column-wrap elementor-element-populated\">\n\t\t\t\t\t\t\t<div class=\"elementor-widget-wrap\">\n\t\t\t\t\t\t<div class=\"elementor-element elementor-element-7860586e elementor-widget elementor-widget-image\" data-id=\"7860586e\" data-element_type=\"widget\" data-widget_type=\"image.default\">\n\t\t\t\t<div class=\"elementor-widget-container\">\n\t\t\t\t\t<div class=\"elementor-image\">\n\t\t\t\t\t\t\t\t\t\t<img loading=\"lazy\" decoding=\"async\" width=\"1920\" height=\"29\" src=\"https:\/\/enhakkore.net\/produits\/wp-content\/uploads\/2021\/01\/Bande-verte-1.jpg\" class=\"attachment-full size-full\" alt=\"\" srcset=\"https:\/\/enhakkore.net\/produits\/wp-content\/uploads\/2021\/01\/Bande-verte-1.jpg 1920w, https:\/\/enhakkore.net\/produits\/wp-content\/uploads\/2021\/01\/Bande-verte-1-300x5.jpg 300w, https:\/\/enhakkore.net\/produits\/wp-content\/uploads\/2021\/01\/Bande-verte-1-1024x15.jpg 1024w, https:\/\/enhakkore.net\/produits\/wp-content\/uploads\/2021\/01\/Bande-verte-1-768x12.jpg 768w, https:\/\/enhakkore.net\/produits\/wp-content\/uploads\/2021\/01\/Bande-verte-1-1536x23.jpg 1536w\" sizes=\"auto, (max-width: 1920px) 100vw, 1920px\" \/>\t\t\t\t\t\t\t\t\t\t\t<\/div>\n\t\t\t\t<\/div>\n\t\t\t\t<\/div>\n\t\t\t\t\t\t<\/div>\n\t\t\t\t\t<\/div>\n\t\t<\/div>\n\t\t\t\t\t\t\t\t<\/div>\n\t\t\t\t\t<\/div>\n\t\t<\/section>\n\t\t\t\t<section class=\"elementor-section elementor-top-section elementor-element elementor-element-7885f29d elementor-section-boxed elementor-section-height-default elementor-section-height-default\" data-id=\"7885f29d\" data-element_type=\"section\">\n\t\t\t\t\t\t<div class=\"elementor-container elementor-column-gap-default\">\n\t\t\t\t\t\t\t<div class=\"elementor-row\">\n\t\t\t\t\t<div class=\"elementor-column elementor-col-100 elementor-top-column elementor-element elementor-element-260a4a99\" data-id=\"260a4a99\" data-element_type=\"column\">\n\t\t\t<div class=\"elementor-column-wrap elementor-element-populated\">\n\t\t\t\t\t\t\t<div class=\"elementor-widget-wrap\">\n\t\t\t\t\t\t<div class=\"elementor-element elementor-element-74d4289e elementor-widget elementor-widget-text-editor\" data-id=\"74d4289e\" data-element_type=\"widget\" data-widget_type=\"text-editor.default\">\n\t\t\t\t<div class=\"elementor-widget-container\">\n\t\t\t\t\t<div class=\"elementor-text-editor elementor-clearfix\"><p><span style=\"color: #333333;\">Les <strong>serveurs (<\/strong><b>moteurs) de rendu 3D<\/b> sont des <a style=\"color: #333333;\" title=\"Logiciel\" href=\"https:\/\/fr.wikipedia.org\/wiki\/Logiciel\">logiciels<\/a> ou des <strong><a style=\"color: #333333;\" title=\"Carte graphique\" href=\"https:\/\/fr.wikipedia.org\/wiki\/Carte_graphique\">cartes graphiques<\/a><\/strong> <strong>sp\u00e9ciales<\/strong> (<a style=\"color: #333333;\" title=\"Mat\u00e9riel informatique\" href=\"https:\/\/fr.wikipedia.org\/wiki\/Mat%C3%A9riel_informatique\">mat\u00e9riel<\/a>) qui calculent une ou plusieurs images 3D en y restituant non seulement la projection 3D mais surtout tous les effets d&rsquo;\u00e9clairage (ombres, r\u00e9flexions, etc.).<\/span><\/p><p><span style=\"color: #333333;\">C&rsquo;est ce que l&rsquo;on appelle le <a style=\"color: #333333;\" title=\"Rendu\" href=\"https:\/\/fr.wikipedia.org\/wiki\/Rendu\">rendu<\/a>. L&rsquo;op\u00e9ration, assez complexe, d\u00e9pend du type de <strong>serveur<\/strong><strong> de rendu<\/strong>. <strong>Le serveur de rendu 3D<\/strong> analyse les \u00e9l\u00e9ments d&rsquo;une image num\u00e9ris\u00e9e (couleurs, intensit\u00e9 et type de la lumi\u00e8re, ombres et leurs combinaisons, etc), image cens\u00e9e \u00eatre vue par une \u00ab\u00a0cam\u00e9ra\u00a0\u00bb virtuelle dont les coordonn\u00e9es x y z d\u00e9terminent l&rsquo;angle de vue et la position des objets.<\/span><\/p><p><span style=\"color: #333333;\">Une pile de ces serveurs constitue une <b>ferme de rendu<\/b> (plus connue sous la d\u00e9signation anglophone de <b>Render Farm<\/b>) dont l&rsquo;objectif est de calculer le <a style=\"color: #333333;\" title=\"Rendu\" href=\"https:\/\/fr.wikipedia.org\/wiki\/Rendu\">rendu<\/a> des <a class=\"mw-redirect\" style=\"color: #333333;\" title=\"Image de synth\u00e8se\" href=\"https:\/\/fr.wikipedia.org\/wiki\/Image_de_synth%C3%A8se\">images de synth\u00e8se<\/a>, typiquement pour les <a style=\"color: #333333;\" title=\"Effets sp\u00e9ciaux\" href=\"https:\/\/fr.wikipedia.org\/wiki\/Effets_sp%C3%A9ciaux\">effets sp\u00e9ciaux<\/a> au cin\u00e9ma ou \u00e0 la t\u00e9l\u00e9vision. Le rendu d&rsquo;images est une activit\u00e9 tr\u00e8s gourmande en calcul et n\u00e9cessite l&rsquo;utilisation d&rsquo;une architecture apte au <a class=\"mw-redirect\" style=\"color: #333333;\" title=\"Calcul parall\u00e8le\" href=\"https:\/\/fr.wikipedia.org\/wiki\/Calcul_parall%C3%A8le\">calcul parall\u00e8le<\/a>, chaque image pouvant ainsi \u00eatre calcul\u00e9e ind\u00e9pendamment des autres.<\/span><\/p><p><span style=\"color: #333333;\">L&rsquo;image ci-dessous donne donc un aper\u00e7u de ce que peut faire un serveur de rendu pour les cabinets d&rsquo;architecture, les infographes 3D, les dessinateurs projeteurs, les techniciens BTP,&#8230; <\/span><\/p><\/div>\n\t\t\t\t<\/div>\n\t\t\t\t<\/div>\n\t\t\t\t\t\t<\/div>\n\t\t\t\t\t<\/div>\n\t\t<\/div>\n\t\t\t\t\t\t\t\t<\/div>\n\t\t\t\t\t<\/div>\n\t\t<\/section>\n\t\t\t\t<section class=\"elementor-section elementor-top-section elementor-element elementor-element-5329e60a elementor-section-boxed elementor-section-height-default elementor-section-height-default\" data-id=\"5329e60a\" data-element_type=\"section\">\n\t\t\t\t\t\t<div class=\"elementor-container elementor-column-gap-default\">\n\t\t\t\t\t\t\t<div class=\"elementor-row\">\n\t\t\t\t\t<div class=\"elementor-column elementor-col-100 elementor-top-column elementor-element elementor-element-1a2dc941\" data-id=\"1a2dc941\" data-element_type=\"column\">\n\t\t\t<div class=\"elementor-column-wrap elementor-element-populated\">\n\t\t\t\t\t\t\t<div class=\"elementor-widget-wrap\">\n\t\t\t\t\t\t<div class=\"elementor-element elementor-element-5f587bf0 elementor-widget elementor-widget-image\" data-id=\"5f587bf0\" data-element_type=\"widget\" data-widget_type=\"image.default\">\n\t\t\t\t<div class=\"elementor-widget-container\">\n\t\t\t\t\t<div class=\"elementor-image\">\n\t\t\t\t\t\t\t\t\t\t<img loading=\"lazy\" decoding=\"async\" width=\"1280\" height=\"720\" src=\"https:\/\/enhakkore.net\/produits\/wp-content\/uploads\/2021\/01\/maxresdefault.jpg\" class=\"attachment-full size-full\" alt=\"\" srcset=\"https:\/\/enhakkore.net\/produits\/wp-content\/uploads\/2021\/01\/maxresdefault.jpg 1280w, https:\/\/enhakkore.net\/produits\/wp-content\/uploads\/2021\/01\/maxresdefault-300x169.jpg 300w, https:\/\/enhakkore.net\/produits\/wp-content\/uploads\/2021\/01\/maxresdefault-1024x576.jpg 1024w, https:\/\/enhakkore.net\/produits\/wp-content\/uploads\/2021\/01\/maxresdefault-768x432.jpg 768w\" sizes=\"auto, (max-width: 1280px) 100vw, 1280px\" \/>\t\t\t\t\t\t\t\t\t\t\t<\/div>\n\t\t\t\t<\/div>\n\t\t\t\t<\/div>\n\t\t\t\t\t\t<\/div>\n\t\t\t\t\t<\/div>\n\t\t<\/div>\n\t\t\t\t\t\t\t\t<\/div>\n\t\t\t\t\t<\/div>\n\t\t<\/section>\n\t\t\t\t<section class=\"elementor-section elementor-top-section elementor-element elementor-element-4fcb87d3 elementor-section-boxed elementor-section-height-default elementor-section-height-default\" data-id=\"4fcb87d3\" data-element_type=\"section\">\n\t\t\t\t\t\t<div class=\"elementor-container elementor-column-gap-default\">\n\t\t\t\t\t\t\t<div class=\"elementor-row\">\n\t\t\t\t\t<div class=\"elementor-column elementor-col-100 elementor-top-column elementor-element elementor-element-6cb59e61\" data-id=\"6cb59e61\" data-element_type=\"column\">\n\t\t\t<div class=\"elementor-column-wrap elementor-element-populated\">\n\t\t\t\t\t\t\t<div class=\"elementor-widget-wrap\">\n\t\t\t\t\t\t<div class=\"elementor-element elementor-element-7364bdf1 elementor-widget elementor-widget-text-editor\" data-id=\"7364bdf1\" data-element_type=\"widget\" data-widget_type=\"text-editor.default\">\n\t\t\t\t<div class=\"elementor-widget-container\">\n\t\t\t\t\t<div class=\"elementor-text-editor elementor-clearfix\"><p><span style=\"color: #333333;\">La<strong> configuration du Serveur de rendu<\/strong> consiste \u00e0 faire le choix de ses composants dans l&rsquo;un et\/ou l&rsquo;autre des configurateurs propos\u00e9s. L&rsquo;op\u00e9ration consiste \u00e0 partir du s\u00e9lecteur de chaque rubrique \u00e0 faire le choix du mat\u00e9riel qui correspond \u00e0 votre attente pour b\u00e2tir votre <em><strong>Rendering Server<\/strong><\/em>.<em><strong><br \/><\/strong><\/em><\/span><\/p><p><span style=\"color: #333333;\">L&rsquo;<strong>onglet<\/strong> <strong>Serveur de rendu<\/strong> est compos\u00e9 de <strong>trois sous-onglets<\/strong>. L&rsquo;onglet <strong><em>Par Processeur<\/em><\/strong> qui propose un configurateur qui est orient\u00e9 <strong>Rendu par processeur (<em>CPU<\/em><\/strong> <em><strong>Central Processing Unit)<\/strong><\/em> dans la famille des processeurs Intel Bi-Xeon. Le second onglet quant \u00e0 lui affiche un configurateur avec des choix ax\u00e9s sur le <strong>Rendu par Carte Graphique<\/strong> <strong>(<em>GPU<\/em> Graphics Processing Unit) <\/strong>dans la famille <strong>NVIDIA. <\/strong><br \/><\/span><\/p><p><span style=\"color: #333333;\">Le troisi\u00e8me sous-onglet concerne la <strong>Crypto-Monnaie<\/strong>.<\/span><\/p><\/div>\n\t\t\t\t<\/div>\n\t\t\t\t<\/div>\n\t\t\t\t\t\t<\/div>\n\t\t\t\t\t<\/div>\n\t\t<\/div>\n\t\t\t\t\t\t\t\t<\/div>\n\t\t\t\t\t<\/div>\n\t\t<\/section>\n\t\t\t\t<section class=\"elementor-section elementor-top-section elementor-element elementor-element-7f32ba8d elementor-section-boxed elementor-section-height-default elementor-section-height-default\" data-id=\"7f32ba8d\" data-element_type=\"section\">\n\t\t\t\t\t\t<div class=\"elementor-container elementor-column-gap-default\">\n\t\t\t\t\t\t\t<div class=\"elementor-row\">\n\t\t\t\t\t<div class=\"elementor-column elementor-col-100 elementor-top-column elementor-element elementor-element-63244aa0\" data-id=\"63244aa0\" data-element_type=\"column\">\n\t\t\t<div class=\"elementor-column-wrap elementor-element-populated\">\n\t\t\t\t\t\t\t<div class=\"elementor-widget-wrap\">\n\t\t\t\t\t\t<div class=\"elementor-element elementor-element-719db8a0 elementor-widget-divider--view-line elementor-widget elementor-widget-divider\" data-id=\"719db8a0\" data-element_type=\"widget\" data-widget_type=\"divider.default\">\n\t\t\t\t<div class=\"elementor-widget-container\">\n\t\t\t\t\t<div class=\"elementor-divider\">\n\t\t\t<span class=\"elementor-divider-separator\">\n\t\t\t\t\t\t<\/span>\n\t\t<\/div>\n\t\t\t\t<\/div>\n\t\t\t\t<\/div>\n\t\t\t\t\t\t<\/div>\n\t\t\t\t\t<\/div>\n\t\t<\/div>\n\t\t\t\t\t\t\t\t<\/div>\n\t\t\t\t\t<\/div>\n\t\t<\/section>\n\t\t\t\t<section class=\"elementor-section elementor-top-section elementor-element elementor-element-58e6dd99 elementor-section-boxed elementor-section-height-default elementor-section-height-default\" data-id=\"58e6dd99\" data-element_type=\"section\">\n\t\t\t\t\t\t<div class=\"elementor-container elementor-column-gap-default\">\n\t\t\t\t\t\t\t<div class=\"elementor-row\">\n\t\t\t\t\t<div class=\"elementor-column elementor-col-100 elementor-top-column elementor-element elementor-element-7d61258f\" data-id=\"7d61258f\" data-element_type=\"column\">\n\t\t\t<div class=\"elementor-column-wrap elementor-element-populated\">\n\t\t\t\t\t\t\t<div class=\"elementor-widget-wrap\">\n\t\t\t\t\t\t<div class=\"elementor-element elementor-element-11966b10 elementor-widget elementor-widget-text-editor\" data-id=\"11966b10\" data-element_type=\"widget\" data-widget_type=\"text-editor.default\">\n\t\t\t\t<div class=\"elementor-widget-container\">\n\t\t\t\t\t<div class=\"elementor-text-editor elementor-clearfix\"><h6><span style=\"color: #000080;\"><strong>Configuration standard: Par Processeur<\/strong> <\/span><\/h6><\/div>\n\t\t\t\t<\/div>\n\t\t\t\t<\/div>\n\t\t\t\t\t\t<\/div>\n\t\t\t\t\t<\/div>\n\t\t<\/div>\n\t\t\t\t\t\t\t\t<\/div>\n\t\t\t\t\t<\/div>\n\t\t<\/section>\n\t\t\t\t<section class=\"elementor-section elementor-top-section elementor-element elementor-element-62d32947 elementor-section-boxed elementor-section-height-default elementor-section-height-default\" data-id=\"62d32947\" data-element_type=\"section\">\n\t\t\t\t\t\t<div class=\"elementor-container elementor-column-gap-default\">\n\t\t\t\t\t\t\t<div class=\"elementor-row\">\n\t\t\t\t\t<div class=\"elementor-column elementor-col-100 elementor-top-column elementor-element elementor-element-456cec4c\" data-id=\"456cec4c\" data-element_type=\"column\">\n\t\t\t<div class=\"elementor-column-wrap elementor-element-populated\">\n\t\t\t\t\t\t\t<div class=\"elementor-widget-wrap\">\n\t\t\t\t\t\t<div class=\"elementor-element elementor-element-5a54fb40 elementor-widget elementor-widget-image\" data-id=\"5a54fb40\" data-element_type=\"widget\" data-widget_type=\"image.default\">\n\t\t\t\t<div class=\"elementor-widget-container\">\n\t\t\t\t\t<div class=\"elementor-image\">\n\t\t\t\t\t\t\t\t\t\t\t<a href=\"\/par-processeur\">\n\t\t\t\t\t\t\t<img loading=\"lazy\" decoding=\"async\" width=\"1280\" height=\"720\" src=\"https:\/\/enhakkore.net\/produits\/wp-content\/uploads\/2021\/01\/Config-serveur-de-rendu-0.png\" class=\"attachment-full size-full\" alt=\"\" srcset=\"https:\/\/enhakkore.net\/produits\/wp-content\/uploads\/2021\/01\/Config-serveur-de-rendu-0.png 1280w, https:\/\/enhakkore.net\/produits\/wp-content\/uploads\/2021\/01\/Config-serveur-de-rendu-0-300x169.png 300w, https:\/\/enhakkore.net\/produits\/wp-content\/uploads\/2021\/01\/Config-serveur-de-rendu-0-1024x576.png 1024w, https:\/\/enhakkore.net\/produits\/wp-content\/uploads\/2021\/01\/Config-serveur-de-rendu-0-768x432.png 768w\" sizes=\"auto, (max-width: 1280px) 100vw, 1280px\" \/>\t\t\t\t\t\t\t\t<\/a>\n\t\t\t\t\t\t\t\t\t\t\t<\/div>\n\t\t\t\t<\/div>\n\t\t\t\t<\/div>\n\t\t\t\t\t\t<\/div>\n\t\t\t\t\t<\/div>\n\t\t<\/div>\n\t\t\t\t\t\t\t\t<\/div>\n\t\t\t\t\t<\/div>\n\t\t<\/section>\n\t\t\t\t<section class=\"elementor-section elementor-top-section elementor-element elementor-element-36666d1c elementor-section-boxed elementor-section-height-default elementor-section-height-default\" data-id=\"36666d1c\" data-element_type=\"section\">\n\t\t\t\t\t\t<div class=\"elementor-container elementor-column-gap-default\">\n\t\t\t\t\t\t\t<div class=\"elementor-row\">\n\t\t\t\t\t<div class=\"elementor-column elementor-col-100 elementor-top-column elementor-element elementor-element-1894e522\" data-id=\"1894e522\" data-element_type=\"column\">\n\t\t\t<div class=\"elementor-column-wrap elementor-element-populated\">\n\t\t\t\t\t\t\t<div class=\"elementor-widget-wrap\">\n\t\t\t\t\t\t<div class=\"elementor-element elementor-element-1968ee05 elementor-widget elementor-widget-text-editor\" data-id=\"1968ee05\" data-element_type=\"widget\" data-widget_type=\"text-editor.default\">\n\t\t\t\t<div class=\"elementor-widget-container\">\n\t\t\t\t\t<div class=\"elementor-text-editor elementor-clearfix\"><h6><span style=\"color: #000080;\"><strong>Configuration standard: Par Carte Graphique<\/strong><\/span><\/h6><\/div>\n\t\t\t\t<\/div>\n\t\t\t\t<\/div>\n\t\t\t\t\t\t<\/div>\n\t\t\t\t\t<\/div>\n\t\t<\/div>\n\t\t\t\t\t\t\t\t<\/div>\n\t\t\t\t\t<\/div>\n\t\t<\/section>\n\t\t\t\t<section class=\"elementor-section elementor-top-section elementor-element elementor-element-282eb101 elementor-section-boxed elementor-section-height-default elementor-section-height-default\" data-id=\"282eb101\" data-element_type=\"section\">\n\t\t\t\t\t\t<div class=\"elementor-container elementor-column-gap-default\">\n\t\t\t\t\t\t\t<div class=\"elementor-row\">\n\t\t\t\t\t<div class=\"elementor-column elementor-col-100 elementor-top-column elementor-element elementor-element-5b36d661\" data-id=\"5b36d661\" data-element_type=\"column\">\n\t\t\t<div class=\"elementor-column-wrap elementor-element-populated\">\n\t\t\t\t\t\t\t<div class=\"elementor-widget-wrap\">\n\t\t\t\t\t\t<div class=\"elementor-element elementor-element-2683ba85 elementor-widget elementor-widget-image\" data-id=\"2683ba85\" data-element_type=\"widget\" data-widget_type=\"image.default\">\n\t\t\t\t<div class=\"elementor-widget-container\">\n\t\t\t\t\t<div class=\"elementor-image\">\n\t\t\t\t\t\t\t\t\t\t\t<a href=\"\/par-carte-graphique\">\n\t\t\t\t\t\t\t<img loading=\"lazy\" decoding=\"async\" width=\"1280\" height=\"720\" src=\"https:\/\/enhakkore.net\/produits\/wp-content\/uploads\/2021\/01\/Config-serveur-de-rendu-1.png\" class=\"attachment-full size-full\" alt=\"\" srcset=\"https:\/\/enhakkore.net\/produits\/wp-content\/uploads\/2021\/01\/Config-serveur-de-rendu-1.png 1280w, https:\/\/enhakkore.net\/produits\/wp-content\/uploads\/2021\/01\/Config-serveur-de-rendu-1-300x169.png 300w, https:\/\/enhakkore.net\/produits\/wp-content\/uploads\/2021\/01\/Config-serveur-de-rendu-1-1024x576.png 1024w, https:\/\/enhakkore.net\/produits\/wp-content\/uploads\/2021\/01\/Config-serveur-de-rendu-1-768x432.png 768w\" sizes=\"auto, (max-width: 1280px) 100vw, 1280px\" \/>\t\t\t\t\t\t\t\t<\/a>\n\t\t\t\t\t\t\t\t\t\t\t<\/div>\n\t\t\t\t<\/div>\n\t\t\t\t<\/div>\n\t\t\t\t\t\t<\/div>\n\t\t\t\t\t<\/div>\n\t\t<\/div>\n\t\t\t\t\t\t\t\t<\/div>\n\t\t\t\t\t<\/div>\n\t\t<\/section>\n\t\t\t\t\t\t<\/div>\n\t\t\t\t\t\t<\/div>\n\t\t\t\t\t<\/div>\n\t\t","protected":false},"excerpt":{"rendered":"<p>Les serveurs (moteurs) de rendu 3D sont des logiciels ou des cartes graphiques sp\u00e9ciales (mat\u00e9riel) qui calculent une ou plusieurs images 3D en y restituant non seulement la projection 3D mais surtout tous les effets d&rsquo;\u00e9clairage (ombres, r\u00e9flexions, etc.). C&rsquo;est ce que l&rsquo;on appelle le rendu. L&rsquo;op\u00e9ration, assez complexe, d\u00e9pend du type de serveur de [&hellip;]<\/p>\n","protected":false},"author":1,"featured_media":0,"parent":0,"menu_order":0,"comment_status":"closed","ping_status":"closed","template":"","meta":{"footnotes":""},"class_list":["post-34","page","type-page","status-publish","hentry","post"],"_links":{"self":[{"href":"https:\/\/enhakkore.net\/produits\/wp-json\/wp\/v2\/pages\/34","targetHints":{"allow":["GET"]}}],"collection":[{"href":"https:\/\/enhakkore.net\/produits\/wp-json\/wp\/v2\/pages"}],"about":[{"href":"https:\/\/enhakkore.net\/produits\/wp-json\/wp\/v2\/types\/page"}],"author":[{"embeddable":true,"href":"https:\/\/enhakkore.net\/produits\/wp-json\/wp\/v2\/users\/1"}],"replies":[{"embeddable":true,"href":"https:\/\/enhakkore.net\/produits\/wp-json\/wp\/v2\/comments?post=34"}],"version-history":[{"count":4,"href":"https:\/\/enhakkore.net\/produits\/wp-json\/wp\/v2\/pages\/34\/revisions"}],"predecessor-version":[{"id":511,"href":"https:\/\/enhakkore.net\/produits\/wp-json\/wp\/v2\/pages\/34\/revisions\/511"}],"wp:attachment":[{"href":"https:\/\/enhakkore.net\/produits\/wp-json\/wp\/v2\/media?parent=34"}],"curies":[{"name":"wp","href":"https:\/\/api.w.org\/{rel}","templated":true}]}}