{"id":248,"date":"2021-01-22T12:57:42","date_gmt":"2021-01-22T11:57:42","guid":{"rendered":"http:\/\/enhakkore.net\/produits\/?page_id=248"},"modified":"2021-01-24T15:38:18","modified_gmt":"2021-01-24T14:38:18","slug":"moniteur-rog","status":"publish","type":"page","link":"https:\/\/enhakkore.net\/produits\/moniteur-rog\/","title":{"rendered":"Moniteur Rog"},"content":{"rendered":"\t\t<div data-elementor-type=\"wp-page\" data-elementor-id=\"248\" class=\"elementor elementor-248\" data-elementor-settings=\"[]\">\n\t\t\t\t\t\t<div class=\"elementor-inner\">\n\t\t\t\t\t\t\t<div class=\"elementor-section-wrap\">\n\t\t\t\t\t\t\t<section class=\"elementor-section elementor-top-section elementor-element elementor-element-5051e71a elementor-section-boxed elementor-section-height-default elementor-section-height-default\" data-id=\"5051e71a\" data-element_type=\"section\">\n\t\t\t\t\t\t<div class=\"elementor-container elementor-column-gap-default\">\n\t\t\t\t\t\t\t<div class=\"elementor-row\">\n\t\t\t\t\t<div class=\"elementor-column elementor-col-100 elementor-top-column elementor-element elementor-element-5d3fbc17\" data-id=\"5d3fbc17\" data-element_type=\"column\">\n\t\t\t<div class=\"elementor-column-wrap elementor-element-populated\">\n\t\t\t\t\t\t\t<div class=\"elementor-widget-wrap\">\n\t\t\t\t\t\t<div class=\"elementor-element elementor-element-12375624 elementor-widget elementor-widget-text-editor\" data-id=\"12375624\" data-element_type=\"widget\" data-widget_type=\"text-editor.default\">\n\t\t\t\t<div class=\"elementor-widget-container\">\n\t\t\t\t\t<div class=\"elementor-text-editor elementor-clearfix\"><h6><span style=\"color: #808080;\">La gamme de moniteurs ASUS con\u00e7ue pour un meilleur affichage et une nettet\u00e9 accrue des images permettant aux utilisateurs d&rsquo;appr\u00e9cier leurs travaux et de combler les attentes des meilleurs joueurs.<br \/><\/span><\/h6><\/div>\n\t\t\t\t<\/div>\n\t\t\t\t<\/div>\n\t\t\t\t\t\t<\/div>\n\t\t\t\t\t<\/div>\n\t\t<\/div>\n\t\t\t\t\t\t\t\t<\/div>\n\t\t\t\t\t<\/div>\n\t\t<\/section>\n\t\t\t\t<section class=\"elementor-section elementor-top-section elementor-element elementor-element-65cf5fe8 elementor-section-boxed elementor-section-height-default elementor-section-height-default\" data-id=\"65cf5fe8\" data-element_type=\"section\">\n\t\t\t\t\t\t<div class=\"elementor-container elementor-column-gap-default\">\n\t\t\t\t\t\t\t<div class=\"elementor-row\">\n\t\t\t\t\t<div class=\"elementor-column elementor-col-50 elementor-top-column elementor-element elementor-element-2b8ea4c8\" data-id=\"2b8ea4c8\" data-element_type=\"column\">\n\t\t\t<div class=\"elementor-column-wrap elementor-element-populated\">\n\t\t\t\t\t\t\t<div class=\"elementor-widget-wrap\">\n\t\t\t\t\t\t<div class=\"elementor-element elementor-element-770fd22f elementor-widget elementor-widget-image\" data-id=\"770fd22f\" data-element_type=\"widget\" data-widget_type=\"image.default\">\n\t\t\t\t<div class=\"elementor-widget-container\">\n\t\t\t\t\t<div class=\"elementor-image\">\n\t\t\t\t\t\t\t<figure class=\"wp-caption\">\n\t\t\t\t\t\t\t\t\t\t\t<a href=\"http:\/\/enhakkore.net\/produits\/wp-content\/uploads\/2021\/01\/ASUS-ROG-SWIFT-PG248Q-G-Syn.jpg\" data-elementor-open-lightbox=\"yes\" data-elementor-lightbox-title=\"ASUS-ROG-SWIFT-PG248Q-G-Syn.jpg\">\n\t\t\t\t\t\t\t<img loading=\"lazy\" decoding=\"async\" width=\"150\" height=\"150\" src=\"https:\/\/enhakkore.net\/produits\/wp-content\/uploads\/2021\/01\/ASUS-ROG-SWIFT-PG248Q-G-Syn-150x150.jpg\" class=\"attachment-thumbnail size-thumbnail\" alt=\"\" srcset=\"https:\/\/enhakkore.net\/produits\/wp-content\/uploads\/2021\/01\/ASUS-ROG-SWIFT-PG248Q-G-Syn-150x150.jpg 150w, https:\/\/enhakkore.net\/produits\/wp-content\/uploads\/2021\/01\/ASUS-ROG-SWIFT-PG248Q-G-Syn-300x300.jpg 300w, https:\/\/enhakkore.net\/produits\/wp-content\/uploads\/2021\/01\/ASUS-ROG-SWIFT-PG248Q-G-Syn-1024x1024.jpg 1024w, https:\/\/enhakkore.net\/produits\/wp-content\/uploads\/2021\/01\/ASUS-ROG-SWIFT-PG248Q-G-Syn-768x768.jpg 768w, https:\/\/enhakkore.net\/produits\/wp-content\/uploads\/2021\/01\/ASUS-ROG-SWIFT-PG248Q-G-Syn.jpg 1500w\" sizes=\"auto, (max-width: 150px) 100vw, 150px\" \/>\t\t\t\t\t\t\t\t<\/a>\n\t\t\t\t\t\t\t\t\t\t\t<figcaption class=\"widget-image-caption wp-caption-text\">ASUS ROG Swift PG248Q G-Sync<\/figcaption>\n\t\t\t\t\t\t\t\t\t\t<\/figure>\n\t\t\t\t\t<\/div>\n\t\t\t\t<\/div>\n\t\t\t\t<\/div>\n\t\t\t\t\t\t<\/div>\n\t\t\t\t\t<\/div>\n\t\t<\/div>\n\t\t\t\t<div class=\"elementor-column elementor-col-50 elementor-top-column elementor-element elementor-element-273b23dc\" data-id=\"273b23dc\" data-element_type=\"column\">\n\t\t\t<div class=\"elementor-column-wrap elementor-element-populated\">\n\t\t\t\t\t\t\t<div class=\"elementor-widget-wrap\">\n\t\t\t\t\t\t<div class=\"elementor-element elementor-element-dc04b2 elementor-button-info elementor-align-center elementor-widget elementor-widget-button\" data-id=\"dc04b2\" data-element_type=\"widget\" data-widget_type=\"button.default\">\n\t\t\t\t<div class=\"elementor-widget-container\">\n\t\t\t\t\t<div class=\"elementor-button-wrapper\">\n\t\t\t<a href=\"\/asus-rog-swift-pg248q-g-sync\" class=\"elementor-button-link elementor-button elementor-size-xs\" role=\"button\">\n\t\t\t\t\t\t<span class=\"elementor-button-content-wrapper\">\n\t\t\t\t\t\t<span class=\"elementor-button-icon elementor-align-icon-right\">\n\t\t\t\t\t\t\t\t\t<i class=\"fa fa-desktop\" aria-hidden=\"true\"><\/i>\n\t\t\t\t\t\t\t<\/span>\n\t\t\t\t\t\t<span class=\"elementor-button-text\">Voir le produit<\/span>\n\t\t<\/span>\n\t\t\t\t\t<\/a>\n\t\t<\/div>\n\t\t\t\t<\/div>\n\t\t\t\t<\/div>\n\t\t\t\t\t\t<\/div>\n\t\t\t\t\t<\/div>\n\t\t<\/div>\n\t\t\t\t\t\t\t\t<\/div>\n\t\t\t\t\t<\/div>\n\t\t<\/section>\n\t\t\t\t<section class=\"elementor-section elementor-top-section elementor-element elementor-element-41b5f6bc elementor-section-boxed elementor-section-height-default elementor-section-height-default\" data-id=\"41b5f6bc\" data-element_type=\"section\">\n\t\t\t\t\t\t<div class=\"elementor-container elementor-column-gap-default\">\n\t\t\t\t\t\t\t<div class=\"elementor-row\">\n\t\t\t\t\t<div class=\"elementor-column elementor-col-50 elementor-top-column elementor-element elementor-element-dd0042d\" data-id=\"dd0042d\" data-element_type=\"column\">\n\t\t\t<div class=\"elementor-column-wrap elementor-element-populated\">\n\t\t\t\t\t\t\t<div class=\"elementor-widget-wrap\">\n\t\t\t\t\t\t<div class=\"elementor-element elementor-element-7ebea854 elementor-widget elementor-widget-image\" data-id=\"7ebea854\" data-element_type=\"widget\" data-widget_type=\"image.default\">\n\t\t\t\t<div class=\"elementor-widget-container\">\n\t\t\t\t\t<div class=\"elementor-image\">\n\t\t\t\t\t\t\t<figure class=\"wp-caption\">\n\t\t\t\t\t\t\t\t\t\t\t<a href=\"http:\/\/enhakkore.net\/produits\/wp-content\/uploads\/2021\/01\/ASUS-ROG-SWIFT-PG258Q-G-Syn-edition-25.jpg\" data-elementor-open-lightbox=\"yes\" data-elementor-lightbox-title=\"ASUS-ROG-SWIFT-PG258Q-G-Syn-edition-25.jpg\">\n\t\t\t\t\t\t\t<img loading=\"lazy\" decoding=\"async\" width=\"150\" height=\"150\" src=\"https:\/\/enhakkore.net\/produits\/wp-content\/uploads\/2021\/01\/ASUS-ROG-SWIFT-PG258Q-G-Syn-edition-25-150x150.jpg\" class=\"attachment-thumbnail size-thumbnail\" alt=\"\" srcset=\"https:\/\/enhakkore.net\/produits\/wp-content\/uploads\/2021\/01\/ASUS-ROG-SWIFT-PG258Q-G-Syn-edition-25-150x150.jpg 150w, https:\/\/enhakkore.net\/produits\/wp-content\/uploads\/2021\/01\/ASUS-ROG-SWIFT-PG258Q-G-Syn-edition-25-300x300.jpg 300w, https:\/\/enhakkore.net\/produits\/wp-content\/uploads\/2021\/01\/ASUS-ROG-SWIFT-PG258Q-G-Syn-edition-25-1024x1024.jpg 1024w, https:\/\/enhakkore.net\/produits\/wp-content\/uploads\/2021\/01\/ASUS-ROG-SWIFT-PG258Q-G-Syn-edition-25-768x768.jpg 768w, https:\/\/enhakkore.net\/produits\/wp-content\/uploads\/2021\/01\/ASUS-ROG-SWIFT-PG258Q-G-Syn-edition-25.jpg 1500w\" sizes=\"auto, (max-width: 150px) 100vw, 150px\" \/>\t\t\t\t\t\t\t\t<\/a>\n\t\t\t\t\t\t\t\t\t\t\t<figcaption class=\"widget-image-caption wp-caption-text\">ASUS ROG SWIFT PG258Q g6sYNC EDITION 25\"<\/figcaption>\n\t\t\t\t\t\t\t\t\t\t<\/figure>\n\t\t\t\t\t<\/div>\n\t\t\t\t<\/div>\n\t\t\t\t<\/div>\n\t\t\t\t\t\t<\/div>\n\t\t\t\t\t<\/div>\n\t\t<\/div>\n\t\t\t\t<div class=\"elementor-column elementor-col-50 elementor-top-column elementor-element elementor-element-4f8afafe\" data-id=\"4f8afafe\" data-element_type=\"column\">\n\t\t\t<div class=\"elementor-column-wrap elementor-element-populated\">\n\t\t\t\t\t\t\t<div class=\"elementor-widget-wrap\">\n\t\t\t\t\t\t<div class=\"elementor-element elementor-element-3c0aff47 elementor-button-info elementor-align-center elementor-widget elementor-widget-button\" data-id=\"3c0aff47\" data-element_type=\"widget\" data-widget_type=\"button.default\">\n\t\t\t\t<div class=\"elementor-widget-container\">\n\t\t\t\t\t<div class=\"elementor-button-wrapper\">\n\t\t\t<a href=\"\/asus-rog-swift-pg258q-g-sync-edition-25\" class=\"elementor-button-link elementor-button elementor-size-xs\" role=\"button\">\n\t\t\t\t\t\t<span class=\"elementor-button-content-wrapper\">\n\t\t\t\t\t\t<span class=\"elementor-button-icon elementor-align-icon-right\">\n\t\t\t\t\t\t\t\t\t<i class=\"fa fa-desktop\" aria-hidden=\"true\"><\/i>\n\t\t\t\t\t\t\t<\/span>\n\t\t\t\t\t\t<span class=\"elementor-button-text\">Voir le produit<\/span>\n\t\t<\/span>\n\t\t\t\t\t<\/a>\n\t\t<\/div>\n\t\t\t\t<\/div>\n\t\t\t\t<\/div>\n\t\t\t\t\t\t<\/div>\n\t\t\t\t\t<\/div>\n\t\t<\/div>\n\t\t\t\t\t\t\t\t<\/div>\n\t\t\t\t\t<\/div>\n\t\t<\/section>\n\t\t\t\t<section class=\"elementor-section elementor-top-section elementor-element elementor-element-6f72f0a0 elementor-section-boxed elementor-section-height-default elementor-section-height-default\" data-id=\"6f72f0a0\" data-element_type=\"section\">\n\t\t\t\t\t\t<div class=\"elementor-container elementor-column-gap-default\">\n\t\t\t\t\t\t\t<div class=\"elementor-row\">\n\t\t\t\t\t<div class=\"elementor-column elementor-col-50 elementor-top-column elementor-element elementor-element-5dca059a\" data-id=\"5dca059a\" data-element_type=\"column\">\n\t\t\t<div class=\"elementor-column-wrap elementor-element-populated\">\n\t\t\t\t\t\t\t<div class=\"elementor-widget-wrap\">\n\t\t\t\t\t\t<div class=\"elementor-element elementor-element-28d5054f elementor-widget elementor-widget-image\" data-id=\"28d5054f\" data-element_type=\"widget\" data-widget_type=\"image.default\">\n\t\t\t\t<div class=\"elementor-widget-container\">\n\t\t\t\t\t<div class=\"elementor-image\">\n\t\t\t\t\t\t\t<figure class=\"wp-caption\">\n\t\t\t\t\t\t\t\t\t\t\t<a href=\"http:\/\/enhakkore.net\/produits\/wp-content\/uploads\/2021\/01\/ASUS-ROG-SWIFT-PG348Q-G-Syn-edition-34.jpg\" data-elementor-open-lightbox=\"yes\" data-elementor-lightbox-title=\"ASUS-ROG-SWIFT-PG348Q-G-Syn-edition-34.jpg\">\n\t\t\t\t\t\t\t<img loading=\"lazy\" decoding=\"async\" width=\"150\" height=\"150\" src=\"https:\/\/enhakkore.net\/produits\/wp-content\/uploads\/2021\/01\/ASUS-ROG-SWIFT-PG348Q-G-Syn-edition-34-150x150.jpg\" class=\"attachment-thumbnail size-thumbnail\" alt=\"\" srcset=\"https:\/\/enhakkore.net\/produits\/wp-content\/uploads\/2021\/01\/ASUS-ROG-SWIFT-PG348Q-G-Syn-edition-34-150x150.jpg 150w, https:\/\/enhakkore.net\/produits\/wp-content\/uploads\/2021\/01\/ASUS-ROG-SWIFT-PG348Q-G-Syn-edition-34-300x300.jpg 300w, https:\/\/enhakkore.net\/produits\/wp-content\/uploads\/2021\/01\/ASUS-ROG-SWIFT-PG348Q-G-Syn-edition-34-1024x1024.jpg 1024w, https:\/\/enhakkore.net\/produits\/wp-content\/uploads\/2021\/01\/ASUS-ROG-SWIFT-PG348Q-G-Syn-edition-34-768x768.jpg 768w, https:\/\/enhakkore.net\/produits\/wp-content\/uploads\/2021\/01\/ASUS-ROG-SWIFT-PG348Q-G-Syn-edition-34.jpg 1500w\" sizes=\"auto, (max-width: 150px) 100vw, 150px\" \/>\t\t\t\t\t\t\t\t<\/a>\n\t\t\t\t\t\t\t\t\t\t\t<figcaption class=\"widget-image-caption wp-caption-text\">ASUS ROG SWIFT PG348Q G-SYNC EDITION 34\"<\/figcaption>\n\t\t\t\t\t\t\t\t\t\t<\/figure>\n\t\t\t\t\t<\/div>\n\t\t\t\t<\/div>\n\t\t\t\t<\/div>\n\t\t\t\t\t\t<\/div>\n\t\t\t\t\t<\/div>\n\t\t<\/div>\n\t\t\t\t<div class=\"elementor-column elementor-col-50 elementor-top-column elementor-element elementor-element-63ac7737\" data-id=\"63ac7737\" data-element_type=\"column\">\n\t\t\t<div class=\"elementor-column-wrap elementor-element-populated\">\n\t\t\t\t\t\t\t<div class=\"elementor-widget-wrap\">\n\t\t\t\t\t\t<div class=\"elementor-element elementor-element-7e505691 elementor-button-info elementor-align-center elementor-widget elementor-widget-button\" data-id=\"7e505691\" data-element_type=\"widget\" data-widget_type=\"button.default\">\n\t\t\t\t<div class=\"elementor-widget-container\">\n\t\t\t\t\t<div class=\"elementor-button-wrapper\">\n\t\t\t<a href=\"\/asus-rog-swift-pg348q-g-sync-edition-34\" class=\"elementor-button-link elementor-button elementor-size-xs\" role=\"button\">\n\t\t\t\t\t\t<span class=\"elementor-button-content-wrapper\">\n\t\t\t\t\t\t<span class=\"elementor-button-icon elementor-align-icon-right\">\n\t\t\t\t\t\t\t\t\t<i class=\"fa fa-desktop\" aria-hidden=\"true\"><\/i>\n\t\t\t\t\t\t\t<\/span>\n\t\t\t\t\t\t<span class=\"elementor-button-text\">Voir le produit<\/span>\n\t\t<\/span>\n\t\t\t\t\t<\/a>\n\t\t<\/div>\n\t\t\t\t<\/div>\n\t\t\t\t<\/div>\n\t\t\t\t\t\t<\/div>\n\t\t\t\t\t<\/div>\n\t\t<\/div>\n\t\t\t\t\t\t\t\t<\/div>\n\t\t\t\t\t<\/div>\n\t\t<\/section>\n\t\t\t\t\t\t<\/div>\n\t\t\t\t\t\t<\/div>\n\t\t\t\t\t<\/div>\n\t\t","protected":false},"excerpt":{"rendered":"<p>La gamme de moniteurs ASUS con\u00e7ue pour un meilleur affichage et une nettet\u00e9 accrue des images permettant aux utilisateurs d&rsquo;appr\u00e9cier leurs travaux et de combler les attentes des meilleurs joueurs. ASUS ROG Swift PG248Q G-Sync Voir le produit ASUS ROG SWIFT PG258Q g6sYNC EDITION 25&Prime; Voir le produit ASUS ROG SWIFT PG348Q G-SYNC EDITION 34&Prime; [&hellip;]<\/p>\n","protected":false},"author":2,"featured_media":0,"parent":0,"menu_order":0,"comment_status":"closed","ping_status":"closed","template":"","meta":{"footnotes":""},"class_list":["post-248","page","type-page","status-publish","hentry","post"],"_links":{"self":[{"href":"https:\/\/enhakkore.net\/produits\/wp-json\/wp\/v2\/pages\/248","targetHints":{"allow":["GET"]}}],"collection":[{"href":"https:\/\/enhakkore.net\/produits\/wp-json\/wp\/v2\/pages"}],"about":[{"href":"https:\/\/enhakkore.net\/produits\/wp-json\/wp\/v2\/types\/page"}],"author":[{"embeddable":true,"href":"https:\/\/enhakkore.net\/produits\/wp-json\/wp\/v2\/users\/2"}],"replies":[{"embeddable":true,"href":"https:\/\/enhakkore.net\/produits\/wp-json\/wp\/v2\/comments?post=248"}],"version-history":[{"count":4,"href":"https:\/\/enhakkore.net\/produits\/wp-json\/wp\/v2\/pages\/248\/revisions"}],"predecessor-version":[{"id":486,"href":"https:\/\/enhakkore.net\/produits\/wp-json\/wp\/v2\/pages\/248\/revisions\/486"}],"wp:attachment":[{"href":"https:\/\/enhakkore.net\/produits\/wp-json\/wp\/v2\/media?parent=248"}],"curies":[{"name":"wp","href":"https:\/\/api.w.org\/{rel}","templated":true}]}}