{"id":2154,"date":"2022-02-11T14:04:52","date_gmt":"2022-02-11T13:04:52","guid":{"rendered":"https:\/\/enhakkore.net\/produits\/?page_id=2154"},"modified":"2022-02-11T14:17:17","modified_gmt":"2022-02-11T13:17:17","slug":"usb-hub-3-0-4ports","status":"publish","type":"page","link":"https:\/\/enhakkore.net\/produits\/usb-hub-3-0-4ports\/","title":{"rendered":"USB HUB 3.0 4PORTS"},"content":{"rendered":"\t\t<div data-elementor-type=\"wp-page\" data-elementor-id=\"2154\" class=\"elementor elementor-2154\" data-elementor-settings=\"[]\">\n\t\t\t\t\t\t<div class=\"elementor-inner\">\n\t\t\t\t\t\t\t<div class=\"elementor-section-wrap\">\n\t\t\t\t\t\t\t<section class=\"elementor-section elementor-top-section elementor-element elementor-element-4e82df5a elementor-section-boxed elementor-section-height-default elementor-section-height-default\" data-id=\"4e82df5a\" data-element_type=\"section\">\n\t\t\t\t\t\t<div class=\"elementor-container elementor-column-gap-default\">\n\t\t\t\t\t\t\t<div class=\"elementor-row\">\n\t\t\t\t\t<div class=\"elementor-column elementor-col-100 elementor-top-column elementor-element elementor-element-368c04d3\" data-id=\"368c04d3\" data-element_type=\"column\">\n\t\t\t<div class=\"elementor-column-wrap elementor-element-populated\">\n\t\t\t\t\t\t\t<div class=\"elementor-widget-wrap\">\n\t\t\t\t\t\t<div class=\"elementor-element elementor-element-1f4ce628 elementor-widget elementor-widget-image\" data-id=\"1f4ce628\" data-element_type=\"widget\" data-widget_type=\"image.default\">\n\t\t\t\t<div class=\"elementor-widget-container\">\n\t\t\t\t\t<div class=\"elementor-image\">\n\t\t\t\t\t\t\t\t\t\t\t<a href=\"https:\/\/enhakkore.net\/produits\/wp-content\/uploads\/2022\/02\/USB-HUB-3.0-4-PORTS.jpg\" data-elementor-open-lightbox=\"yes\" data-elementor-lightbox-title=\"USB HUB 3.0 4 PORTS\">\n\t\t\t\t\t\t\t<img loading=\"lazy\" decoding=\"async\" width=\"300\" height=\"225\" src=\"https:\/\/enhakkore.net\/produits\/wp-content\/uploads\/2022\/02\/USB-HUB-3.0-4-PORTS-300x225.jpg\" class=\"attachment-medium size-medium\" alt=\"\" srcset=\"https:\/\/enhakkore.net\/produits\/wp-content\/uploads\/2022\/02\/USB-HUB-3.0-4-PORTS-300x225.jpg 300w, https:\/\/enhakkore.net\/produits\/wp-content\/uploads\/2022\/02\/USB-HUB-3.0-4-PORTS-768x576.jpg 768w, https:\/\/enhakkore.net\/produits\/wp-content\/uploads\/2022\/02\/USB-HUB-3.0-4-PORTS.jpg 1000w\" sizes=\"auto, (max-width: 300px) 100vw, 300px\" \/>\t\t\t\t\t\t\t\t<\/a>\n\t\t\t\t\t\t\t\t\t\t\t<\/div>\n\t\t\t\t<\/div>\n\t\t\t\t<\/div>\n\t\t\t\t\t\t<\/div>\n\t\t\t\t\t<\/div>\n\t\t<\/div>\n\t\t\t\t\t\t\t\t<\/div>\n\t\t\t\t\t<\/div>\n\t\t<\/section>\n\t\t\t\t<section class=\"elementor-section elementor-top-section elementor-element elementor-element-c6c2a26 elementor-section-boxed elementor-section-height-default elementor-section-height-default\" data-id=\"c6c2a26\" data-element_type=\"section\">\n\t\t\t\t\t\t<div class=\"elementor-container elementor-column-gap-default\">\n\t\t\t\t\t\t\t<div class=\"elementor-row\">\n\t\t\t\t\t<div class=\"elementor-column elementor-col-100 elementor-top-column elementor-element elementor-element-18b21dd9\" data-id=\"18b21dd9\" data-element_type=\"column\">\n\t\t\t<div class=\"elementor-column-wrap elementor-element-populated\">\n\t\t\t\t\t\t\t<div class=\"elementor-widget-wrap\">\n\t\t\t\t\t\t<div class=\"elementor-element elementor-element-2232ed18 elementor-widget-divider--view-line elementor-widget elementor-widget-divider\" data-id=\"2232ed18\" data-element_type=\"widget\" data-widget_type=\"divider.default\">\n\t\t\t\t<div class=\"elementor-widget-container\">\n\t\t\t\t\t<div class=\"elementor-divider\">\n\t\t\t<span class=\"elementor-divider-separator\">\n\t\t\t\t\t\t<\/span>\n\t\t<\/div>\n\t\t\t\t<\/div>\n\t\t\t\t<\/div>\n\t\t\t\t\t\t<\/div>\n\t\t\t\t\t<\/div>\n\t\t<\/div>\n\t\t\t\t\t\t\t\t<\/div>\n\t\t\t\t\t<\/div>\n\t\t<\/section>\n\t\t\t\t<section class=\"elementor-section elementor-top-section elementor-element elementor-element-7d81105d elementor-section-boxed elementor-section-height-default elementor-section-height-default\" data-id=\"7d81105d\" data-element_type=\"section\">\n\t\t\t\t\t\t<div class=\"elementor-container elementor-column-gap-default\">\n\t\t\t\t\t\t\t<div class=\"elementor-row\">\n\t\t\t\t\t<div class=\"elementor-column elementor-col-100 elementor-top-column elementor-element elementor-element-4558ad77\" data-id=\"4558ad77\" data-element_type=\"column\">\n\t\t\t<div class=\"elementor-column-wrap elementor-element-populated\">\n\t\t\t\t\t\t\t<div class=\"elementor-widget-wrap\">\n\t\t\t\t\t\t<div class=\"elementor-element elementor-element-558a9230 elementor-widget elementor-widget-text-editor\" data-id=\"558a9230\" data-element_type=\"widget\" data-widget_type=\"text-editor.default\">\n\t\t\t\t<div class=\"elementor-widget-container\">\n\t\t\t\t\t<div class=\"elementor-text-editor elementor-clearfix\"><h3><span style=\"color: #000000;\"><strong><span style=\"color: #ff0000;\"><em>\u00a0\u00bb Nous contacter \u00ab\u00a0<\/em><\/span><br \/><\/strong><\/span><\/h3><\/div>\n\t\t\t\t<\/div>\n\t\t\t\t<\/div>\n\t\t\t\t\t\t<\/div>\n\t\t\t\t\t<\/div>\n\t\t<\/div>\n\t\t\t\t\t\t\t\t<\/div>\n\t\t\t\t\t<\/div>\n\t\t<\/section>\n\t\t\t\t<section class=\"elementor-section elementor-top-section elementor-element elementor-element-6d12c44c elementor-section-boxed elementor-section-height-default elementor-section-height-default\" data-id=\"6d12c44c\" data-element_type=\"section\">\n\t\t\t\t\t\t<div class=\"elementor-container elementor-column-gap-default\">\n\t\t\t\t\t\t\t<div class=\"elementor-row\">\n\t\t\t\t\t<div class=\"elementor-column elementor-col-100 elementor-top-column elementor-element elementor-element-2a67bc22\" data-id=\"2a67bc22\" data-element_type=\"column\">\n\t\t\t<div class=\"elementor-column-wrap elementor-element-populated\">\n\t\t\t\t\t\t\t<div class=\"elementor-widget-wrap\">\n\t\t\t\t\t\t<div class=\"elementor-element elementor-element-2ed12e8c elementor-widget-divider--view-line elementor-widget elementor-widget-divider\" data-id=\"2ed12e8c\" data-element_type=\"widget\" data-widget_type=\"divider.default\">\n\t\t\t\t<div class=\"elementor-widget-container\">\n\t\t\t\t\t<div class=\"elementor-divider\">\n\t\t\t<span class=\"elementor-divider-separator\">\n\t\t\t\t\t\t<\/span>\n\t\t<\/div>\n\t\t\t\t<\/div>\n\t\t\t\t<\/div>\n\t\t\t\t\t\t<\/div>\n\t\t\t\t\t<\/div>\n\t\t<\/div>\n\t\t\t\t\t\t\t\t<\/div>\n\t\t\t\t\t<\/div>\n\t\t<\/section>\n\t\t\t\t<section class=\"elementor-section elementor-top-section elementor-element elementor-element-4871f9e3 elementor-section-boxed elementor-section-height-default elementor-section-height-default\" data-id=\"4871f9e3\" data-element_type=\"section\">\n\t\t\t\t\t\t<div class=\"elementor-container elementor-column-gap-default\">\n\t\t\t\t\t\t\t<div class=\"elementor-row\">\n\t\t\t\t\t<div class=\"elementor-column elementor-col-100 elementor-top-column elementor-element elementor-element-45efec1e\" data-id=\"45efec1e\" data-element_type=\"column\">\n\t\t\t<div class=\"elementor-column-wrap elementor-element-populated\">\n\t\t\t\t\t\t\t<div class=\"elementor-widget-wrap\">\n\t\t\t\t\t\t<div class=\"elementor-element elementor-element-2bdbe08 elementor-widget elementor-widget-text-editor\" data-id=\"2bdbe08\" data-element_type=\"widget\" data-widget_type=\"text-editor.default\">\n\t\t\t\t<div class=\"elementor-widget-container\">\n\t\t\t\t\t<div class=\"elementor-text-editor elementor-clearfix\"><h1 class=\"title-1\"><span style=\"color: #000000;\"><strong>USB HUB 3.0 4PORTS<br \/><\/strong><\/span><\/h1><\/div>\n\t\t\t\t<\/div>\n\t\t\t\t<\/div>\n\t\t\t\t\t\t<\/div>\n\t\t\t\t\t<\/div>\n\t\t<\/div>\n\t\t\t\t\t\t\t\t<\/div>\n\t\t\t\t\t<\/div>\n\t\t<\/section>\n\t\t\t\t<section class=\"elementor-section elementor-top-section elementor-element elementor-element-77a4dea8 elementor-section-boxed elementor-section-height-default elementor-section-height-default\" data-id=\"77a4dea8\" data-element_type=\"section\">\n\t\t\t\t\t\t<div class=\"elementor-container elementor-column-gap-default\">\n\t\t\t\t\t\t\t<div class=\"elementor-row\">\n\t\t\t\t\t<div class=\"elementor-column elementor-col-100 elementor-top-column elementor-element elementor-element-3cd490ac\" data-id=\"3cd490ac\" data-element_type=\"column\">\n\t\t\t<div class=\"elementor-column-wrap elementor-element-populated\">\n\t\t\t\t\t\t\t<div class=\"elementor-widget-wrap\">\n\t\t\t\t\t\t<div class=\"elementor-element elementor-element-d7b181d elementor-widget elementor-widget-text-editor\" data-id=\"d7b181d\" data-element_type=\"widget\" data-widget_type=\"text-editor.default\">\n\t\t\t\t<div class=\"elementor-widget-container\">\n\t\t\t\t\t<div class=\"elementor-text-editor elementor-clearfix\"><h5><span style=\"color: #ffffff;\"><strong>EN SAVOIR PLUS<\/strong><\/span><\/h5><\/div>\n\t\t\t\t<\/div>\n\t\t\t\t<\/div>\n\t\t\t\t\t\t<\/div>\n\t\t\t\t\t<\/div>\n\t\t<\/div>\n\t\t\t\t\t\t\t\t<\/div>\n\t\t\t\t\t<\/div>\n\t\t<\/section>\n\t\t\t\t<section class=\"elementor-section elementor-top-section elementor-element elementor-element-4a93d008 elementor-section-boxed elementor-section-height-default elementor-section-height-default\" data-id=\"4a93d008\" data-element_type=\"section\">\n\t\t\t\t\t\t<div class=\"elementor-container elementor-column-gap-default\">\n\t\t\t\t\t\t\t<div class=\"elementor-row\">\n\t\t\t\t\t<div class=\"elementor-column elementor-col-100 elementor-top-column elementor-element elementor-element-54481dee\" data-id=\"54481dee\" data-element_type=\"column\">\n\t\t\t<div class=\"elementor-column-wrap elementor-element-populated\">\n\t\t\t\t\t\t\t<div class=\"elementor-widget-wrap\">\n\t\t\t\t\t\t<div class=\"elementor-element elementor-element-462360c4 elementor-widget elementor-widget-text-editor\" data-id=\"462360c4\" data-element_type=\"widget\" data-widget_type=\"text-editor.default\">\n\t\t\t\t<div class=\"elementor-widget-container\">\n\t\t\t\t\t<div class=\"elementor-text-editor elementor-clearfix\"><h2><span style=\"color: #000000;\"><strong><span style=\"color: #000000;\">Travailler dans les meilleures conditions<\/span><br \/><\/strong><\/span><\/h2><\/div>\n\t\t\t\t<\/div>\n\t\t\t\t<\/div>\n\t\t\t\t\t\t<\/div>\n\t\t\t\t\t<\/div>\n\t\t<\/div>\n\t\t\t\t\t\t\t\t<\/div>\n\t\t\t\t\t<\/div>\n\t\t<\/section>\n\t\t\t\t<section class=\"elementor-section elementor-top-section elementor-element elementor-element-1cad8f8e elementor-section-boxed elementor-section-height-default elementor-section-height-default\" data-id=\"1cad8f8e\" data-element_type=\"section\">\n\t\t\t\t\t\t<div class=\"elementor-container elementor-column-gap-default\">\n\t\t\t\t\t\t\t<div class=\"elementor-row\">\n\t\t\t\t\t<div class=\"elementor-column elementor-col-100 elementor-top-column elementor-element elementor-element-be0b1ce\" data-id=\"be0b1ce\" data-element_type=\"column\">\n\t\t\t<div class=\"elementor-column-wrap elementor-element-populated\">\n\t\t\t\t\t\t\t<div class=\"elementor-widget-wrap\">\n\t\t\t\t\t\t<div class=\"elementor-element elementor-element-41e93ad elementor-widget elementor-widget-text-editor\" data-id=\"41e93ad\" data-element_type=\"widget\" data-widget_type=\"text-editor.default\">\n\t\t\t\t<div class=\"elementor-widget-container\">\n\t\t\t\t\t<div class=\"elementor-text-editor elementor-clearfix\"><div><span style=\"color: #333333;\">Ce hub 4 ports USB 3.0 vous permet d&rsquo;ajouter facilement plusieurs ports USB 3.0 suppl\u00e9mentaires \u00e0 votre ordinateur. Il vous permet de connecter jusqu&rsquo;\u00e0 4 p\u00e9riph\u00e9riques USB 3.0 et offre une compatibilit\u00e9 avec les normes USB 2.0 et USB 1.1. Compact et simple d&rsquo;utilisation avec son syst\u00e8me Plug &amp; Play, avec alimentation secteur<strong>\u00a0<\/strong>vous simplifie la vie.<br \/><\/span><\/div><\/div>\n\t\t\t\t<\/div>\n\t\t\t\t<\/div>\n\t\t\t\t\t\t<\/div>\n\t\t\t\t\t<\/div>\n\t\t<\/div>\n\t\t\t\t\t\t\t\t<\/div>\n\t\t\t\t\t<\/div>\n\t\t<\/section>\n\t\t\t\t<section class=\"elementor-section elementor-top-section elementor-element elementor-element-48f5308a elementor-section-boxed elementor-section-height-default elementor-section-height-default\" data-id=\"48f5308a\" data-element_type=\"section\">\n\t\t\t\t\t\t<div class=\"elementor-container elementor-column-gap-default\">\n\t\t\t\t\t\t\t<div class=\"elementor-row\">\n\t\t\t\t\t<div class=\"elementor-column elementor-col-100 elementor-top-column elementor-element elementor-element-4f283de1\" data-id=\"4f283de1\" data-element_type=\"column\">\n\t\t\t<div class=\"elementor-column-wrap elementor-element-populated\">\n\t\t\t\t\t\t\t<div class=\"elementor-widget-wrap\">\n\t\t\t\t\t\t<div class=\"elementor-element elementor-element-481af1d1 elementor-widget elementor-widget-image\" data-id=\"481af1d1\" data-element_type=\"widget\" data-widget_type=\"image.default\">\n\t\t\t\t<div class=\"elementor-widget-container\">\n\t\t\t\t\t<div class=\"elementor-image\">\n\t\t\t\t\t\t\t\t\t\t<img loading=\"lazy\" decoding=\"async\" width=\"720\" height=\"695\" src=\"https:\/\/enhakkore.net\/produits\/wp-content\/uploads\/2022\/02\/USB-HUB-3.0-4-PORTS-1.jpg\" class=\"attachment-large size-large\" alt=\"\" srcset=\"https:\/\/enhakkore.net\/produits\/wp-content\/uploads\/2022\/02\/USB-HUB-3.0-4-PORTS-1.jpg 800w, https:\/\/enhakkore.net\/produits\/wp-content\/uploads\/2022\/02\/USB-HUB-3.0-4-PORTS-1-300x290.jpg 300w, https:\/\/enhakkore.net\/produits\/wp-content\/uploads\/2022\/02\/USB-HUB-3.0-4-PORTS-1-768x741.jpg 768w\" sizes=\"auto, (max-width: 720px) 100vw, 720px\" \/>\t\t\t\t\t\t\t\t\t\t\t<\/div>\n\t\t\t\t<\/div>\n\t\t\t\t<\/div>\n\t\t\t\t\t\t<\/div>\n\t\t\t\t\t<\/div>\n\t\t<\/div>\n\t\t\t\t\t\t\t\t<\/div>\n\t\t\t\t\t<\/div>\n\t\t<\/section>\n\t\t\t\t<section class=\"elementor-section elementor-top-section elementor-element elementor-element-50b25c73 elementor-section-boxed elementor-section-height-default elementor-section-height-default\" data-id=\"50b25c73\" data-element_type=\"section\">\n\t\t\t\t\t\t<div class=\"elementor-container elementor-column-gap-default\">\n\t\t\t\t\t\t\t<div class=\"elementor-row\">\n\t\t\t\t\t<div class=\"elementor-column elementor-col-100 elementor-top-column elementor-element elementor-element-15fd8a86\" data-id=\"15fd8a86\" data-element_type=\"column\">\n\t\t\t<div class=\"elementor-column-wrap elementor-element-populated\">\n\t\t\t\t\t\t\t<div class=\"elementor-widget-wrap\">\n\t\t\t\t\t\t<div class=\"elementor-element elementor-element-5477656d elementor-widget elementor-widget-text-editor\" data-id=\"5477656d\" data-element_type=\"widget\" data-widget_type=\"text-editor.default\">\n\t\t\t\t<div class=\"elementor-widget-container\">\n\t\t\t\t\t<div class=\"elementor-text-editor elementor-clearfix\"><p><span style=\"color: #333333;\"><strong>Caract\u00e9ristiques principales :<\/strong><\/span><br \/><span style=\"color: #333333;\">\u00a0<\/span><\/p><ul><li><span style=\"color: #333333;\"><strong>Hub USB 3.0 \u00e0 4 ports<\/strong><\/span><\/li><li><span style=\"color: #333333;\">Haute rapidit\u00e9 de transfert de donn\u00e9es avec l&rsquo;interface USB 3.0, jusqu&rsquo;\u00e0 5 Go \/ s<\/span><\/li><li><span style=\"color: #333333;\"><strong>Fonctionnement Plug &amp; Play<\/strong><\/span><\/li><li><span style=\"color: #333333;\">Compatible USB 2.0 et USB 1.1 (c\u00e2bles et p\u00e9riph\u00e9riques)<\/span><\/li><li><span style=\"color: #333333;\">Taille compacte pour un transport facile<\/span><\/li><li><span style=\"color: #333333;\"><strong>Adaptateur secteur inclus<\/strong><\/span><span style=\"color: #333333;\"><br \/><\/span><\/li><li><span style=\"color: #333333;\">Compatibilit\u00e9 : Windows XP \/ Vista \/ 7 \/ 8 \/ 10 &#8211; Mac et Linux<\/span><\/li><\/ul><\/div>\n\t\t\t\t<\/div>\n\t\t\t\t<\/div>\n\t\t\t\t\t\t<\/div>\n\t\t\t\t\t<\/div>\n\t\t<\/div>\n\t\t\t\t\t\t\t\t<\/div>\n\t\t\t\t\t<\/div>\n\t\t<\/section>\n\t\t\t\t\t\t<\/div>\n\t\t\t\t\t\t<\/div>\n\t\t\t\t\t<\/div>\n\t\t","protected":false},"excerpt":{"rendered":"<p>\u00a0\u00bb Nous contacter \u00ab\u00a0 USB HUB 3.0 4PORTS EN SAVOIR PLUS Travailler dans les meilleures conditions Ce hub 4 ports USB 3.0 vous permet d&rsquo;ajouter facilement plusieurs ports USB 3.0 suppl\u00e9mentaires \u00e0 votre ordinateur. Il vous permet de connecter jusqu&rsquo;\u00e0 4 p\u00e9riph\u00e9riques USB 3.0 et offre une compatibilit\u00e9 avec les normes USB 2.0 et USB [&hellip;]<\/p>\n","protected":false},"author":2,"featured_media":0,"parent":0,"menu_order":0,"comment_status":"closed","ping_status":"closed","template":"","meta":{"footnotes":""},"class_list":["post-2154","page","type-page","status-publish","hentry","post"],"_links":{"self":[{"href":"https:\/\/enhakkore.net\/produits\/wp-json\/wp\/v2\/pages\/2154","targetHints":{"allow":["GET"]}}],"collection":[{"href":"https:\/\/enhakkore.net\/produits\/wp-json\/wp\/v2\/pages"}],"about":[{"href":"https:\/\/enhakkore.net\/produits\/wp-json\/wp\/v2\/types\/page"}],"author":[{"embeddable":true,"href":"https:\/\/enhakkore.net\/produits\/wp-json\/wp\/v2\/users\/2"}],"replies":[{"embeddable":true,"href":"https:\/\/enhakkore.net\/produits\/wp-json\/wp\/v2\/comments?post=2154"}],"version-history":[{"count":7,"href":"https:\/\/enhakkore.net\/produits\/wp-json\/wp\/v2\/pages\/2154\/revisions"}],"predecessor-version":[{"id":2166,"href":"https:\/\/enhakkore.net\/produits\/wp-json\/wp\/v2\/pages\/2154\/revisions\/2166"}],"wp:attachment":[{"href":"https:\/\/enhakkore.net\/produits\/wp-json\/wp\/v2\/media?parent=2154"}],"curies":[{"name":"wp","href":"https:\/\/api.w.org\/{rel}","templated":true}]}}