{"id":2133,"date":"2022-02-10T21:50:50","date_gmt":"2022-02-10T20:50:50","guid":{"rendered":"https:\/\/enhakkore.net\/produits\/?page_id=2133"},"modified":"2022-02-10T22:08:09","modified_gmt":"2022-02-10T21:08:09","slug":"ssd-px500-nvme-pcie-gen-3-x-4","status":"publish","type":"page","link":"https:\/\/enhakkore.net\/produits\/ssd-px500-nvme-pcie-gen-3-x-4\/","title":{"rendered":"SSD PX500 NVME PCIe GEN 3 x 4"},"content":{"rendered":"\t\t<div data-elementor-type=\"wp-page\" data-elementor-id=\"2133\" class=\"elementor elementor-2133\" data-elementor-settings=\"[]\">\n\t\t\t\t\t\t<div class=\"elementor-inner\">\n\t\t\t\t\t\t\t<div class=\"elementor-section-wrap\">\n\t\t\t\t\t\t\t<section class=\"elementor-section elementor-top-section elementor-element elementor-element-6b1f1ee2 elementor-section-boxed elementor-section-height-default elementor-section-height-default\" data-id=\"6b1f1ee2\" data-element_type=\"section\">\n\t\t\t\t\t\t<div class=\"elementor-container elementor-column-gap-default\">\n\t\t\t\t\t\t\t<div class=\"elementor-row\">\n\t\t\t\t\t<div class=\"elementor-column elementor-col-100 elementor-top-column elementor-element elementor-element-7b9c9cbe\" data-id=\"7b9c9cbe\" data-element_type=\"column\">\n\t\t\t<div class=\"elementor-column-wrap elementor-element-populated\">\n\t\t\t\t\t\t\t<div class=\"elementor-widget-wrap\">\n\t\t\t\t\t\t<div class=\"elementor-element elementor-element-20ed5884 elementor-widget elementor-widget-image\" data-id=\"20ed5884\" data-element_type=\"widget\" data-widget_type=\"image.default\">\n\t\t\t\t<div class=\"elementor-widget-container\">\n\t\t\t\t\t<div class=\"elementor-image\">\n\t\t\t\t\t\t\t\t\t\t\t<a href=\"https:\/\/enhakkore.net\/produits\/wp-content\/uploads\/2022\/02\/PX500-NVMe-PCIe-3-x-4-SSD.jpg\" data-elementor-open-lightbox=\"yes\" data-elementor-lightbox-title=\"PX500 NVMe PCIe 3 x 4 SSD\">\n\t\t\t\t\t\t\t<img loading=\"lazy\" decoding=\"async\" width=\"300\" height=\"150\" src=\"https:\/\/enhakkore.net\/produits\/wp-content\/uploads\/2022\/02\/PX500-NVMe-PCIe-3-x-4-SSD-300x150.jpg\" class=\"attachment-medium size-medium\" alt=\"\" srcset=\"https:\/\/enhakkore.net\/produits\/wp-content\/uploads\/2022\/02\/PX500-NVMe-PCIe-3-x-4-SSD-300x150.jpg 300w, https:\/\/enhakkore.net\/produits\/wp-content\/uploads\/2022\/02\/PX500-NVMe-PCIe-3-x-4-SSD-1024x512.jpg 1024w, https:\/\/enhakkore.net\/produits\/wp-content\/uploads\/2022\/02\/PX500-NVMe-PCIe-3-x-4-SSD-768x384.jpg 768w, https:\/\/enhakkore.net\/produits\/wp-content\/uploads\/2022\/02\/PX500-NVMe-PCIe-3-x-4-SSD-1536x768.jpg 1536w, https:\/\/enhakkore.net\/produits\/wp-content\/uploads\/2022\/02\/PX500-NVMe-PCIe-3-x-4-SSD-960x480.jpg 960w, https:\/\/enhakkore.net\/produits\/wp-content\/uploads\/2022\/02\/PX500-NVMe-PCIe-3-x-4-SSD.jpg 1920w\" sizes=\"auto, (max-width: 300px) 100vw, 300px\" \/>\t\t\t\t\t\t\t\t<\/a>\n\t\t\t\t\t\t\t\t\t\t\t<\/div>\n\t\t\t\t<\/div>\n\t\t\t\t<\/div>\n\t\t\t\t\t\t<\/div>\n\t\t\t\t\t<\/div>\n\t\t<\/div>\n\t\t\t\t\t\t\t\t<\/div>\n\t\t\t\t\t<\/div>\n\t\t<\/section>\n\t\t\t\t<section class=\"elementor-section elementor-top-section elementor-element elementor-element-4ab3af9d elementor-section-boxed elementor-section-height-default elementor-section-height-default\" data-id=\"4ab3af9d\" data-element_type=\"section\">\n\t\t\t\t\t\t<div class=\"elementor-container elementor-column-gap-default\">\n\t\t\t\t\t\t\t<div class=\"elementor-row\">\n\t\t\t\t\t<div class=\"elementor-column elementor-col-100 elementor-top-column elementor-element elementor-element-21ba54ca\" data-id=\"21ba54ca\" data-element_type=\"column\">\n\t\t\t<div class=\"elementor-column-wrap elementor-element-populated\">\n\t\t\t\t\t\t\t<div class=\"elementor-widget-wrap\">\n\t\t\t\t\t\t<div class=\"elementor-element elementor-element-75d25fdd elementor-widget-divider--view-line elementor-widget elementor-widget-divider\" data-id=\"75d25fdd\" data-element_type=\"widget\" data-widget_type=\"divider.default\">\n\t\t\t\t<div class=\"elementor-widget-container\">\n\t\t\t\t\t<div class=\"elementor-divider\">\n\t\t\t<span class=\"elementor-divider-separator\">\n\t\t\t\t\t\t<\/span>\n\t\t<\/div>\n\t\t\t\t<\/div>\n\t\t\t\t<\/div>\n\t\t\t\t\t\t<\/div>\n\t\t\t\t\t<\/div>\n\t\t<\/div>\n\t\t\t\t\t\t\t\t<\/div>\n\t\t\t\t\t<\/div>\n\t\t<\/section>\n\t\t\t\t<section class=\"elementor-section elementor-top-section elementor-element elementor-element-5449dfbe elementor-section-boxed elementor-section-height-default elementor-section-height-default\" data-id=\"5449dfbe\" data-element_type=\"section\">\n\t\t\t\t\t\t<div class=\"elementor-container elementor-column-gap-default\">\n\t\t\t\t\t\t\t<div class=\"elementor-row\">\n\t\t\t\t\t<div class=\"elementor-column elementor-col-100 elementor-top-column elementor-element elementor-element-4df2ba19\" data-id=\"4df2ba19\" data-element_type=\"column\">\n\t\t\t<div class=\"elementor-column-wrap elementor-element-populated\">\n\t\t\t\t\t\t\t<div class=\"elementor-widget-wrap\">\n\t\t\t\t\t\t<div class=\"elementor-element elementor-element-2e342364 elementor-widget elementor-widget-text-editor\" data-id=\"2e342364\" data-element_type=\"widget\" data-widget_type=\"text-editor.default\">\n\t\t\t\t<div class=\"elementor-widget-container\">\n\t\t\t\t\t<div class=\"elementor-text-editor elementor-clearfix\"><h3><span style=\"color: #000000;\"><strong><span style=\"color: #ff0000;\"><em>\u00a0\u00bb Nous contacter \u00ab\u00a0<\/em><\/span><br \/><\/strong><\/span><\/h3><\/div>\n\t\t\t\t<\/div>\n\t\t\t\t<\/div>\n\t\t\t\t\t\t<\/div>\n\t\t\t\t\t<\/div>\n\t\t<\/div>\n\t\t\t\t\t\t\t\t<\/div>\n\t\t\t\t\t<\/div>\n\t\t<\/section>\n\t\t\t\t<section class=\"elementor-section elementor-top-section elementor-element elementor-element-6709c07 elementor-section-boxed elementor-section-height-default elementor-section-height-default\" data-id=\"6709c07\" data-element_type=\"section\">\n\t\t\t\t\t\t<div class=\"elementor-container elementor-column-gap-default\">\n\t\t\t\t\t\t\t<div class=\"elementor-row\">\n\t\t\t\t\t<div class=\"elementor-column elementor-col-100 elementor-top-column elementor-element elementor-element-2876ea18\" data-id=\"2876ea18\" data-element_type=\"column\">\n\t\t\t<div class=\"elementor-column-wrap elementor-element-populated\">\n\t\t\t\t\t\t\t<div class=\"elementor-widget-wrap\">\n\t\t\t\t\t\t<div class=\"elementor-element elementor-element-2623681b elementor-widget-divider--view-line elementor-widget elementor-widget-divider\" data-id=\"2623681b\" data-element_type=\"widget\" data-widget_type=\"divider.default\">\n\t\t\t\t<div class=\"elementor-widget-container\">\n\t\t\t\t\t<div class=\"elementor-divider\">\n\t\t\t<span class=\"elementor-divider-separator\">\n\t\t\t\t\t\t<\/span>\n\t\t<\/div>\n\t\t\t\t<\/div>\n\t\t\t\t<\/div>\n\t\t\t\t\t\t<\/div>\n\t\t\t\t\t<\/div>\n\t\t<\/div>\n\t\t\t\t\t\t\t\t<\/div>\n\t\t\t\t\t<\/div>\n\t\t<\/section>\n\t\t\t\t<section class=\"elementor-section elementor-top-section elementor-element elementor-element-17188a0 elementor-section-boxed elementor-section-height-default elementor-section-height-default\" data-id=\"17188a0\" data-element_type=\"section\">\n\t\t\t\t\t\t<div class=\"elementor-container elementor-column-gap-default\">\n\t\t\t\t\t\t\t<div class=\"elementor-row\">\n\t\t\t\t\t<div class=\"elementor-column elementor-col-100 elementor-top-column elementor-element elementor-element-d864ab6\" data-id=\"d864ab6\" data-element_type=\"column\">\n\t\t\t<div class=\"elementor-column-wrap elementor-element-populated\">\n\t\t\t\t\t\t\t<div class=\"elementor-widget-wrap\">\n\t\t\t\t\t\t<div class=\"elementor-element elementor-element-3572fae2 elementor-widget elementor-widget-text-editor\" data-id=\"3572fae2\" data-element_type=\"widget\" data-widget_type=\"text-editor.default\">\n\t\t\t\t<div class=\"elementor-widget-container\">\n\t\t\t\t\t<div class=\"elementor-text-editor elementor-clearfix\"><h1 class=\"title-1\"><span style=\"color: #000000;\"><strong>SSD PX500 NVME PCIe GEN 3 x 4<\/strong><\/span><\/h1><\/div>\n\t\t\t\t<\/div>\n\t\t\t\t<\/div>\n\t\t\t\t\t\t<\/div>\n\t\t\t\t\t<\/div>\n\t\t<\/div>\n\t\t\t\t\t\t\t\t<\/div>\n\t\t\t\t\t<\/div>\n\t\t<\/section>\n\t\t\t\t<section class=\"elementor-section elementor-top-section elementor-element elementor-element-4cf9793 elementor-section-boxed elementor-section-height-default elementor-section-height-default\" data-id=\"4cf9793\" data-element_type=\"section\">\n\t\t\t\t\t\t<div class=\"elementor-container elementor-column-gap-default\">\n\t\t\t\t\t\t\t<div class=\"elementor-row\">\n\t\t\t\t\t<div class=\"elementor-column elementor-col-100 elementor-top-column elementor-element elementor-element-3b4790e9\" data-id=\"3b4790e9\" data-element_type=\"column\">\n\t\t\t<div class=\"elementor-column-wrap elementor-element-populated\">\n\t\t\t\t\t\t\t<div class=\"elementor-widget-wrap\">\n\t\t\t\t\t\t<div class=\"elementor-element elementor-element-78c65c67 elementor-widget elementor-widget-text-editor\" data-id=\"78c65c67\" data-element_type=\"widget\" data-widget_type=\"text-editor.default\">\n\t\t\t\t<div class=\"elementor-widget-container\">\n\t\t\t\t\t<div class=\"elementor-text-editor elementor-clearfix\"><h5><span style=\"color: #ffffff;\"><strong>EN SAVOIR PLUS<\/strong><\/span><\/h5><\/div>\n\t\t\t\t<\/div>\n\t\t\t\t<\/div>\n\t\t\t\t\t\t<\/div>\n\t\t\t\t\t<\/div>\n\t\t<\/div>\n\t\t\t\t\t\t\t\t<\/div>\n\t\t\t\t\t<\/div>\n\t\t<\/section>\n\t\t\t\t<section class=\"elementor-section elementor-top-section elementor-element elementor-element-bdb6df2 elementor-section-boxed elementor-section-height-default elementor-section-height-default\" data-id=\"bdb6df2\" data-element_type=\"section\">\n\t\t\t\t\t\t<div class=\"elementor-container elementor-column-gap-default\">\n\t\t\t\t\t\t\t<div class=\"elementor-row\">\n\t\t\t\t\t<div class=\"elementor-column elementor-col-100 elementor-top-column elementor-element elementor-element-68037c78\" data-id=\"68037c78\" data-element_type=\"column\">\n\t\t\t<div class=\"elementor-column-wrap elementor-element-populated\">\n\t\t\t\t\t\t\t<div class=\"elementor-widget-wrap\">\n\t\t\t\t\t\t<div class=\"elementor-element elementor-element-4f621a37 elementor-widget elementor-widget-text-editor\" data-id=\"4f621a37\" data-element_type=\"widget\" data-widget_type=\"text-editor.default\">\n\t\t\t\t<div class=\"elementor-widget-container\">\n\t\t\t\t\t<div class=\"elementor-text-editor elementor-clearfix\"><h2><span style=\"color: #000000;\"><strong><span style=\"color: #000000;\">Travailler dans les meilleures conditions<\/span><br \/><\/strong><\/span><\/h2><\/div>\n\t\t\t\t<\/div>\n\t\t\t\t<\/div>\n\t\t\t\t\t\t<\/div>\n\t\t\t\t\t<\/div>\n\t\t<\/div>\n\t\t\t\t\t\t\t\t<\/div>\n\t\t\t\t\t<\/div>\n\t\t<\/section>\n\t\t\t\t<section class=\"elementor-section elementor-top-section elementor-element elementor-element-5fd28e5f elementor-section-boxed elementor-section-height-default elementor-section-height-default\" data-id=\"5fd28e5f\" data-element_type=\"section\">\n\t\t\t\t\t\t<div class=\"elementor-container elementor-column-gap-default\">\n\t\t\t\t\t\t\t<div class=\"elementor-row\">\n\t\t\t\t\t<div class=\"elementor-column elementor-col-100 elementor-top-column elementor-element elementor-element-4d667688\" data-id=\"4d667688\" data-element_type=\"column\">\n\t\t\t<div class=\"elementor-column-wrap elementor-element-populated\">\n\t\t\t\t\t\t\t<div class=\"elementor-widget-wrap\">\n\t\t\t\t\t\t<div class=\"elementor-element elementor-element-7014e4b7 elementor-widget elementor-widget-text-editor\" data-id=\"7014e4b7\" data-element_type=\"widget\" data-widget_type=\"text-editor.default\">\n\t\t\t\t<div class=\"elementor-widget-container\">\n\t\t\t\t\t<div class=\"elementor-text-editor elementor-clearfix\"><div><p><span style=\"color: #333333;\">GOODRAM PX500 offre des performances de transfert s\u00e9quentiel et al\u00e9atoire jusqu&rsquo;\u00e0 4 fois sup\u00e9rieures \u00e0 celles des disques SSD SATA III et une latence inf\u00e9rieure \u00e0 celle des disques AHCI. Les performances permettront d&rsquo;am\u00e9liorer le travail des clients les plus exigeants et d&rsquo;offrir une lecture allant jusqu&rsquo;\u00e0 2050 Mo\/s. Il est \u00e9galement parfait en tant que lecteur autonome ou en compl\u00e9ment d&rsquo;un disque dur dans les ordinateurs de bureau et les ordinateurs portables. En raison des capacit\u00e9s disponibles pour le PX500, le lecteur fonctionne dans les deux r\u00f4les.<\/span><\/p><\/div><\/div>\n\t\t\t\t<\/div>\n\t\t\t\t<\/div>\n\t\t\t\t\t\t<\/div>\n\t\t\t\t\t<\/div>\n\t\t<\/div>\n\t\t\t\t\t\t\t\t<\/div>\n\t\t\t\t\t<\/div>\n\t\t<\/section>\n\t\t\t\t<section class=\"elementor-section elementor-top-section elementor-element elementor-element-5591856a elementor-section-boxed elementor-section-height-default elementor-section-height-default\" data-id=\"5591856a\" data-element_type=\"section\">\n\t\t\t\t\t\t<div class=\"elementor-container elementor-column-gap-default\">\n\t\t\t\t\t\t\t<div class=\"elementor-row\">\n\t\t\t\t\t<div class=\"elementor-column elementor-col-100 elementor-top-column elementor-element elementor-element-687e0110\" data-id=\"687e0110\" data-element_type=\"column\">\n\t\t\t<div class=\"elementor-column-wrap elementor-element-populated\">\n\t\t\t\t\t\t\t<div class=\"elementor-widget-wrap\">\n\t\t\t\t\t\t<div class=\"elementor-element elementor-element-d2fbbec elementor-widget elementor-widget-text-editor\" data-id=\"d2fbbec\" data-element_type=\"widget\" data-widget_type=\"text-editor.default\">\n\t\t\t\t<div class=\"elementor-widget-container\">\n\t\t\t\t\t<div class=\"elementor-text-editor elementor-clearfix\"><h3><span style=\"color: #333333;\"><strong>Froid discret<\/strong><\/span><\/h3><p><span style=\"color: #333333;\">Le SSD Goodram PX500 est pr\u00e9par\u00e9 pour les deux : le contact avec les composants chauds du bureau et le stockage de la chaleur dans le sac de l&rsquo;ordinateur portable gr\u00e2ce \u00e0 l&rsquo;\u00e9tiquette de dissipation thermique. Il est suffisamment fin pour ne pas restreindre le montage SSD dans les ordinateurs portables, tout en \u00e9tant \u00e9galement con\u00e7u pour abaisser la temp\u00e9rature du PX500 et am\u00e9liorer les performances du disque dur pendant que vous travaillez.<\/span><\/p><h3><span style=\"color: #333333;\"><strong>Haute qualit\u00e9 pour tout le monde<\/strong><\/span><\/h3><p><span style=\"color: #333333;\">GOODRAM PX500 est bas\u00e9 sur la nouvelle g\u00e9n\u00e9ration de m\u00e9moires flash en technologie 3D. En cons\u00e9quence, nous proposons un produit de haute qualit\u00e9 avec de nombreuses fonctionnalit\u00e9s qui garantissent s\u00e9curit\u00e9 et fiabilit\u00e9. Le SSD PX500 est accompagn\u00e9 d&rsquo;une garantie constructeur de 3 ans et d&rsquo;un support technique gratuit.<\/span><\/p><\/div>\n\t\t\t\t<\/div>\n\t\t\t\t<\/div>\n\t\t\t\t\t\t<\/div>\n\t\t\t\t\t<\/div>\n\t\t<\/div>\n\t\t\t\t\t\t\t\t<\/div>\n\t\t\t\t\t<\/div>\n\t\t<\/section>\n\t\t\t\t<section class=\"elementor-section elementor-top-section elementor-element elementor-element-68fc5754 elementor-section-boxed elementor-section-height-default elementor-section-height-default\" data-id=\"68fc5754\" data-element_type=\"section\">\n\t\t\t\t\t\t<div class=\"elementor-container elementor-column-gap-default\">\n\t\t\t\t\t\t\t<div class=\"elementor-row\">\n\t\t\t\t\t<div class=\"elementor-column elementor-col-100 elementor-top-column elementor-element elementor-element-619fc01a\" data-id=\"619fc01a\" data-element_type=\"column\">\n\t\t\t<div class=\"elementor-column-wrap elementor-element-populated\">\n\t\t\t\t\t\t\t<div class=\"elementor-widget-wrap\">\n\t\t\t\t\t\t<div class=\"elementor-element elementor-element-2eff9eb elementor-widget elementor-widget-text-editor\" data-id=\"2eff9eb\" data-element_type=\"widget\" data-widget_type=\"text-editor.default\">\n\t\t\t\t<div class=\"elementor-widget-container\">\n\t\t\t\t\t<div class=\"elementor-text-editor elementor-clearfix\"><p><span style=\"color: #333333;\"><strong>D\u00e9tails du produit<\/strong><\/span><\/p><p><span style=\"color: #333333;\"><strong>Description du produit : <\/strong><\/span><\/p><p><span style=\"color: #333333;\"><strong>La description<\/strong> : <strong>Goodram PX500 M.2 1000 Go PCI Express 3.0 3D NAND NVMe (SSDPR-PX500-01T-80)<\/strong><\/span><\/p><p><span style=\"color: #333333;\"><strong>Num\u00e9ro de fabricant\u00a0: SSDPR-PX500-01T-80<\/strong><\/span><\/p><p><span style=\"color: #333333;\"><strong>EAN\u00a0:<\/strong> 5908267923276<\/span><\/p><p><span style=\"color: #333333;\"><strong>S\u00e9rie de mod\u00e8les\u00a0: <\/strong>PX500<\/span><\/p><p><span style=\"color: #333333;\"><strong>Type de disque dur\u00a0: <\/strong>NVMe<\/span><\/p><p><span style=\"color: #333333;\"><strong>Type d\u2019autobus :<\/strong> PCI-Express<\/span><\/p><p><span style=\"color: #333333;\"><strong>Capacit\u00e9 : <\/strong>1000 Go (1 To)<\/span><\/p><p><span style=\"color: #333333;\"><strong>Type de stockage : <\/strong>Module \u00e0 semi-conducteurs (SSM)<\/span><\/p><p><span style=\"color: #333333;\"><strong>Version NVMe\u00a0: <\/strong>3.0<\/span><\/p><p><span style=\"color: #333333;\"><strong>Facteur de forme: <\/strong>M.2 2280<\/span><\/p><p><span style=\"color: #333333;\"><strong>Interface : <\/strong>M.2 \/ M-Key (PCIe 3.0 x4)<\/span><\/p><p><span style=\"color: #333333;\"><strong>Lire : <\/strong>2050 Mo\/s<\/span><\/p><p><span style=\"color: #333333;\"><strong>\u00c9crire : <\/strong>1650 Mo\/s SLC mis en cache<\/span><\/p><p><span style=\"color: #333333;\"><strong>Lecture\/\u00e9criture IOPS 4K : <\/strong>171k \/ 143k<\/span><\/p><p><span style=\"color: #333333;\"><strong>Modules de m\u00e9moire\u00a0: <\/strong>CCM 3D NAND<\/span><\/p><p><span style=\"color: #333333;\"><strong>Pr\u00e9vision de fiabilit\u00e9\u00a0; <\/strong>1500000 Heures (MTBF)<\/span><\/p><p><span style=\"color: #333333;\"><strong>Manette : <\/strong>Silicon Motion SM2263XT, 4 canaux<\/span><\/p><p><span style=\"color: #333333;\"><strong>Cache\u00a0: <\/strong>Cache SLC<\/span><\/p><p><span style=\"color: #333333;\"><strong>Protocole : <\/strong>NVMe 1.3<\/span><\/p><p><span style=\"color: #333333;\"><strong>Consommation d&rsquo;\u00e9nergie : <\/strong>non sp\u00e9cifi\u00e9 (maximum), non sp\u00e9cifi\u00e9 (op\u00e9ration), non sp\u00e9cifi\u00e9 (inactif), non sp\u00e9cifi\u00e9 (mode veille)<\/span><\/p><p><span style=\"color: #333333;\"><strong>Dimensions : <\/strong>80x22x3.5mm<\/span><\/p><\/div>\n\t\t\t\t<\/div>\n\t\t\t\t<\/div>\n\t\t\t\t\t\t<\/div>\n\t\t\t\t\t<\/div>\n\t\t<\/div>\n\t\t\t\t\t\t\t\t<\/div>\n\t\t\t\t\t<\/div>\n\t\t<\/section>\n\t\t\t\t\t\t<\/div>\n\t\t\t\t\t\t<\/div>\n\t\t\t\t\t<\/div>\n\t\t","protected":false},"excerpt":{"rendered":"<p>\u00a0\u00bb Nous contacter \u00ab\u00a0 SSD PX500 NVME PCIe GEN 3 x 4 EN SAVOIR PLUS Travailler dans les meilleures conditions GOODRAM PX500 offre des performances de transfert s\u00e9quentiel et al\u00e9atoire jusqu&rsquo;\u00e0 4 fois sup\u00e9rieures \u00e0 celles des disques SSD SATA III et une latence inf\u00e9rieure \u00e0 celle des disques AHCI. Les performances permettront d&rsquo;am\u00e9liorer le [&hellip;]<\/p>\n","protected":false},"author":2,"featured_media":0,"parent":0,"menu_order":0,"comment_status":"closed","ping_status":"closed","template":"","meta":{"footnotes":""},"class_list":["post-2133","page","type-page","status-publish","hentry","post"],"_links":{"self":[{"href":"https:\/\/enhakkore.net\/produits\/wp-json\/wp\/v2\/pages\/2133","targetHints":{"allow":["GET"]}}],"collection":[{"href":"https:\/\/enhakkore.net\/produits\/wp-json\/wp\/v2\/pages"}],"about":[{"href":"https:\/\/enhakkore.net\/produits\/wp-json\/wp\/v2\/types\/page"}],"author":[{"embeddable":true,"href":"https:\/\/enhakkore.net\/produits\/wp-json\/wp\/v2\/users\/2"}],"replies":[{"embeddable":true,"href":"https:\/\/enhakkore.net\/produits\/wp-json\/wp\/v2\/comments?post=2133"}],"version-history":[{"count":10,"href":"https:\/\/enhakkore.net\/produits\/wp-json\/wp\/v2\/pages\/2133\/revisions"}],"predecessor-version":[{"id":2145,"href":"https:\/\/enhakkore.net\/produits\/wp-json\/wp\/v2\/pages\/2133\/revisions\/2145"}],"wp:attachment":[{"href":"https:\/\/enhakkore.net\/produits\/wp-json\/wp\/v2\/media?parent=2133"}],"curies":[{"name":"wp","href":"https:\/\/api.w.org\/{rel}","templated":true}]}}