{"id":1514,"date":"2021-02-26T17:14:53","date_gmt":"2021-02-26T16:14:53","guid":{"rendered":"https:\/\/enhakkore.net\/produits\/?page_id=1514"},"modified":"2021-04-06T13:10:24","modified_gmt":"2021-04-06T11:10:24","slug":"pny-geforce-rtx-2080-super","status":"publish","type":"page","link":"https:\/\/enhakkore.net\/produits\/pny-geforce-rtx-2080-super\/","title":{"rendered":"PNY GEFORCE RTX 2080 SUPER"},"content":{"rendered":"\t\t<div data-elementor-type=\"wp-page\" data-elementor-id=\"1514\" class=\"elementor elementor-1514\" data-elementor-settings=\"[]\">\n\t\t\t\t\t\t<div class=\"elementor-inner\">\n\t\t\t\t\t\t\t<div class=\"elementor-section-wrap\">\n\t\t\t\t\t\t\t<section class=\"elementor-section elementor-top-section elementor-element elementor-element-4e1f91d5 elementor-section-boxed elementor-section-height-default elementor-section-height-default\" data-id=\"4e1f91d5\" data-element_type=\"section\">\n\t\t\t\t\t\t<div class=\"elementor-container elementor-column-gap-default\">\n\t\t\t\t\t\t\t<div class=\"elementor-row\">\n\t\t\t\t\t<div class=\"elementor-column elementor-col-100 elementor-top-column elementor-element elementor-element-589df3a2\" data-id=\"589df3a2\" data-element_type=\"column\">\n\t\t\t<div class=\"elementor-column-wrap elementor-element-populated\">\n\t\t\t\t\t\t\t<div class=\"elementor-widget-wrap\">\n\t\t\t\t\t\t<div class=\"elementor-element elementor-element-2f92b204 elementor-widget elementor-widget-image\" data-id=\"2f92b204\" data-element_type=\"widget\" data-widget_type=\"image.default\">\n\t\t\t\t<div class=\"elementor-widget-container\">\n\t\t\t\t\t<div class=\"elementor-image\">\n\t\t\t\t\t\t\t\t\t\t\t<a href=\"https:\/\/enhakkore.net\/produits\/wp-content\/uploads\/2021\/02\/PNY-GEFORCE-RTX-2080-SUPER.jpg\" data-elementor-open-lightbox=\"yes\" data-elementor-lightbox-title=\"PNY GEFORCE RTX 2080 SUPER\">\n\t\t\t\t\t\t\t<img loading=\"lazy\" decoding=\"async\" width=\"300\" height=\"300\" src=\"https:\/\/enhakkore.net\/produits\/wp-content\/uploads\/2021\/02\/PNY-GEFORCE-RTX-2080-SUPER-300x300.jpg\" class=\"attachment-medium size-medium\" alt=\"\" srcset=\"https:\/\/enhakkore.net\/produits\/wp-content\/uploads\/2021\/02\/PNY-GEFORCE-RTX-2080-SUPER-300x300.jpg 300w, https:\/\/enhakkore.net\/produits\/wp-content\/uploads\/2021\/02\/PNY-GEFORCE-RTX-2080-SUPER-150x150.jpg 150w, https:\/\/enhakkore.net\/produits\/wp-content\/uploads\/2021\/02\/PNY-GEFORCE-RTX-2080-SUPER.jpg 700w\" sizes=\"auto, (max-width: 300px) 100vw, 300px\" \/>\t\t\t\t\t\t\t\t<\/a>\n\t\t\t\t\t\t\t\t\t\t\t<\/div>\n\t\t\t\t<\/div>\n\t\t\t\t<\/div>\n\t\t\t\t\t\t<\/div>\n\t\t\t\t\t<\/div>\n\t\t<\/div>\n\t\t\t\t\t\t\t\t<\/div>\n\t\t\t\t\t<\/div>\n\t\t<\/section>\n\t\t\t\t<section class=\"elementor-section elementor-top-section elementor-element elementor-element-294dfbf0 elementor-section-boxed elementor-section-height-default elementor-section-height-default\" data-id=\"294dfbf0\" data-element_type=\"section\">\n\t\t\t\t\t\t<div class=\"elementor-container elementor-column-gap-default\">\n\t\t\t\t\t\t\t<div class=\"elementor-row\">\n\t\t\t\t\t<div class=\"elementor-column elementor-col-100 elementor-top-column elementor-element elementor-element-243cd90b\" data-id=\"243cd90b\" data-element_type=\"column\">\n\t\t\t<div class=\"elementor-column-wrap elementor-element-populated\">\n\t\t\t\t\t\t\t<div class=\"elementor-widget-wrap\">\n\t\t\t\t\t\t<div class=\"elementor-element elementor-element-627d9c51 elementor-widget-divider--view-line elementor-widget elementor-widget-divider\" data-id=\"627d9c51\" data-element_type=\"widget\" data-widget_type=\"divider.default\">\n\t\t\t\t<div class=\"elementor-widget-container\">\n\t\t\t\t\t<div class=\"elementor-divider\">\n\t\t\t<span class=\"elementor-divider-separator\">\n\t\t\t\t\t\t<\/span>\n\t\t<\/div>\n\t\t\t\t<\/div>\n\t\t\t\t<\/div>\n\t\t\t\t\t\t<\/div>\n\t\t\t\t\t<\/div>\n\t\t<\/div>\n\t\t\t\t\t\t\t\t<\/div>\n\t\t\t\t\t<\/div>\n\t\t<\/section>\n\t\t\t\t<section class=\"elementor-section elementor-top-section elementor-element elementor-element-382a061d elementor-section-boxed elementor-section-height-default elementor-section-height-default\" data-id=\"382a061d\" data-element_type=\"section\">\n\t\t\t\t\t\t<div class=\"elementor-container elementor-column-gap-default\">\n\t\t\t\t\t\t\t<div class=\"elementor-row\">\n\t\t\t\t\t<div class=\"elementor-column elementor-col-100 elementor-top-column elementor-element elementor-element-443deca1\" data-id=\"443deca1\" data-element_type=\"column\">\n\t\t\t<div class=\"elementor-column-wrap elementor-element-populated\">\n\t\t\t\t\t\t\t<div class=\"elementor-widget-wrap\">\n\t\t\t\t\t\t<div class=\"elementor-element elementor-element-4068af83 elementor-widget elementor-widget-text-editor\" data-id=\"4068af83\" data-element_type=\"widget\" data-widget_type=\"text-editor.default\">\n\t\t\t\t<div class=\"elementor-widget-container\">\n\t\t\t\t\t<div class=\"elementor-text-editor elementor-clearfix\"><h3><span style=\"color: #ff0000;\"><strong><em>Nous contacter !<\/em><\/strong><\/span><span style=\"color: #000000;\"><strong><br \/><\/strong><\/span><\/h3><\/div>\n\t\t\t\t<\/div>\n\t\t\t\t<\/div>\n\t\t\t\t\t\t<\/div>\n\t\t\t\t\t<\/div>\n\t\t<\/div>\n\t\t\t\t\t\t\t\t<\/div>\n\t\t\t\t\t<\/div>\n\t\t<\/section>\n\t\t\t\t<section class=\"elementor-section elementor-top-section elementor-element elementor-element-372e7737 elementor-section-boxed elementor-section-height-default elementor-section-height-default\" data-id=\"372e7737\" data-element_type=\"section\">\n\t\t\t\t\t\t<div class=\"elementor-container elementor-column-gap-default\">\n\t\t\t\t\t\t\t<div class=\"elementor-row\">\n\t\t\t\t\t<div class=\"elementor-column elementor-col-100 elementor-top-column elementor-element elementor-element-6993ad0\" data-id=\"6993ad0\" data-element_type=\"column\">\n\t\t\t<div class=\"elementor-column-wrap elementor-element-populated\">\n\t\t\t\t\t\t\t<div class=\"elementor-widget-wrap\">\n\t\t\t\t\t\t<div class=\"elementor-element elementor-element-3f3adebc elementor-widget-divider--view-line elementor-widget elementor-widget-divider\" data-id=\"3f3adebc\" data-element_type=\"widget\" data-widget_type=\"divider.default\">\n\t\t\t\t<div class=\"elementor-widget-container\">\n\t\t\t\t\t<div class=\"elementor-divider\">\n\t\t\t<span class=\"elementor-divider-separator\">\n\t\t\t\t\t\t<\/span>\n\t\t<\/div>\n\t\t\t\t<\/div>\n\t\t\t\t<\/div>\n\t\t\t\t\t\t<\/div>\n\t\t\t\t\t<\/div>\n\t\t<\/div>\n\t\t\t\t\t\t\t\t<\/div>\n\t\t\t\t\t<\/div>\n\t\t<\/section>\n\t\t\t\t<section class=\"elementor-section elementor-top-section elementor-element elementor-element-65b0e11f elementor-section-boxed elementor-section-height-default elementor-section-height-default\" data-id=\"65b0e11f\" data-element_type=\"section\">\n\t\t\t\t\t\t<div class=\"elementor-container elementor-column-gap-default\">\n\t\t\t\t\t\t\t<div class=\"elementor-row\">\n\t\t\t\t\t<div class=\"elementor-column elementor-col-100 elementor-top-column elementor-element elementor-element-4192d037\" data-id=\"4192d037\" data-element_type=\"column\">\n\t\t\t<div class=\"elementor-column-wrap elementor-element-populated\">\n\t\t\t\t\t\t\t<div class=\"elementor-widget-wrap\">\n\t\t\t\t\t\t<div class=\"elementor-element elementor-element-599ece1a elementor-widget elementor-widget-text-editor\" data-id=\"599ece1a\" data-element_type=\"widget\" data-widget_type=\"text-editor.default\">\n\t\t\t\t<div class=\"elementor-widget-container\">\n\t\t\t\t\t<div class=\"elementor-text-editor elementor-clearfix\"><h1><span style=\"color: #808080;\"><strong><span style=\"color: #000000;\">PNY GEFORCE RTX 2080 SUPER<br \/><\/span><\/strong><\/span><\/h1><\/div>\n\t\t\t\t<\/div>\n\t\t\t\t<\/div>\n\t\t\t\t\t\t<\/div>\n\t\t\t\t\t<\/div>\n\t\t<\/div>\n\t\t\t\t\t\t\t\t<\/div>\n\t\t\t\t\t<\/div>\n\t\t<\/section>\n\t\t\t\t<section class=\"elementor-section elementor-top-section elementor-element elementor-element-166a1398 elementor-section-boxed elementor-section-height-default elementor-section-height-default\" data-id=\"166a1398\" data-element_type=\"section\">\n\t\t\t\t\t\t<div class=\"elementor-container elementor-column-gap-default\">\n\t\t\t\t\t\t\t<div class=\"elementor-row\">\n\t\t\t\t\t<div class=\"elementor-column elementor-col-100 elementor-top-column elementor-element elementor-element-11261193\" data-id=\"11261193\" data-element_type=\"column\">\n\t\t\t<div class=\"elementor-column-wrap elementor-element-populated\">\n\t\t\t\t\t\t\t<div class=\"elementor-widget-wrap\">\n\t\t\t\t\t\t<div class=\"elementor-element elementor-element-4fae7920 elementor-widget elementor-widget-text-editor\" data-id=\"4fae7920\" data-element_type=\"widget\" data-widget_type=\"text-editor.default\">\n\t\t\t\t<div class=\"elementor-widget-container\">\n\t\t\t\t\t<div class=\"elementor-text-editor elementor-clearfix\"><h5><span style=\"color: #ffffff;\"><strong>EN SAVOIR PLUS<\/strong><\/span><\/h5><\/div>\n\t\t\t\t<\/div>\n\t\t\t\t<\/div>\n\t\t\t\t\t\t<\/div>\n\t\t\t\t\t<\/div>\n\t\t<\/div>\n\t\t\t\t\t\t\t\t<\/div>\n\t\t\t\t\t<\/div>\n\t\t<\/section>\n\t\t\t\t<section class=\"elementor-section elementor-top-section elementor-element elementor-element-7d56e2dd elementor-section-boxed elementor-section-height-default elementor-section-height-default\" data-id=\"7d56e2dd\" data-element_type=\"section\">\n\t\t\t\t\t\t<div class=\"elementor-container elementor-column-gap-default\">\n\t\t\t\t\t\t\t<div class=\"elementor-row\">\n\t\t\t\t\t<div class=\"elementor-column elementor-col-100 elementor-top-column elementor-element elementor-element-11a2cbdb\" data-id=\"11a2cbdb\" data-element_type=\"column\">\n\t\t\t<div class=\"elementor-column-wrap elementor-element-populated\">\n\t\t\t\t\t\t\t<div class=\"elementor-widget-wrap\">\n\t\t\t\t\t\t<div class=\"elementor-element elementor-element-4ba26cbd elementor-widget elementor-widget-text-editor\" data-id=\"4ba26cbd\" data-element_type=\"widget\" data-widget_type=\"text-editor.default\">\n\t\t\t\t<div class=\"elementor-widget-container\">\n\t\t\t\t\t<div class=\"elementor-text-editor elementor-clearfix\"><h2><span style=\"color: #000000;\"><strong><span style=\"color: #000000;\">Puissante carte graphique pour un travail pro !<\/span><br \/><\/strong><\/span><\/h2><\/div>\n\t\t\t\t<\/div>\n\t\t\t\t<\/div>\n\t\t\t\t\t\t<\/div>\n\t\t\t\t\t<\/div>\n\t\t<\/div>\n\t\t\t\t\t\t\t\t<\/div>\n\t\t\t\t\t<\/div>\n\t\t<\/section>\n\t\t\t\t<section class=\"elementor-section elementor-top-section elementor-element elementor-element-5a977bc elementor-section-boxed elementor-section-height-default elementor-section-height-default\" data-id=\"5a977bc\" data-element_type=\"section\">\n\t\t\t\t\t\t<div class=\"elementor-container elementor-column-gap-default\">\n\t\t\t\t\t\t\t<div class=\"elementor-row\">\n\t\t\t\t\t<div class=\"elementor-column elementor-col-100 elementor-top-column elementor-element elementor-element-33e3482e\" data-id=\"33e3482e\" data-element_type=\"column\">\n\t\t\t<div class=\"elementor-column-wrap elementor-element-populated\">\n\t\t\t\t\t\t\t<div class=\"elementor-widget-wrap\">\n\t\t\t\t\t\t<div class=\"elementor-element elementor-element-11ee0996 elementor-widget elementor-widget-text-editor\" data-id=\"11ee0996\" data-element_type=\"widget\" data-widget_type=\"text-editor.default\">\n\t\t\t\t<div class=\"elementor-widget-container\">\n\t\t\t\t\t<div class=\"elementor-text-editor elementor-clearfix\"><p class=\"h-colorGrey\"><span style=\"color: #333333;\">La GeForce RTX 2080 SUPER est aliment\u00e9e par l&rsquo;architecture prim\u00e9e NVIDIA Turing avec plus de c\u0153urs, des horloges plus \u00e9lev\u00e9es et une m\u00e9moire plus rapide pour des performances ultimes et de nouveaux niveaux de r\u00e9alisme incroyables.\u00a0Il est temps de se pr\u00e9parer et d&rsquo;obtenir des super pouvoirs.<\/span><\/p><p class=\"h-colorGrey\"><span style=\"color: #333333;\">Chaque super-h\u00e9ros du jeu a besoin de super pouvoirs.\u00a0Les nouvelles cartes GeForce RTX SUPER Series offrent tout ce dont vous avez besoin pour diriger votre jeu.\u00a0Ils sont aliment\u00e9s par l&rsquo;architecture Turing et disposent de plus de c\u0153urs et d&rsquo;horloges plus \u00e9lev\u00e9es.\u00a0Cela vous offre des performances jusqu&rsquo;\u00e0 25% plus rapides que les RTX 20 Series d&rsquo;origine et 6X les performances des GPU de la s\u00e9rie 10 de la g\u00e9n\u00e9ration pr\u00e9c\u00e9dente.<\/span><\/p><p class=\"h-colorGrey\"><span style=\"color: #333333;\">La nouvelle s\u00e9rie GeForce RTX SUPER a encore plus de c\u0153urs et d&rsquo;horloges plus \u00e9lev\u00e9es pour des performances ultra-rapides par rapport aux GPU de la g\u00e9n\u00e9ration pr\u00e9c\u00e9dente.\u00a0\u00c9quipez-vous et obtenez des super pouvoirs.<\/span><\/p><\/div>\n\t\t\t\t<\/div>\n\t\t\t\t<\/div>\n\t\t\t\t\t\t<\/div>\n\t\t\t\t\t<\/div>\n\t\t<\/div>\n\t\t\t\t\t\t\t\t<\/div>\n\t\t\t\t\t<\/div>\n\t\t<\/section>\n\t\t\t\t<section class=\"elementor-section elementor-top-section elementor-element elementor-element-2927e42e elementor-section-boxed elementor-section-height-default elementor-section-height-default\" data-id=\"2927e42e\" data-element_type=\"section\">\n\t\t\t\t\t\t<div class=\"elementor-container elementor-column-gap-default\">\n\t\t\t\t\t\t\t<div class=\"elementor-row\">\n\t\t\t\t\t<div class=\"elementor-column elementor-col-100 elementor-top-column elementor-element elementor-element-2efedbe7\" data-id=\"2efedbe7\" data-element_type=\"column\">\n\t\t\t<div class=\"elementor-column-wrap elementor-element-populated\">\n\t\t\t\t\t\t\t<div class=\"elementor-widget-wrap\">\n\t\t\t\t\t\t<div class=\"elementor-element elementor-element-97649d8 elementor-widget elementor-widget-image\" data-id=\"97649d8\" data-element_type=\"widget\" data-widget_type=\"image.default\">\n\t\t\t\t<div class=\"elementor-widget-container\">\n\t\t\t\t\t<div class=\"elementor-image\">\n\t\t\t\t\t\t\t\t\t\t<img loading=\"lazy\" decoding=\"async\" width=\"720\" height=\"720\" src=\"https:\/\/enhakkore.net\/produits\/wp-content\/uploads\/2021\/02\/PNY-GEFORCE-RTX-2080-SUPER-02.jpg\" class=\"attachment-large size-large\" alt=\"\" srcset=\"https:\/\/enhakkore.net\/produits\/wp-content\/uploads\/2021\/02\/PNY-GEFORCE-RTX-2080-SUPER-02.jpg 800w, https:\/\/enhakkore.net\/produits\/wp-content\/uploads\/2021\/02\/PNY-GEFORCE-RTX-2080-SUPER-02-300x300.jpg 300w, https:\/\/enhakkore.net\/produits\/wp-content\/uploads\/2021\/02\/PNY-GEFORCE-RTX-2080-SUPER-02-150x150.jpg 150w, https:\/\/enhakkore.net\/produits\/wp-content\/uploads\/2021\/02\/PNY-GEFORCE-RTX-2080-SUPER-02-768x768.jpg 768w\" sizes=\"auto, (max-width: 720px) 100vw, 720px\" \/>\t\t\t\t\t\t\t\t\t\t\t<\/div>\n\t\t\t\t<\/div>\n\t\t\t\t<\/div>\n\t\t\t\t\t\t<\/div>\n\t\t\t\t\t<\/div>\n\t\t<\/div>\n\t\t\t\t\t\t\t\t<\/div>\n\t\t\t\t\t<\/div>\n\t\t<\/section>\n\t\t\t\t<section class=\"elementor-section elementor-top-section elementor-element elementor-element-1ae46090 elementor-section-boxed elementor-section-height-default elementor-section-height-default\" data-id=\"1ae46090\" data-element_type=\"section\">\n\t\t\t\t\t\t<div class=\"elementor-container elementor-column-gap-default\">\n\t\t\t\t\t\t\t<div class=\"elementor-row\">\n\t\t\t\t\t<div class=\"elementor-column elementor-col-100 elementor-top-column elementor-element elementor-element-218fd874\" data-id=\"218fd874\" data-element_type=\"column\">\n\t\t\t<div class=\"elementor-column-wrap elementor-element-populated\">\n\t\t\t\t\t\t\t<div class=\"elementor-widget-wrap\">\n\t\t\t\t\t\t<div class=\"elementor-element elementor-element-6216ce48 elementor-widget elementor-widget-text-editor\" data-id=\"6216ce48\" data-element_type=\"widget\" data-widget_type=\"text-editor.default\">\n\t\t\t\t<div class=\"elementor-widget-container\">\n\t\t\t\t\t<div class=\"elementor-text-editor elementor-clearfix\"><p><span style=\"color: #333333;\"><strong>CONFIGURATION REQUISE<\/strong><\/span><\/p><ul><li><span style=\"color: #333333;\">Carte m\u00e8re compatible PCI Express avec un emplacement graphique x16 double largeur<\/span><\/li><li><span style=\"color: #333333;\">Un connecteur d&rsquo;alimentation suppl\u00e9mentaire \u00e0 6 broches et un \u00e0 8 broches<\/span><\/li><li><span style=\"color: #333333;\">Alimentation syst\u00e8me de 650 W ou plus\u00a0<sup>2<\/sup><\/span><\/li><li><span style=\"color: #333333;\">1,5 Go d&rsquo;espace disponible sur le disque dur<\/span><\/li><li><span style=\"color: #333333;\">M\u00e9moire syst\u00e8me de 8 Go (16 Go ou plus recommand\u00e9s)<\/span><\/li><li><span style=\"color: #333333;\">Microsoft Windows\u00a0<sup>\u00ae<\/sup>\u00a010 (novembre 2018 ou version ult\u00e9rieure), Windows 7 64 bits, Linux 64 bits<\/span><\/li><li><span style=\"color: #333333;\">Connexion Internet\u00a0<\/span><\/li><\/ul><\/div>\n\t\t\t\t<\/div>\n\t\t\t\t<\/div>\n\t\t\t\t\t\t<\/div>\n\t\t\t\t\t<\/div>\n\t\t<\/div>\n\t\t\t\t\t\t\t\t<\/div>\n\t\t\t\t\t<\/div>\n\t\t<\/section>\n\t\t\t\t<section class=\"elementor-section elementor-top-section elementor-element elementor-element-756368f9 elementor-section-boxed elementor-section-height-default elementor-section-height-default\" data-id=\"756368f9\" data-element_type=\"section\">\n\t\t\t\t\t\t<div class=\"elementor-container elementor-column-gap-default\">\n\t\t\t\t\t\t\t<div class=\"elementor-row\">\n\t\t\t\t\t<div class=\"elementor-column elementor-col-100 elementor-top-column elementor-element elementor-element-671b001c\" data-id=\"671b001c\" data-element_type=\"column\">\n\t\t\t<div class=\"elementor-column-wrap elementor-element-populated\">\n\t\t\t\t\t\t\t<div class=\"elementor-widget-wrap\">\n\t\t\t\t\t\t<div class=\"elementor-element elementor-element-4348708f elementor-widget elementor-widget-text-editor\" data-id=\"4348708f\" data-element_type=\"widget\" data-widget_type=\"text-editor.default\">\n\t\t\t\t<div class=\"elementor-widget-container\">\n\t\t\t\t\t<div class=\"elementor-text-editor elementor-clearfix\"><p><span style=\"color: #333333;\"><strong>CARACT\u00c9RISTIQUES PRINCIPALES :<\/strong><\/span><\/p><ul><li><span style=\"color: #333333;\">Noyaux de lancer de rayons<\/span><\/li><li><span style=\"color: #333333;\">C\u0153urs de tenseurs<\/span><\/li><li><span style=\"color: #333333;\">Ombrage adaptatif NVIDIA<\/span><\/li><li><span style=\"color: #333333;\">NVIDIA GeForce Experience \u2122<\/span><\/li><li><span style=\"color: #333333;\">NVIDIA Ansel<\/span><\/li><li><span style=\"color: #333333;\">Points forts de NVIDIA<\/span><\/li><li><span style=\"color: #333333;\">Compatible avec\u00a0NVIDIA G-SYNC\u00a0<sup>\u00ae<\/sup><\/span><\/li><li><span style=\"color: #333333;\">NVIDIA NVLink \u2122 (compatible SLI)<\/span><\/li><li><span style=\"color: #333333;\">Pilotes pr\u00eats pour le jeu<\/span><\/li><li><span style=\"color: #333333;\">Raytracing Microsoft DirectX\u00a0<sup>\u00ae<\/sup>\u00a012<\/span><\/li><li><span style=\"color: #333333;\">API Vulkan RT, OpenGL 4.6<\/span><\/li><li><span style=\"color: #333333;\">HDCP 2.2<\/span><\/li><\/ul><\/div>\n\t\t\t\t<\/div>\n\t\t\t\t<\/div>\n\t\t\t\t\t\t<\/div>\n\t\t\t\t\t<\/div>\n\t\t<\/div>\n\t\t\t\t\t\t\t\t<\/div>\n\t\t\t\t\t<\/div>\n\t\t<\/section>\n\t\t\t\t<section class=\"elementor-section elementor-top-section elementor-element elementor-element-c230d11 elementor-section-boxed elementor-section-height-default elementor-section-height-default\" data-id=\"c230d11\" data-element_type=\"section\">\n\t\t\t\t\t\t<div class=\"elementor-container elementor-column-gap-default\">\n\t\t\t\t\t\t\t<div class=\"elementor-row\">\n\t\t\t\t\t<div class=\"elementor-column elementor-col-100 elementor-top-column elementor-element elementor-element-7ba57b1\" data-id=\"7ba57b1\" data-element_type=\"column\">\n\t\t\t<div class=\"elementor-column-wrap elementor-element-populated\">\n\t\t\t\t\t\t\t<div class=\"elementor-widget-wrap\">\n\t\t\t\t\t\t<div class=\"elementor-element elementor-element-470de47c elementor-widget elementor-widget-text-editor\" data-id=\"470de47c\" data-element_type=\"widget\" data-widget_type=\"text-editor.default\">\n\t\t\t\t<div class=\"elementor-widget-container\">\n\t\t\t\t\t<div class=\"elementor-text-editor elementor-clearfix\"><table width=\"584\"><tbody><tr><td><p><span style=\"color: #333333;\"><strong>Num\u00e9ro de pi\u00e8ce PNY<\/strong><\/span><\/p><\/td><td><p><span style=\"color: #333333;\">VCG20808SBLMPB<\/span><\/p><\/td><\/tr><tr><td><p><span style=\"color: #333333;\"><strong>Code UPC<\/strong><\/span><\/p><\/td><td><p><span style=\"color: #333333;\">751492630410<\/span><\/p><\/td><\/tr><tr><td><p><span style=\"color: #333333;\"><strong>Vitesse de l&rsquo;horloge<\/strong><\/span><\/p><\/td><td><p><span style=\"color: #333333;\">1650 MHz<\/span><\/p><\/td><\/tr><tr><td><p><span style=\"color: #333333;\"><strong>Augmenter la vitesse<\/strong><\/span><\/p><\/td><td><p><span style=\"color: #333333;\">1815 MHz<\/span><\/p><\/td><\/tr><tr><td><p><span style=\"color: #333333;\"><strong>Vitesse de la m\u00e9moire (Gbps)<\/strong><\/span><\/p><\/td><td><p><span style=\"color: #333333;\">15,5<\/span><\/p><\/td><\/tr><tr><td><p><span style=\"color: #333333;\"><strong>Taille m\u00e9moire<\/strong><\/span><\/p><\/td><td><p><span style=\"color: #333333;\">8 Go de GDDR6<\/span><\/p><\/td><\/tr><tr><td><p><span style=\"color: #333333;\"><strong>Interface m\u00e9moire<\/strong><\/span><\/p><\/td><td><p><span style=\"color: #333333;\">256 bits<\/span><\/p><\/td><\/tr><tr><td><p><span style=\"color: #333333;\"><strong>Bande passante m\u00e9moire (Go \/ sec)<\/strong><\/span><\/p><\/td><td><p><span style=\"color: #333333;\">496<\/span><\/p><\/td><\/tr><tr><td><p><span style=\"color: #333333;\"><strong>TDP<\/strong><\/span><\/p><\/td><td><p><span style=\"color: #333333;\">250 W<\/span><\/p><\/td><\/tr><tr><td><p><span style=\"color: #333333;\"><strong>NVLink<\/strong><\/span><\/p><\/td><td><p><span style=\"color: #333333;\">Prise en charge<\/span><\/p><\/td><\/tr><tr><td><p><span style=\"color: #333333;\"><strong>Les sorties<\/strong><\/span><\/p><\/td><td><p><span style=\"color: #333333;\">DisplayPort 1.4 (x3), HDMI 2.0b<\/span><\/p><\/td><\/tr><tr><td><p><span style=\"color: #333333;\"><strong>Multi \u00e9cran<\/strong><\/span><\/p><\/td><td><p><span style=\"color: #333333;\">Oui<\/span><\/p><\/td><\/tr><tr><td><p><span style=\"color: #333333;\"><strong>R\u00e9solution<\/strong><\/span><\/p><\/td><td><p><span style=\"color: #333333;\">7680 \u00d7 4320 \u00e0 60 Hz (num\u00e9rique)\u00a0<sup>1<\/sup><\/span><\/p><\/td><\/tr><tr><td><p><span style=\"color: #333333;\"><strong>Entr\u00e9e de puissance<\/strong><\/span><\/p><\/td><td><p><span style=\"color: #333333;\">Un 6 broches, un 8 broches<\/span><\/p><\/td><\/tr><tr><td><p><span style=\"color: #333333;\"><strong>Type de bus<\/strong><\/span><\/p><\/td><td><p><span style=\"color: #333333;\">PCI-Express 3.0 \u00d7 16<\/span><\/p><\/td><\/tr><tr><td><p><span style=\"color: #333333;\"><strong>Dimensions de la carte<\/strong><\/span><\/p><\/td><td><p><span style=\"color: #333333;\">1,38 \u00ab\u00a0\u00d7 10,50\u00a0\u00bb \u00d7 4,50 \u00ab\u00a0, double emplacement<\/span><\/p><\/td><\/tr><tr><td><p><span style=\"color: #333333;\"><strong>Dimensions de la bo\u00eete<\/strong><\/span><\/p><\/td><td><p><span style=\"color: #333333;\">6,76 \u00ab\u00a0\u00d7 12,21\u00a0\u00bb \u00d7 3,53 \u00ab\u00a0<\/span><\/p><\/td><\/tr><\/tbody><\/table><\/div>\n\t\t\t\t<\/div>\n\t\t\t\t<\/div>\n\t\t\t\t\t\t<\/div>\n\t\t\t\t\t<\/div>\n\t\t<\/div>\n\t\t\t\t\t\t\t\t<\/div>\n\t\t\t\t\t<\/div>\n\t\t<\/section>\n\t\t\t\t\t\t<\/div>\n\t\t\t\t\t\t<\/div>\n\t\t\t\t\t<\/div>\n\t\t","protected":false},"excerpt":{"rendered":"<p>Nous contacter ! PNY GEFORCE RTX 2080 SUPER EN SAVOIR PLUS Puissante carte graphique pour un travail pro ! La GeForce RTX 2080 SUPER est aliment\u00e9e par l&rsquo;architecture prim\u00e9e NVIDIA Turing avec plus de c\u0153urs, des horloges plus \u00e9lev\u00e9es et une m\u00e9moire plus rapide pour des performances ultimes et de nouveaux niveaux de r\u00e9alisme incroyables.\u00a0Il [&hellip;]<\/p>\n","protected":false},"author":2,"featured_media":0,"parent":0,"menu_order":0,"comment_status":"closed","ping_status":"closed","template":"","meta":{"footnotes":""},"class_list":["post-1514","page","type-page","status-publish","hentry","post"],"_links":{"self":[{"href":"https:\/\/enhakkore.net\/produits\/wp-json\/wp\/v2\/pages\/1514","targetHints":{"allow":["GET"]}}],"collection":[{"href":"https:\/\/enhakkore.net\/produits\/wp-json\/wp\/v2\/pages"}],"about":[{"href":"https:\/\/enhakkore.net\/produits\/wp-json\/wp\/v2\/types\/page"}],"author":[{"embeddable":true,"href":"https:\/\/enhakkore.net\/produits\/wp-json\/wp\/v2\/users\/2"}],"replies":[{"embeddable":true,"href":"https:\/\/enhakkore.net\/produits\/wp-json\/wp\/v2\/comments?post=1514"}],"version-history":[{"count":7,"href":"https:\/\/enhakkore.net\/produits\/wp-json\/wp\/v2\/pages\/1514\/revisions"}],"predecessor-version":[{"id":1879,"href":"https:\/\/enhakkore.net\/produits\/wp-json\/wp\/v2\/pages\/1514\/revisions\/1879"}],"wp:attachment":[{"href":"https:\/\/enhakkore.net\/produits\/wp-json\/wp\/v2\/media?parent=1514"}],"curies":[{"name":"wp","href":"https:\/\/api.w.org\/{rel}","templated":true}]}}