{"id":1492,"date":"2021-02-26T14:24:52","date_gmt":"2021-02-26T13:24:52","guid":{"rendered":"https:\/\/enhakkore.net\/produits\/?page_id=1492"},"modified":"2021-04-07T14:52:51","modified_gmt":"2021-04-07T12:52:51","slug":"disque-ssd-interne-micron-1100-1to-2-5","status":"publish","type":"page","link":"https:\/\/enhakkore.net\/produits\/disque-ssd-interne-micron-1100-1to-2-5\/","title":{"rendered":"DISQUE SSD INTERNE MICRON 1100 1To 2.5&Prime;"},"content":{"rendered":"\t\t<div data-elementor-type=\"wp-page\" data-elementor-id=\"1492\" class=\"elementor elementor-1492\" data-elementor-settings=\"[]\">\n\t\t\t\t\t\t<div class=\"elementor-inner\">\n\t\t\t\t\t\t\t<div class=\"elementor-section-wrap\">\n\t\t\t\t\t\t\t<section class=\"elementor-section elementor-top-section elementor-element elementor-element-80da079 elementor-section-boxed elementor-section-height-default elementor-section-height-default\" data-id=\"80da079\" data-element_type=\"section\">\n\t\t\t\t\t\t<div class=\"elementor-container elementor-column-gap-default\">\n\t\t\t\t\t\t\t<div class=\"elementor-row\">\n\t\t\t\t\t<div class=\"elementor-column elementor-col-100 elementor-top-column elementor-element elementor-element-5f229028\" data-id=\"5f229028\" data-element_type=\"column\">\n\t\t\t<div class=\"elementor-column-wrap elementor-element-populated\">\n\t\t\t\t\t\t\t<div class=\"elementor-widget-wrap\">\n\t\t\t\t\t\t<div class=\"elementor-element elementor-element-1b4d6afa elementor-widget elementor-widget-image\" data-id=\"1b4d6afa\" data-element_type=\"widget\" data-widget_type=\"image.default\">\n\t\t\t\t<div class=\"elementor-widget-container\">\n\t\t\t\t\t<div class=\"elementor-image\">\n\t\t\t\t\t\t\t\t\t\t\t<a href=\"https:\/\/enhakkore.net\/produits\/wp-content\/uploads\/2021\/02\/MICRON-1100-2.5-SSD-MODEL-MTFDDAK1T0TBN-1T0.jpg\" data-elementor-open-lightbox=\"yes\" data-elementor-lightbox-title=\"MICRON 1100 2.5 SSD MODEL MTFDDAK1T0TBN 1T0\">\n\t\t\t\t\t\t\t<img loading=\"lazy\" decoding=\"async\" width=\"300\" height=\"176\" src=\"https:\/\/enhakkore.net\/produits\/wp-content\/uploads\/2021\/02\/MICRON-1100-2.5-SSD-MODEL-MTFDDAK1T0TBN-1T0-300x176.jpg\" class=\"attachment-medium size-medium\" alt=\"\" srcset=\"https:\/\/enhakkore.net\/produits\/wp-content\/uploads\/2021\/02\/MICRON-1100-2.5-SSD-MODEL-MTFDDAK1T0TBN-1T0-300x176.jpg 300w, https:\/\/enhakkore.net\/produits\/wp-content\/uploads\/2021\/02\/MICRON-1100-2.5-SSD-MODEL-MTFDDAK1T0TBN-1T0-1024x600.jpg 1024w, https:\/\/enhakkore.net\/produits\/wp-content\/uploads\/2021\/02\/MICRON-1100-2.5-SSD-MODEL-MTFDDAK1T0TBN-1T0-768x450.jpg 768w, https:\/\/enhakkore.net\/produits\/wp-content\/uploads\/2021\/02\/MICRON-1100-2.5-SSD-MODEL-MTFDDAK1T0TBN-1T0.jpg 1500w\" sizes=\"auto, (max-width: 300px) 100vw, 300px\" \/>\t\t\t\t\t\t\t\t<\/a>\n\t\t\t\t\t\t\t\t\t\t\t<\/div>\n\t\t\t\t<\/div>\n\t\t\t\t<\/div>\n\t\t\t\t\t\t<\/div>\n\t\t\t\t\t<\/div>\n\t\t<\/div>\n\t\t\t\t\t\t\t\t<\/div>\n\t\t\t\t\t<\/div>\n\t\t<\/section>\n\t\t\t\t<section class=\"elementor-section elementor-top-section elementor-element elementor-element-5cb0c3aa elementor-section-boxed elementor-section-height-default elementor-section-height-default\" data-id=\"5cb0c3aa\" data-element_type=\"section\">\n\t\t\t\t\t\t<div class=\"elementor-container elementor-column-gap-default\">\n\t\t\t\t\t\t\t<div class=\"elementor-row\">\n\t\t\t\t\t<div class=\"elementor-column elementor-col-100 elementor-top-column elementor-element elementor-element-1c58e976\" data-id=\"1c58e976\" data-element_type=\"column\">\n\t\t\t<div class=\"elementor-column-wrap elementor-element-populated\">\n\t\t\t\t\t\t\t<div class=\"elementor-widget-wrap\">\n\t\t\t\t\t\t<div class=\"elementor-element elementor-element-3b5ecaf8 elementor-widget-divider--view-line elementor-widget elementor-widget-divider\" data-id=\"3b5ecaf8\" data-element_type=\"widget\" data-widget_type=\"divider.default\">\n\t\t\t\t<div class=\"elementor-widget-container\">\n\t\t\t\t\t<div class=\"elementor-divider\">\n\t\t\t<span class=\"elementor-divider-separator\">\n\t\t\t\t\t\t<\/span>\n\t\t<\/div>\n\t\t\t\t<\/div>\n\t\t\t\t<\/div>\n\t\t\t\t\t\t<\/div>\n\t\t\t\t\t<\/div>\n\t\t<\/div>\n\t\t\t\t\t\t\t\t<\/div>\n\t\t\t\t\t<\/div>\n\t\t<\/section>\n\t\t\t\t<section class=\"elementor-section elementor-top-section elementor-element elementor-element-5bb3a9c1 elementor-section-boxed elementor-section-height-default elementor-section-height-default\" data-id=\"5bb3a9c1\" data-element_type=\"section\">\n\t\t\t\t\t\t<div class=\"elementor-container elementor-column-gap-default\">\n\t\t\t\t\t\t\t<div class=\"elementor-row\">\n\t\t\t\t\t<div class=\"elementor-column elementor-col-100 elementor-top-column elementor-element elementor-element-7461dd88\" data-id=\"7461dd88\" data-element_type=\"column\">\n\t\t\t<div class=\"elementor-column-wrap elementor-element-populated\">\n\t\t\t\t\t\t\t<div class=\"elementor-widget-wrap\">\n\t\t\t\t\t\t<div class=\"elementor-element elementor-element-781c9f79 elementor-widget elementor-widget-text-editor\" data-id=\"781c9f79\" data-element_type=\"widget\" data-widget_type=\"text-editor.default\">\n\t\t\t\t<div class=\"elementor-widget-container\">\n\t\t\t\t\t<div class=\"elementor-text-editor elementor-clearfix\"><h3><span style=\"color: #000000;\"><strong><span style=\"color: #ff0000;\"><em>Nous contacter !<\/em><\/span><br \/><\/strong><\/span><\/h3><\/div>\n\t\t\t\t<\/div>\n\t\t\t\t<\/div>\n\t\t\t\t\t\t<\/div>\n\t\t\t\t\t<\/div>\n\t\t<\/div>\n\t\t\t\t\t\t\t\t<\/div>\n\t\t\t\t\t<\/div>\n\t\t<\/section>\n\t\t\t\t<section class=\"elementor-section elementor-top-section elementor-element elementor-element-7b25f867 elementor-section-boxed elementor-section-height-default elementor-section-height-default\" data-id=\"7b25f867\" data-element_type=\"section\">\n\t\t\t\t\t\t<div class=\"elementor-container elementor-column-gap-default\">\n\t\t\t\t\t\t\t<div class=\"elementor-row\">\n\t\t\t\t\t<div class=\"elementor-column elementor-col-100 elementor-top-column elementor-element elementor-element-37a1a340\" data-id=\"37a1a340\" data-element_type=\"column\">\n\t\t\t<div class=\"elementor-column-wrap elementor-element-populated\">\n\t\t\t\t\t\t\t<div class=\"elementor-widget-wrap\">\n\t\t\t\t\t\t<div class=\"elementor-element elementor-element-385516f0 elementor-widget-divider--view-line elementor-widget elementor-widget-divider\" data-id=\"385516f0\" data-element_type=\"widget\" data-widget_type=\"divider.default\">\n\t\t\t\t<div class=\"elementor-widget-container\">\n\t\t\t\t\t<div class=\"elementor-divider\">\n\t\t\t<span class=\"elementor-divider-separator\">\n\t\t\t\t\t\t<\/span>\n\t\t<\/div>\n\t\t\t\t<\/div>\n\t\t\t\t<\/div>\n\t\t\t\t\t\t<\/div>\n\t\t\t\t\t<\/div>\n\t\t<\/div>\n\t\t\t\t\t\t\t\t<\/div>\n\t\t\t\t\t<\/div>\n\t\t<\/section>\n\t\t\t\t<section class=\"elementor-section elementor-top-section elementor-element elementor-element-3b419bef elementor-section-boxed elementor-section-height-default elementor-section-height-default\" data-id=\"3b419bef\" data-element_type=\"section\">\n\t\t\t\t\t\t<div class=\"elementor-container elementor-column-gap-default\">\n\t\t\t\t\t\t\t<div class=\"elementor-row\">\n\t\t\t\t\t<div class=\"elementor-column elementor-col-100 elementor-top-column elementor-element elementor-element-5e33fb4b\" data-id=\"5e33fb4b\" data-element_type=\"column\">\n\t\t\t<div class=\"elementor-column-wrap elementor-element-populated\">\n\t\t\t\t\t\t\t<div class=\"elementor-widget-wrap\">\n\t\t\t\t\t\t<div class=\"elementor-element elementor-element-6ab8fe27 elementor-widget elementor-widget-text-editor\" data-id=\"6ab8fe27\" data-element_type=\"widget\" data-widget_type=\"text-editor.default\">\n\t\t\t\t<div class=\"elementor-widget-container\">\n\t\t\t\t\t<div class=\"elementor-text-editor elementor-clearfix\"><h1><span style=\"color: #808080;\"><strong><span style=\"color: #000000;\">DISQUE SSD INTERNE MICRON 1100 1To 2.5&Prime;<br \/><\/span><\/strong><\/span><\/h1><\/div>\n\t\t\t\t<\/div>\n\t\t\t\t<\/div>\n\t\t\t\t\t\t<\/div>\n\t\t\t\t\t<\/div>\n\t\t<\/div>\n\t\t\t\t\t\t\t\t<\/div>\n\t\t\t\t\t<\/div>\n\t\t<\/section>\n\t\t\t\t<section class=\"elementor-section elementor-top-section elementor-element elementor-element-382dded0 elementor-section-boxed elementor-section-height-default elementor-section-height-default\" data-id=\"382dded0\" data-element_type=\"section\">\n\t\t\t\t\t\t<div class=\"elementor-container elementor-column-gap-default\">\n\t\t\t\t\t\t\t<div class=\"elementor-row\">\n\t\t\t\t\t<div class=\"elementor-column elementor-col-100 elementor-top-column elementor-element elementor-element-225ff9df\" data-id=\"225ff9df\" data-element_type=\"column\">\n\t\t\t<div class=\"elementor-column-wrap elementor-element-populated\">\n\t\t\t\t\t\t\t<div class=\"elementor-widget-wrap\">\n\t\t\t\t\t\t<div class=\"elementor-element elementor-element-7836a2c3 elementor-widget elementor-widget-text-editor\" data-id=\"7836a2c3\" data-element_type=\"widget\" data-widget_type=\"text-editor.default\">\n\t\t\t\t<div class=\"elementor-widget-container\">\n\t\t\t\t\t<div class=\"elementor-text-editor elementor-clearfix\"><h5><span style=\"color: #ffffff;\"><strong>EN SAVOIR PLUS<\/strong><\/span><\/h5><\/div>\n\t\t\t\t<\/div>\n\t\t\t\t<\/div>\n\t\t\t\t\t\t<\/div>\n\t\t\t\t\t<\/div>\n\t\t<\/div>\n\t\t\t\t\t\t\t\t<\/div>\n\t\t\t\t\t<\/div>\n\t\t<\/section>\n\t\t\t\t<section class=\"elementor-section elementor-top-section elementor-element elementor-element-24a06e44 elementor-section-boxed elementor-section-height-default elementor-section-height-default\" data-id=\"24a06e44\" data-element_type=\"section\">\n\t\t\t\t\t\t<div class=\"elementor-container elementor-column-gap-default\">\n\t\t\t\t\t\t\t<div class=\"elementor-row\">\n\t\t\t\t\t<div class=\"elementor-column elementor-col-100 elementor-top-column elementor-element elementor-element-49e68494\" data-id=\"49e68494\" data-element_type=\"column\">\n\t\t\t<div class=\"elementor-column-wrap elementor-element-populated\">\n\t\t\t\t\t\t\t<div class=\"elementor-widget-wrap\">\n\t\t\t\t\t\t<div class=\"elementor-element elementor-element-344de9a6 elementor-widget elementor-widget-text-editor\" data-id=\"344de9a6\" data-element_type=\"widget\" data-widget_type=\"text-editor.default\">\n\t\t\t\t<div class=\"elementor-widget-container\">\n\t\t\t\t\t<div class=\"elementor-text-editor elementor-clearfix\"><h2><span style=\"color: #000000;\"><strong><span style=\"color: #000000;\">Un disque solide pour la conservation de vos donn\u00e9es de fa\u00e7on s\u00fbre\u00a0 !<\/span><br \/><\/strong><\/span><\/h2><\/div>\n\t\t\t\t<\/div>\n\t\t\t\t<\/div>\n\t\t\t\t\t\t<\/div>\n\t\t\t\t\t<\/div>\n\t\t<\/div>\n\t\t\t\t\t\t\t\t<\/div>\n\t\t\t\t\t<\/div>\n\t\t<\/section>\n\t\t\t\t<section class=\"elementor-section elementor-top-section elementor-element elementor-element-62312902 elementor-section-boxed elementor-section-height-default elementor-section-height-default\" data-id=\"62312902\" data-element_type=\"section\">\n\t\t\t\t\t\t<div class=\"elementor-container elementor-column-gap-default\">\n\t\t\t\t\t\t\t<div class=\"elementor-row\">\n\t\t\t\t\t<div class=\"elementor-column elementor-col-100 elementor-top-column elementor-element elementor-element-45c4f302\" data-id=\"45c4f302\" data-element_type=\"column\">\n\t\t\t<div class=\"elementor-column-wrap elementor-element-populated\">\n\t\t\t\t\t\t\t<div class=\"elementor-widget-wrap\">\n\t\t\t\t\t\t<div class=\"elementor-element elementor-element-61c4ff6b elementor-widget elementor-widget-text-editor\" data-id=\"61c4ff6b\" data-element_type=\"widget\" data-widget_type=\"text-editor.default\">\n\t\t\t\t<div class=\"elementor-widget-container\">\n\t\t\t\t\t<div class=\"elementor-text-editor elementor-clearfix\"><ul><li><span style=\"color: #333333;\">Stockage &#8211; un \u00e9tat de l&rsquo;art, empilable 32 niveau 3D-NET mourir permet jusqu&rsquo;\u00e0 2 To de stockage dans un facteur de forme de 2,5 pouces et 1 To dans une M.2.<\/span><\/li><li><span style=\"color: #333333;\">La dur\u00e9e de vie de la batterie &#8211; l&rsquo;efficacit\u00e9 \u00e9nerg\u00e9tique de premier de classe se traduit par une consommation \u00e9lectrique beaucoup plus faible par rapport \u00e0 des disques durs<\/span><\/li><li><span style=\"color: #333333;\">S\u00e9curit\u00e9 des donn\u00e9es &#8211; Les principaux au cryptage mat\u00e9riel et de l&rsquo;am\u00e9lioration des fonctions de protection des donn\u00e9es La protection de vos donn\u00e9es.<\/span><\/li><li><span style=\"color: #333333;\">Fiabilit\u00e9 &#8211; limites de contr\u00f4le thermique adaptative de la chaleur g\u00e9n\u00e9r\u00e9e par le SSD et augmente la fiabilit\u00e9 dans les dessins avec une petite empreinte-M.2 facteur de forme.<\/span><\/li><li><span style=\"color: #333333;\">&#8211; l&rsquo;optimisation de l&rsquo;Endurance TLC 3D NET permet d&rsquo;augmenter le rendement et l&rsquo;augmentation de l&rsquo;endurance &#8211; jusqu&rsquo;\u00e0 5X le TBW standard de l&rsquo;industrie.<\/span><\/li><\/ul><\/div>\n\t\t\t\t<\/div>\n\t\t\t\t<\/div>\n\t\t\t\t\t\t<\/div>\n\t\t\t\t\t<\/div>\n\t\t<\/div>\n\t\t\t\t\t\t\t\t<\/div>\n\t\t\t\t\t<\/div>\n\t\t<\/section>\n\t\t\t\t<section class=\"elementor-section elementor-top-section elementor-element elementor-element-395ce090 elementor-section-boxed elementor-section-height-default elementor-section-height-default\" data-id=\"395ce090\" data-element_type=\"section\">\n\t\t\t\t\t\t<div class=\"elementor-container elementor-column-gap-default\">\n\t\t\t\t\t\t\t<div class=\"elementor-row\">\n\t\t\t\t\t<div class=\"elementor-column elementor-col-100 elementor-top-column elementor-element elementor-element-1a2d967a\" data-id=\"1a2d967a\" data-element_type=\"column\">\n\t\t\t<div class=\"elementor-column-wrap elementor-element-populated\">\n\t\t\t\t\t\t\t<div class=\"elementor-widget-wrap\">\n\t\t\t\t\t\t<div class=\"elementor-element elementor-element-50575d8b elementor-widget elementor-widget-image\" data-id=\"50575d8b\" data-element_type=\"widget\" data-widget_type=\"image.default\">\n\t\t\t\t<div class=\"elementor-widget-container\">\n\t\t\t\t\t<div class=\"elementor-image\">\n\t\t\t\t\t\t\t\t\t\t<img loading=\"lazy\" decoding=\"async\" width=\"720\" height=\"394\" src=\"https:\/\/enhakkore.net\/produits\/wp-content\/uploads\/2021\/02\/MICRON-1100-2.5-SSD-MODEL-MTFDDAK1T0TBN-1T0-01-1024x560.jpg\" class=\"attachment-large size-large\" alt=\"\" srcset=\"https:\/\/enhakkore.net\/produits\/wp-content\/uploads\/2021\/02\/MICRON-1100-2.5-SSD-MODEL-MTFDDAK1T0TBN-1T0-01-1024x560.jpg 1024w, https:\/\/enhakkore.net\/produits\/wp-content\/uploads\/2021\/02\/MICRON-1100-2.5-SSD-MODEL-MTFDDAK1T0TBN-1T0-01-300x164.jpg 300w, https:\/\/enhakkore.net\/produits\/wp-content\/uploads\/2021\/02\/MICRON-1100-2.5-SSD-MODEL-MTFDDAK1T0TBN-1T0-01-768x420.jpg 768w, https:\/\/enhakkore.net\/produits\/wp-content\/uploads\/2021\/02\/MICRON-1100-2.5-SSD-MODEL-MTFDDAK1T0TBN-1T0-01.jpg 1473w\" sizes=\"auto, (max-width: 720px) 100vw, 720px\" \/>\t\t\t\t\t\t\t\t\t\t\t<\/div>\n\t\t\t\t<\/div>\n\t\t\t\t<\/div>\n\t\t\t\t\t\t<\/div>\n\t\t\t\t\t<\/div>\n\t\t<\/div>\n\t\t\t\t\t\t\t\t<\/div>\n\t\t\t\t\t<\/div>\n\t\t<\/section>\n\t\t\t\t\t\t<\/div>\n\t\t\t\t\t\t<\/div>\n\t\t\t\t\t<\/div>\n\t\t","protected":false},"excerpt":{"rendered":"<p>Nous contacter ! DISQUE SSD INTERNE MICRON 1100 1To 2.5&Prime; EN SAVOIR PLUS Un disque solide pour la conservation de vos donn\u00e9es de fa\u00e7on s\u00fbre\u00a0 ! Stockage &#8211; un \u00e9tat de l&rsquo;art, empilable 32 niveau 3D-NET mourir permet jusqu&rsquo;\u00e0 2 To de stockage dans un facteur de forme de 2,5 pouces et 1 To dans [&hellip;]<\/p>\n","protected":false},"author":2,"featured_media":0,"parent":0,"menu_order":0,"comment_status":"closed","ping_status":"closed","template":"","meta":{"footnotes":""},"class_list":["post-1492","page","type-page","status-publish","hentry","post"],"_links":{"self":[{"href":"https:\/\/enhakkore.net\/produits\/wp-json\/wp\/v2\/pages\/1492","targetHints":{"allow":["GET"]}}],"collection":[{"href":"https:\/\/enhakkore.net\/produits\/wp-json\/wp\/v2\/pages"}],"about":[{"href":"https:\/\/enhakkore.net\/produits\/wp-json\/wp\/v2\/types\/page"}],"author":[{"embeddable":true,"href":"https:\/\/enhakkore.net\/produits\/wp-json\/wp\/v2\/users\/2"}],"replies":[{"embeddable":true,"href":"https:\/\/enhakkore.net\/produits\/wp-json\/wp\/v2\/comments?post=1492"}],"version-history":[{"count":13,"href":"https:\/\/enhakkore.net\/produits\/wp-json\/wp\/v2\/pages\/1492\/revisions"}],"predecessor-version":[{"id":1912,"href":"https:\/\/enhakkore.net\/produits\/wp-json\/wp\/v2\/pages\/1492\/revisions\/1912"}],"wp:attachment":[{"href":"https:\/\/enhakkore.net\/produits\/wp-json\/wp\/v2\/media?parent=1492"}],"curies":[{"name":"wp","href":"https:\/\/api.w.org\/{rel}","templated":true}]}}