{"id":1456,"date":"2021-02-26T12:47:39","date_gmt":"2021-02-26T11:47:39","guid":{"rendered":"https:\/\/enhakkore.net\/produits\/?page_id=1456"},"modified":"2021-02-26T14:14:33","modified_gmt":"2021-02-26T13:14:33","slug":"apc-bv1000i-easy-ups-bv-1000va-avr-iec-230v","status":"publish","type":"page","link":"https:\/\/enhakkore.net\/produits\/apc-bv1000i-easy-ups-bv-1000va-avr-iec-230v\/","title":{"rendered":"APC BV1000I EASY UPS BV 1000VA AVR IEC 230V"},"content":{"rendered":"\t\t<div data-elementor-type=\"wp-page\" data-elementor-id=\"1456\" class=\"elementor elementor-1456\" data-elementor-settings=\"[]\">\n\t\t\t\t\t\t<div class=\"elementor-inner\">\n\t\t\t\t\t\t\t<div class=\"elementor-section-wrap\">\n\t\t\t\t\t\t\t<section class=\"elementor-section elementor-top-section elementor-element elementor-element-5992dbda elementor-section-boxed elementor-section-height-default elementor-section-height-default\" data-id=\"5992dbda\" data-element_type=\"section\">\n\t\t\t\t\t\t<div class=\"elementor-container elementor-column-gap-default\">\n\t\t\t\t\t\t\t<div class=\"elementor-row\">\n\t\t\t\t\t<div class=\"elementor-column elementor-col-100 elementor-top-column elementor-element elementor-element-19edfa4a\" data-id=\"19edfa4a\" data-element_type=\"column\">\n\t\t\t<div class=\"elementor-column-wrap elementor-element-populated\">\n\t\t\t\t\t\t\t<div class=\"elementor-widget-wrap\">\n\t\t\t\t\t\t<div class=\"elementor-element elementor-element-2aeeb065 elementor-widget elementor-widget-image\" data-id=\"2aeeb065\" data-element_type=\"widget\" data-widget_type=\"image.default\">\n\t\t\t\t<div class=\"elementor-widget-container\">\n\t\t\t\t\t<div class=\"elementor-image\">\n\t\t\t\t\t\t\t\t\t\t\t<a href=\"https:\/\/enhakkore.net\/produits\/wp-content\/uploads\/2021\/02\/APC-BV1000I-scaled.jpg\" data-elementor-open-lightbox=\"yes\" data-elementor-lightbox-title=\"APC BV1000I\">\n\t\t\t\t\t\t\t<img loading=\"lazy\" decoding=\"async\" width=\"300\" height=\"182\" src=\"https:\/\/enhakkore.net\/produits\/wp-content\/uploads\/2021\/02\/APC-BV1000I-300x182.jpg\" class=\"attachment-medium size-medium\" alt=\"\" srcset=\"https:\/\/enhakkore.net\/produits\/wp-content\/uploads\/2021\/02\/APC-BV1000I-300x182.jpg 300w, https:\/\/enhakkore.net\/produits\/wp-content\/uploads\/2021\/02\/APC-BV1000I-1024x621.jpg 1024w, https:\/\/enhakkore.net\/produits\/wp-content\/uploads\/2021\/02\/APC-BV1000I-768x466.jpg 768w, https:\/\/enhakkore.net\/produits\/wp-content\/uploads\/2021\/02\/APC-BV1000I-1536x932.jpg 1536w, https:\/\/enhakkore.net\/produits\/wp-content\/uploads\/2021\/02\/APC-BV1000I-2048x1242.jpg 2048w\" sizes=\"auto, (max-width: 300px) 100vw, 300px\" \/>\t\t\t\t\t\t\t\t<\/a>\n\t\t\t\t\t\t\t\t\t\t\t<\/div>\n\t\t\t\t<\/div>\n\t\t\t\t<\/div>\n\t\t\t\t\t\t<\/div>\n\t\t\t\t\t<\/div>\n\t\t<\/div>\n\t\t\t\t\t\t\t\t<\/div>\n\t\t\t\t\t<\/div>\n\t\t<\/section>\n\t\t\t\t<section class=\"elementor-section elementor-top-section elementor-element elementor-element-78610dfc elementor-section-boxed elementor-section-height-default elementor-section-height-default\" data-id=\"78610dfc\" data-element_type=\"section\">\n\t\t\t\t\t\t<div class=\"elementor-container elementor-column-gap-default\">\n\t\t\t\t\t\t\t<div class=\"elementor-row\">\n\t\t\t\t\t<div class=\"elementor-column elementor-col-100 elementor-top-column elementor-element elementor-element-2b8323e3\" data-id=\"2b8323e3\" data-element_type=\"column\">\n\t\t\t<div class=\"elementor-column-wrap elementor-element-populated\">\n\t\t\t\t\t\t\t<div class=\"elementor-widget-wrap\">\n\t\t\t\t\t\t<div class=\"elementor-element elementor-element-3c30681b elementor-widget-divider--view-line elementor-widget elementor-widget-divider\" data-id=\"3c30681b\" data-element_type=\"widget\" data-widget_type=\"divider.default\">\n\t\t\t\t<div class=\"elementor-widget-container\">\n\t\t\t\t\t<div class=\"elementor-divider\">\n\t\t\t<span class=\"elementor-divider-separator\">\n\t\t\t\t\t\t<\/span>\n\t\t<\/div>\n\t\t\t\t<\/div>\n\t\t\t\t<\/div>\n\t\t\t\t\t\t<\/div>\n\t\t\t\t\t<\/div>\n\t\t<\/div>\n\t\t\t\t\t\t\t\t<\/div>\n\t\t\t\t\t<\/div>\n\t\t<\/section>\n\t\t\t\t<section class=\"elementor-section elementor-top-section elementor-element elementor-element-18b42bdf elementor-section-boxed elementor-section-height-default elementor-section-height-default\" data-id=\"18b42bdf\" data-element_type=\"section\">\n\t\t\t\t\t\t<div class=\"elementor-container elementor-column-gap-default\">\n\t\t\t\t\t\t\t<div class=\"elementor-row\">\n\t\t\t\t\t<div class=\"elementor-column elementor-col-100 elementor-top-column elementor-element elementor-element-96a0496\" data-id=\"96a0496\" data-element_type=\"column\">\n\t\t\t<div class=\"elementor-column-wrap elementor-element-populated\">\n\t\t\t\t\t\t\t<div class=\"elementor-widget-wrap\">\n\t\t\t\t\t\t<div class=\"elementor-element elementor-element-100a46d5 elementor-widget elementor-widget-text-editor\" data-id=\"100a46d5\" data-element_type=\"widget\" data-widget_type=\"text-editor.default\">\n\t\t\t\t<div class=\"elementor-widget-container\">\n\t\t\t\t\t<div class=\"elementor-text-editor elementor-clearfix\"><h3><span style=\"color: #000000;\"><strong><span style=\"color: #000000;\">100.000 F CFA<\/span><br \/><\/strong><\/span><\/h3><\/div>\n\t\t\t\t<\/div>\n\t\t\t\t<\/div>\n\t\t\t\t\t\t<\/div>\n\t\t\t\t\t<\/div>\n\t\t<\/div>\n\t\t\t\t\t\t\t\t<\/div>\n\t\t\t\t\t<\/div>\n\t\t<\/section>\n\t\t\t\t<section class=\"elementor-section elementor-top-section elementor-element elementor-element-46b0d2f3 elementor-section-boxed elementor-section-height-default elementor-section-height-default\" data-id=\"46b0d2f3\" data-element_type=\"section\">\n\t\t\t\t\t\t<div class=\"elementor-container elementor-column-gap-default\">\n\t\t\t\t\t\t\t<div class=\"elementor-row\">\n\t\t\t\t\t<div class=\"elementor-column elementor-col-100 elementor-top-column elementor-element elementor-element-5e4b5ad7\" data-id=\"5e4b5ad7\" data-element_type=\"column\">\n\t\t\t<div class=\"elementor-column-wrap elementor-element-populated\">\n\t\t\t\t\t\t\t<div class=\"elementor-widget-wrap\">\n\t\t\t\t\t\t<div class=\"elementor-element elementor-element-317babf9 elementor-widget-divider--view-line elementor-widget elementor-widget-divider\" data-id=\"317babf9\" data-element_type=\"widget\" data-widget_type=\"divider.default\">\n\t\t\t\t<div class=\"elementor-widget-container\">\n\t\t\t\t\t<div class=\"elementor-divider\">\n\t\t\t<span class=\"elementor-divider-separator\">\n\t\t\t\t\t\t<\/span>\n\t\t<\/div>\n\t\t\t\t<\/div>\n\t\t\t\t<\/div>\n\t\t\t\t\t\t<\/div>\n\t\t\t\t\t<\/div>\n\t\t<\/div>\n\t\t\t\t\t\t\t\t<\/div>\n\t\t\t\t\t<\/div>\n\t\t<\/section>\n\t\t\t\t<section class=\"elementor-section elementor-top-section elementor-element elementor-element-31f9043a elementor-section-boxed elementor-section-height-default elementor-section-height-default\" data-id=\"31f9043a\" data-element_type=\"section\">\n\t\t\t\t\t\t<div class=\"elementor-container elementor-column-gap-default\">\n\t\t\t\t\t\t\t<div class=\"elementor-row\">\n\t\t\t\t\t<div class=\"elementor-column elementor-col-100 elementor-top-column elementor-element elementor-element-4e9b9f22\" data-id=\"4e9b9f22\" data-element_type=\"column\">\n\t\t\t<div class=\"elementor-column-wrap elementor-element-populated\">\n\t\t\t\t\t\t\t<div class=\"elementor-widget-wrap\">\n\t\t\t\t\t\t<div class=\"elementor-element elementor-element-72946844 elementor-widget elementor-widget-text-editor\" data-id=\"72946844\" data-element_type=\"widget\" data-widget_type=\"text-editor.default\">\n\t\t\t\t<div class=\"elementor-widget-container\">\n\t\t\t\t\t<div class=\"elementor-text-editor elementor-clearfix\"><h1><span style=\"color: #808080;\"><strong><span style=\"color: #000000;\">APC BV1000I EASY UPS BV 1000VA AVR IEC 230V<br \/><\/span><\/strong><\/span><\/h1><\/div>\n\t\t\t\t<\/div>\n\t\t\t\t<\/div>\n\t\t\t\t\t\t<\/div>\n\t\t\t\t\t<\/div>\n\t\t<\/div>\n\t\t\t\t\t\t\t\t<\/div>\n\t\t\t\t\t<\/div>\n\t\t<\/section>\n\t\t\t\t<section class=\"elementor-section elementor-top-section elementor-element elementor-element-365d5366 elementor-section-boxed elementor-section-height-default elementor-section-height-default\" data-id=\"365d5366\" data-element_type=\"section\">\n\t\t\t\t\t\t<div class=\"elementor-container elementor-column-gap-default\">\n\t\t\t\t\t\t\t<div class=\"elementor-row\">\n\t\t\t\t\t<div class=\"elementor-column elementor-col-100 elementor-top-column elementor-element elementor-element-6acd93fe\" data-id=\"6acd93fe\" data-element_type=\"column\">\n\t\t\t<div class=\"elementor-column-wrap elementor-element-populated\">\n\t\t\t\t\t\t\t<div class=\"elementor-widget-wrap\">\n\t\t\t\t\t\t<div class=\"elementor-element elementor-element-7c20adcd elementor-widget elementor-widget-text-editor\" data-id=\"7c20adcd\" data-element_type=\"widget\" data-widget_type=\"text-editor.default\">\n\t\t\t\t<div class=\"elementor-widget-container\">\n\t\t\t\t\t<div class=\"elementor-text-editor elementor-clearfix\"><h5><span style=\"color: #ffffff;\"><strong>EN SAVOIR PLUS<\/strong><\/span><\/h5><\/div>\n\t\t\t\t<\/div>\n\t\t\t\t<\/div>\n\t\t\t\t\t\t<\/div>\n\t\t\t\t\t<\/div>\n\t\t<\/div>\n\t\t\t\t\t\t\t\t<\/div>\n\t\t\t\t\t<\/div>\n\t\t<\/section>\n\t\t\t\t<section class=\"elementor-section elementor-top-section elementor-element elementor-element-f3c9307 elementor-section-boxed elementor-section-height-default elementor-section-height-default\" data-id=\"f3c9307\" data-element_type=\"section\">\n\t\t\t\t\t\t<div class=\"elementor-container elementor-column-gap-default\">\n\t\t\t\t\t\t\t<div class=\"elementor-row\">\n\t\t\t\t\t<div class=\"elementor-column elementor-col-100 elementor-top-column elementor-element elementor-element-114ea5e2\" data-id=\"114ea5e2\" data-element_type=\"column\">\n\t\t\t<div class=\"elementor-column-wrap elementor-element-populated\">\n\t\t\t\t\t\t\t<div class=\"elementor-widget-wrap\">\n\t\t\t\t\t\t<div class=\"elementor-element elementor-element-46b1d80d elementor-widget elementor-widget-text-editor\" data-id=\"46b1d80d\" data-element_type=\"widget\" data-widget_type=\"text-editor.default\">\n\t\t\t\t<div class=\"elementor-widget-container\">\n\t\t\t\t\t<div class=\"elementor-text-editor elementor-clearfix\"><h2><span style=\"color: #000000;\"><strong><span style=\"color: #000000;\">Prot\u00e9ger efficacement vos \u00e9quipements avec un onduleur APC !<\/span><\/strong><br \/><\/span><\/h2><\/div>\n\t\t\t\t<\/div>\n\t\t\t\t<\/div>\n\t\t\t\t\t\t<\/div>\n\t\t\t\t\t<\/div>\n\t\t<\/div>\n\t\t\t\t\t\t\t\t<\/div>\n\t\t\t\t\t<\/div>\n\t\t<\/section>\n\t\t\t\t<section class=\"elementor-section elementor-top-section elementor-element elementor-element-4733b42b elementor-section-boxed elementor-section-height-default elementor-section-height-default\" data-id=\"4733b42b\" data-element_type=\"section\">\n\t\t\t\t\t\t<div class=\"elementor-container elementor-column-gap-default\">\n\t\t\t\t\t\t\t<div class=\"elementor-row\">\n\t\t\t\t\t<div class=\"elementor-column elementor-col-100 elementor-top-column elementor-element elementor-element-24e8ef8d\" data-id=\"24e8ef8d\" data-element_type=\"column\">\n\t\t\t<div class=\"elementor-column-wrap elementor-element-populated\">\n\t\t\t\t\t\t\t<div class=\"elementor-widget-wrap\">\n\t\t\t\t\t\t<div class=\"elementor-element elementor-element-d00a037 elementor-widget elementor-widget-text-editor\" data-id=\"d00a037\" data-element_type=\"widget\" data-widget_type=\"text-editor.default\">\n\t\t\t\t<div class=\"elementor-widget-container\">\n\t\t\t\t\t<div class=\"elementor-text-editor elementor-clearfix\"><p><span style=\"color: #333333;\">L&rsquo;<strong>onduleur APC Easy UPS BV 1000VA AVR 230V<\/strong>\u00a0avec batterie de secours est id\u00e9al pour offrir une protection quotidienne efficace contre les surtensions \u00e0 l&rsquo;ensemble de vos \u00e9quipements \u00e9lectroniques. Derri\u00e8re un design discret et une possibilit\u00e9 d&rsquo;installation murale, il dispose d&rsquo;une r\u00e9gulation automatique de la tension. Ainsi, il augmente les tensions basses et abaisse les tensions hautes \u00e0 des niveaux adapt\u00e9s \u00e0 votre \u00e9quipement de mani\u00e8re automatique. Sauvegardez et prot\u00e9gez votre mat\u00e9riel et vos donn\u00e9es en cas de pannes de courant, de surtensions ou de cr\u00eates. De plus, Les prises permettent \u00e0 l&rsquo;\u00e9quipement de la passerelle r\u00e9seau et aux autres dispositifs basse puissance critiques de continuer \u00e0 fonctionner pendant plusieurs heures pour que vous ayez toujours acc\u00e8s \u00e0 Internet durant une coupure de courant.\u00a0<br \/><br \/>Performant et s\u00fbr, cet onduleur se veut \u00e9galement simple d&rsquo;utilisation. Les alarmes sonores vous informent du changement de conditions de l&rsquo;alimentation secteur et de l&rsquo;onduleur. Les indicateurs LED permettent une lecture plus facile de l&rsquo;\u00e9tat de l&rsquo;alimentation secteur, de l&rsquo;onduleur et de la batterie. Pour votre tranquillit\u00e9 d&rsquo;esprit, il a \u00e9galement \u00e9t\u00e9 test\u00e9 et homologu\u00e9 par un Bureau de S\u00e9curit\u00e9 comme pouvant fonctionner en toute s\u00e9curit\u00e9 avec les charges connect\u00e9es et au sein de l&rsquo;environnement.\u00a0<br \/><\/span><\/p><\/div>\n\t\t\t\t<\/div>\n\t\t\t\t<\/div>\n\t\t\t\t\t\t<\/div>\n\t\t\t\t\t<\/div>\n\t\t<\/div>\n\t\t\t\t\t\t\t\t<\/div>\n\t\t\t\t\t<\/div>\n\t\t<\/section>\n\t\t\t\t<section class=\"elementor-section elementor-top-section elementor-element elementor-element-625d4d93 elementor-section-boxed elementor-section-height-default elementor-section-height-default\" data-id=\"625d4d93\" data-element_type=\"section\">\n\t\t\t\t\t\t<div class=\"elementor-container elementor-column-gap-default\">\n\t\t\t\t\t\t\t<div class=\"elementor-row\">\n\t\t\t\t\t<div class=\"elementor-column elementor-col-100 elementor-top-column elementor-element elementor-element-21eece4d\" data-id=\"21eece4d\" data-element_type=\"column\">\n\t\t\t<div class=\"elementor-column-wrap elementor-element-populated\">\n\t\t\t\t\t\t\t<div class=\"elementor-widget-wrap\">\n\t\t\t\t\t\t<div class=\"elementor-element elementor-element-73d4cf10 elementor-widget elementor-widget-image\" data-id=\"73d4cf10\" data-element_type=\"widget\" data-widget_type=\"image.default\">\n\t\t\t\t<div class=\"elementor-widget-container\">\n\t\t\t\t\t<div class=\"elementor-image\">\n\t\t\t\t\t\t\t\t\t\t<img loading=\"lazy\" decoding=\"async\" width=\"720\" height=\"437\" src=\"https:\/\/enhakkore.net\/produits\/wp-content\/uploads\/2021\/02\/APC-BV1000I-1024x621.jpg\" class=\"attachment-large size-large\" alt=\"\" srcset=\"https:\/\/enhakkore.net\/produits\/wp-content\/uploads\/2021\/02\/APC-BV1000I-1024x621.jpg 1024w, https:\/\/enhakkore.net\/produits\/wp-content\/uploads\/2021\/02\/APC-BV1000I-300x182.jpg 300w, https:\/\/enhakkore.net\/produits\/wp-content\/uploads\/2021\/02\/APC-BV1000I-768x466.jpg 768w, https:\/\/enhakkore.net\/produits\/wp-content\/uploads\/2021\/02\/APC-BV1000I-1536x932.jpg 1536w, https:\/\/enhakkore.net\/produits\/wp-content\/uploads\/2021\/02\/APC-BV1000I-2048x1242.jpg 2048w\" sizes=\"auto, (max-width: 720px) 100vw, 720px\" \/>\t\t\t\t\t\t\t\t\t\t\t<\/div>\n\t\t\t\t<\/div>\n\t\t\t\t<\/div>\n\t\t\t\t\t\t<\/div>\n\t\t\t\t\t<\/div>\n\t\t<\/div>\n\t\t\t\t\t\t\t\t<\/div>\n\t\t\t\t\t<\/div>\n\t\t<\/section>\n\t\t\t\t<section class=\"elementor-section elementor-top-section elementor-element elementor-element-fb00a4f elementor-section-boxed elementor-section-height-default elementor-section-height-default\" data-id=\"fb00a4f\" data-element_type=\"section\">\n\t\t\t\t\t\t<div class=\"elementor-container elementor-column-gap-default\">\n\t\t\t\t\t\t\t<div class=\"elementor-row\">\n\t\t\t\t\t<div class=\"elementor-column elementor-col-100 elementor-top-column elementor-element elementor-element-7ed272ce\" data-id=\"7ed272ce\" data-element_type=\"column\">\n\t\t\t<div class=\"elementor-column-wrap elementor-element-populated\">\n\t\t\t\t\t\t\t<div class=\"elementor-widget-wrap\">\n\t\t\t\t\t\t<div class=\"elementor-element elementor-element-467358e4 elementor-widget elementor-widget-text-editor\" data-id=\"467358e4\" data-element_type=\"widget\" data-widget_type=\"text-editor.default\">\n\t\t\t\t<div class=\"elementor-widget-container\">\n\t\t\t\t\t<div class=\"elementor-text-editor elementor-clearfix\"><p><span style=\"color: #333333;\"><strong>CARACT\u00c9RISTIQUES PRINCIPALES :<\/strong><\/span><\/p><ul><li><span style=\"color: #333333;\"><strong>Onduleur avec batterie de secours 1000VA AVR 230V<\/strong><\/span><\/li><li><span style=\"color: #333333;\">R\u00e9gulation automatique de la tension<\/span><\/li><li><span style=\"color: #333333;\"><strong>Batterie et prises prot\u00e9g\u00e9es contre les surtensions<\/strong><\/span><\/li><li><span style=\"color: #333333;\">Prises espac\u00e9es de blocs transformateurs<\/span><\/li><li><span style=\"color: #333333;\">D\u00e9marrage \u00e0 froid possible : alimentation par batterie temporaire en cas de panne secteur\u00a0<\/span><\/li><li><span style=\"color: #333333;\">Notification de d\u00e9faillance de batterie<\/span><\/li><li><span style=\"color: #333333;\">Alarmes sonores et indicateurs LED\u00a0<\/span><\/li><li><span style=\"color: #333333;\">Homologue par un Bureau de S\u00e9curit\u00e9\u00a0<\/span><\/li><li><span style=\"color: #333333;\">Design compact et discret : possibilit\u00e9 de montage mural\u00a0<\/span><\/li><li><span style=\"color: #333333;\">Technologie :\u00a0<strong>Line Interactive<\/strong>\u00a0<\/span><\/li><li><span style=\"color: #333333;\">Capacit\u00e9 de puissance de sortie : 600W \/ 1000VA<\/span><\/li><li><span style=\"color: #333333;\">Tension nominale de sortie : 230V<\/span><\/li><li><span style=\"color: #333333;\">Type de connexion en entr\u00e9e : IEC-320 C14<\/span><\/li><li><span style=\"color: #333333;\">Connexion de sortie : (6) IEC 320 C13 (batteries de secours)<\/span><\/li><li><span style=\"color: #333333;\">Longueur du cordon : 1.52 m<\/span><\/li><li><span style=\"color: #333333;\">Dimensions : 92 x 160 x 305 mm<\/span><\/li><li><span style=\"color: #333333;\">Poids : 5.7 kg<\/span><\/li><\/ul><\/div>\n\t\t\t\t<\/div>\n\t\t\t\t<\/div>\n\t\t\t\t\t\t<\/div>\n\t\t\t\t\t<\/div>\n\t\t<\/div>\n\t\t\t\t\t\t\t\t<\/div>\n\t\t\t\t\t<\/div>\n\t\t<\/section>\n\t\t\t\t<section class=\"elementor-section elementor-top-section elementor-element elementor-element-520882ad elementor-section-boxed elementor-section-height-default elementor-section-height-default\" data-id=\"520882ad\" data-element_type=\"section\">\n\t\t\t\t\t\t<div class=\"elementor-container elementor-column-gap-default\">\n\t\t\t\t\t\t\t<div class=\"elementor-row\">\n\t\t\t\t\t<div class=\"elementor-column elementor-col-100 elementor-top-column elementor-element elementor-element-5d58109c\" data-id=\"5d58109c\" data-element_type=\"column\">\n\t\t\t<div class=\"elementor-column-wrap elementor-element-populated\">\n\t\t\t\t\t\t\t<div class=\"elementor-widget-wrap\">\n\t\t\t\t\t\t<div class=\"elementor-element elementor-element-59908d58 elementor-widget elementor-widget-text-editor\" data-id=\"59908d58\" data-element_type=\"widget\" data-widget_type=\"text-editor.default\">\n\t\t\t\t<div class=\"elementor-widget-container\">\n\t\t\t\t\t<div class=\"elementor-text-editor elementor-clearfix\"><table width=\"1170\"><tbody><tr><td rowspan=\"3\" width=\"316\"><p><span style=\"color: #333333;\"><strong>INFORMATIONS G\u00c9N\u00c9RALES<\/strong><\/span><\/p><\/td><td width=\"293\"><p><span style=\"color: #333333;\">D\u00e9signation<\/span><\/p><\/td><td width=\"561\"><p><span style=\"color: #333333;\">APC BV1000I Easy UPS BV 1000VA AVR IEC 230V<\/span><\/p><\/td><\/tr><tr><td><p><span style=\"color: #333333;\">Marque<\/span><\/p><\/td><td width=\"561\"><p><span style=\"color: #333333;\">APC<a style=\"color: #333333;\" href=\"https:\/\/www.ldlc.com\/fr-ch\/informatique\/peripherique-pc\/onduleur\/c4648\/+fb-C000004984.html\">APC<\/a><\/span><\/p><\/td><\/tr><tr><td><p><span style=\"color: #333333;\">Mod\u00e8le<\/span><\/p><\/td><td width=\"561\"><p><span style=\"color: #333333;\">BV1000I<\/span><\/p><\/td><\/tr><tr><td rowspan=\"7\" width=\"316\"><p><span style=\"color: #333333;\"><strong>PRINCIPALES CARACT\u00c9RISTIQUES<\/strong><\/span><\/p><\/td><td width=\"293\"><p><span style=\"color: #333333;\">Technologie<\/span><\/p><\/td><td width=\"561\"><p><span style=\"color: #333333;\"><a style=\"color: #333333;\" href=\"https:\/\/www.ldlc.com\/fr-ch\/informatique\/peripherique-pc\/onduleur\/c4648\/+fv1107-6218.html\">Line Interactive<\/a><\/span><\/p><\/td><\/tr><tr><td rowspan=\"3\"><p><span style=\"color: #333333;\">Type de produit \u00e0 prot\u00e9ger<\/span><\/p><\/td><td width=\"561\"><p><span style=\"color: #333333;\"><a style=\"color: #333333;\" href=\"https:\/\/www.ldlc.com\/fr-ch\/informatique\/peripherique-pc\/onduleur\/c4648\/+fv1001-5659.html\">PC Personnel \/ Installation Hi-Fi<\/a><\/span><\/p><\/td><\/tr><tr><td width=\"561\"><p><span style=\"color: #333333;\"><a style=\"color: #333333;\" href=\"https:\/\/www.ldlc.com\/fr-ch\/informatique\/peripherique-pc\/onduleur\/c4648\/+fv1001-5657.html\">Serveur<\/a><\/span><\/p><\/td><\/tr><tr><td width=\"561\"><p><span style=\"color: #333333;\"><a style=\"color: #333333;\" href=\"https:\/\/www.ldlc.com\/fr-ch\/informatique\/peripherique-pc\/onduleur\/c4648\/+fv1001-5656.html\">Station de travail<\/a><\/span><\/p><\/td><\/tr><tr><td><p><span style=\"color: #333333;\">Puissance onduleur<\/span><\/p><\/td><td width=\"561\"><p><span style=\"color: #333333;\"><a style=\"color: #333333;\" href=\"https:\/\/www.ldlc.com\/fr-ch\/informatique\/peripherique-pc\/onduleur\/c4648\/+fi787-l1000h1000.html\">1000 VA<\/a><\/span><\/p><\/td><\/tr><tr><td><p><span style=\"color: #333333;\">Evolutif<\/span><\/p><\/td><td width=\"561\"><p><span style=\"color: #333333;\"><a style=\"color: #333333;\" href=\"https:\/\/www.ldlc.com\/fr-ch\/informatique\/peripherique-pc\/onduleur\/c4648\/+fc1175-0.html\">Non<\/a><\/span><\/p><\/td><\/tr><tr><td><p><span style=\"color: #333333;\">Manageable<\/span><\/p><\/td><td width=\"561\"><p><span style=\"color: #333333;\"><a style=\"color: #333333;\" href=\"https:\/\/www.ldlc.com\/fr-ch\/informatique\/peripherique-pc\/onduleur\/c4648\/+fc781-0.html\">Non<\/a><\/span><\/p><\/td><\/tr><tr><td rowspan=\"2\" width=\"316\"><p><span style=\"color: #333333;\"><strong>CONNECTIQUE<\/strong><\/span><\/p><\/td><td width=\"293\"><p><span style=\"color: #333333;\">Nombre de prises<\/span><\/p><\/td><td width=\"561\"><p><span style=\"color: #333333;\"><a style=\"color: #333333;\" href=\"https:\/\/www.ldlc.com\/fr-ch\/informatique\/peripherique-pc\/onduleur\/c4648\/+fi788-l6h6.html\">6<\/a><\/span><\/p><\/td><\/tr><tr><td><p><span style=\"color: #333333;\">Connecteur(s)<\/span><\/p><\/td><td width=\"561\"><p><span style=\"color: #333333;\">6 X\u00a0<a style=\"color: #333333;\" href=\"https:\/\/www.ldlc.com\/fr-ch\/informatique\/peripherique-pc\/onduleur\/c4648\/+fv17-10945.html\">IEC C13<\/a><\/span><\/p><\/td><\/tr><tr><td rowspan=\"2\" width=\"316\"><p><span style=\"color: #333333;\"><strong>CARACT\u00c9RISTIQUES PHYSIQUES<\/strong><\/span><\/p><\/td><td width=\"293\"><p><span style=\"color: #333333;\">Format de l&rsquo;onduleur<\/span><\/p><\/td><td width=\"561\"><p><span style=\"color: #333333;\"><a style=\"color: #333333;\" href=\"https:\/\/www.ldlc.com\/fr-ch\/informatique\/peripherique-pc\/onduleur\/c4648\/+fv894-5105.html\">Multiprise<\/a><\/span><\/p><\/td><\/tr><tr><td><p><span style=\"color: #333333;\">Poids<\/span><\/p><\/td><td width=\"561\"><p><span style=\"color: #333333;\"><a style=\"color: #333333;\" href=\"https:\/\/www.ldlc.com\/fr-ch\/informatique\/peripherique-pc\/onduleur\/c4648\/+fi13-l5h6.html\">5.7 kg<\/a><\/span><\/p><\/td><\/tr><\/tbody><\/table><p>\u00a0<\/p><\/div>\n\t\t\t\t<\/div>\n\t\t\t\t<\/div>\n\t\t\t\t\t\t<\/div>\n\t\t\t\t\t<\/div>\n\t\t<\/div>\n\t\t\t\t\t\t\t\t<\/div>\n\t\t\t\t\t<\/div>\n\t\t<\/section>\n\t\t\t\t\t\t<\/div>\n\t\t\t\t\t\t<\/div>\n\t\t\t\t\t<\/div>\n\t\t","protected":false},"excerpt":{"rendered":"<p>100.000 F CFA APC BV1000I EASY UPS BV 1000VA AVR IEC 230V EN SAVOIR PLUS Prot\u00e9ger efficacement vos \u00e9quipements avec un onduleur APC ! L&rsquo;onduleur APC Easy UPS BV 1000VA AVR 230V\u00a0avec batterie de secours est id\u00e9al pour offrir une protection quotidienne efficace contre les surtensions \u00e0 l&rsquo;ensemble de vos \u00e9quipements \u00e9lectroniques. Derri\u00e8re un design [&hellip;]<\/p>\n","protected":false},"author":2,"featured_media":0,"parent":0,"menu_order":0,"comment_status":"closed","ping_status":"closed","template":"","meta":{"footnotes":""},"class_list":["post-1456","page","type-page","status-publish","hentry","post"],"_links":{"self":[{"href":"https:\/\/enhakkore.net\/produits\/wp-json\/wp\/v2\/pages\/1456","targetHints":{"allow":["GET"]}}],"collection":[{"href":"https:\/\/enhakkore.net\/produits\/wp-json\/wp\/v2\/pages"}],"about":[{"href":"https:\/\/enhakkore.net\/produits\/wp-json\/wp\/v2\/types\/page"}],"author":[{"embeddable":true,"href":"https:\/\/enhakkore.net\/produits\/wp-json\/wp\/v2\/users\/2"}],"replies":[{"embeddable":true,"href":"https:\/\/enhakkore.net\/produits\/wp-json\/wp\/v2\/comments?post=1456"}],"version-history":[{"count":4,"href":"https:\/\/enhakkore.net\/produits\/wp-json\/wp\/v2\/pages\/1456\/revisions"}],"predecessor-version":[{"id":1462,"href":"https:\/\/enhakkore.net\/produits\/wp-json\/wp\/v2\/pages\/1456\/revisions\/1462"}],"wp:attachment":[{"href":"https:\/\/enhakkore.net\/produits\/wp-json\/wp\/v2\/media?parent=1456"}],"curies":[{"name":"wp","href":"https:\/\/api.w.org\/{rel}","templated":true}]}}