{"id":1445,"date":"2021-02-26T12:36:22","date_gmt":"2021-02-26T11:36:22","guid":{"rendered":"https:\/\/enhakkore.net\/produits\/?page_id=1445"},"modified":"2021-02-26T12:45:11","modified_gmt":"2021-02-26T11:45:11","slug":"tp-link-tl-wn823n","status":"publish","type":"page","link":"https:\/\/enhakkore.net\/produits\/tp-link-tl-wn823n\/","title":{"rendered":"TP-LINK TL-WN823N"},"content":{"rendered":"\t\t<div data-elementor-type=\"wp-page\" data-elementor-id=\"1445\" class=\"elementor elementor-1445\" data-elementor-settings=\"[]\">\n\t\t\t\t\t\t<div class=\"elementor-inner\">\n\t\t\t\t\t\t\t<div class=\"elementor-section-wrap\">\n\t\t\t\t\t\t\t<section class=\"elementor-section elementor-top-section elementor-element elementor-element-6400ee81 elementor-section-boxed elementor-section-height-default elementor-section-height-default\" data-id=\"6400ee81\" data-element_type=\"section\">\n\t\t\t\t\t\t<div class=\"elementor-container elementor-column-gap-default\">\n\t\t\t\t\t\t\t<div class=\"elementor-row\">\n\t\t\t\t\t<div class=\"elementor-column elementor-col-100 elementor-top-column elementor-element elementor-element-69dc3eff\" data-id=\"69dc3eff\" data-element_type=\"column\">\n\t\t\t<div class=\"elementor-column-wrap elementor-element-populated\">\n\t\t\t\t\t\t\t<div class=\"elementor-widget-wrap\">\n\t\t\t\t\t\t<div class=\"elementor-element elementor-element-720ff479 elementor-widget elementor-widget-image\" data-id=\"720ff479\" data-element_type=\"widget\" data-widget_type=\"image.default\">\n\t\t\t\t<div class=\"elementor-widget-container\">\n\t\t\t\t\t<div class=\"elementor-image\">\n\t\t\t\t\t\t\t\t\t\t\t<a href=\"https:\/\/enhakkore.net\/produits\/wp-content\/uploads\/2021\/02\/TP-LINK-TL-WN823N.jpg\" data-elementor-open-lightbox=\"yes\" data-elementor-lightbox-title=\"TP LINK TL-WN823N\">\n\t\t\t\t\t\t\t<img loading=\"lazy\" decoding=\"async\" width=\"300\" height=\"300\" src=\"https:\/\/enhakkore.net\/produits\/wp-content\/uploads\/2021\/02\/TP-LINK-TL-WN823N-300x300.jpg\" class=\"attachment-medium size-medium\" alt=\"\" srcset=\"https:\/\/enhakkore.net\/produits\/wp-content\/uploads\/2021\/02\/TP-LINK-TL-WN823N-300x300.jpg 300w, https:\/\/enhakkore.net\/produits\/wp-content\/uploads\/2021\/02\/TP-LINK-TL-WN823N-150x150.jpg 150w, https:\/\/enhakkore.net\/produits\/wp-content\/uploads\/2021\/02\/TP-LINK-TL-WN823N.jpg 600w\" sizes=\"auto, (max-width: 300px) 100vw, 300px\" \/>\t\t\t\t\t\t\t\t<\/a>\n\t\t\t\t\t\t\t\t\t\t\t<\/div>\n\t\t\t\t<\/div>\n\t\t\t\t<\/div>\n\t\t\t\t\t\t<\/div>\n\t\t\t\t\t<\/div>\n\t\t<\/div>\n\t\t\t\t\t\t\t\t<\/div>\n\t\t\t\t\t<\/div>\n\t\t<\/section>\n\t\t\t\t<section class=\"elementor-section elementor-top-section elementor-element elementor-element-6691b7fe elementor-section-boxed elementor-section-height-default elementor-section-height-default\" data-id=\"6691b7fe\" data-element_type=\"section\">\n\t\t\t\t\t\t<div class=\"elementor-container elementor-column-gap-default\">\n\t\t\t\t\t\t\t<div class=\"elementor-row\">\n\t\t\t\t\t<div class=\"elementor-column elementor-col-100 elementor-top-column elementor-element elementor-element-99f1cab\" data-id=\"99f1cab\" data-element_type=\"column\">\n\t\t\t<div class=\"elementor-column-wrap elementor-element-populated\">\n\t\t\t\t\t\t\t<div class=\"elementor-widget-wrap\">\n\t\t\t\t\t\t<div class=\"elementor-element elementor-element-8bf0f2b elementor-widget-divider--view-line elementor-widget elementor-widget-divider\" data-id=\"8bf0f2b\" data-element_type=\"widget\" data-widget_type=\"divider.default\">\n\t\t\t\t<div class=\"elementor-widget-container\">\n\t\t\t\t\t<div class=\"elementor-divider\">\n\t\t\t<span class=\"elementor-divider-separator\">\n\t\t\t\t\t\t<\/span>\n\t\t<\/div>\n\t\t\t\t<\/div>\n\t\t\t\t<\/div>\n\t\t\t\t\t\t<\/div>\n\t\t\t\t\t<\/div>\n\t\t<\/div>\n\t\t\t\t\t\t\t\t<\/div>\n\t\t\t\t\t<\/div>\n\t\t<\/section>\n\t\t\t\t<section class=\"elementor-section elementor-top-section elementor-element elementor-element-6e1e98b2 elementor-section-boxed elementor-section-height-default elementor-section-height-default\" data-id=\"6e1e98b2\" data-element_type=\"section\">\n\t\t\t\t\t\t<div class=\"elementor-container elementor-column-gap-default\">\n\t\t\t\t\t\t\t<div class=\"elementor-row\">\n\t\t\t\t\t<div class=\"elementor-column elementor-col-100 elementor-top-column elementor-element elementor-element-24bfc89a\" data-id=\"24bfc89a\" data-element_type=\"column\">\n\t\t\t<div class=\"elementor-column-wrap elementor-element-populated\">\n\t\t\t\t\t\t\t<div class=\"elementor-widget-wrap\">\n\t\t\t\t\t\t<div class=\"elementor-element elementor-element-39cf1a94 elementor-widget elementor-widget-text-editor\" data-id=\"39cf1a94\" data-element_type=\"widget\" data-widget_type=\"text-editor.default\">\n\t\t\t\t<div class=\"elementor-widget-container\">\n\t\t\t\t\t<div class=\"elementor-text-editor elementor-clearfix\"><h3><span style=\"color: #000000;\"><strong><span style=\"color: #000000;\">15.000 F CFA<\/span><br \/><\/strong><\/span><\/h3><\/div>\n\t\t\t\t<\/div>\n\t\t\t\t<\/div>\n\t\t\t\t\t\t<\/div>\n\t\t\t\t\t<\/div>\n\t\t<\/div>\n\t\t\t\t\t\t\t\t<\/div>\n\t\t\t\t\t<\/div>\n\t\t<\/section>\n\t\t\t\t<section class=\"elementor-section elementor-top-section elementor-element elementor-element-1e98566f elementor-section-boxed elementor-section-height-default elementor-section-height-default\" data-id=\"1e98566f\" data-element_type=\"section\">\n\t\t\t\t\t\t<div class=\"elementor-container elementor-column-gap-default\">\n\t\t\t\t\t\t\t<div class=\"elementor-row\">\n\t\t\t\t\t<div class=\"elementor-column elementor-col-100 elementor-top-column elementor-element elementor-element-55c1bba3\" data-id=\"55c1bba3\" data-element_type=\"column\">\n\t\t\t<div class=\"elementor-column-wrap elementor-element-populated\">\n\t\t\t\t\t\t\t<div class=\"elementor-widget-wrap\">\n\t\t\t\t\t\t<div class=\"elementor-element elementor-element-51a22ae0 elementor-widget-divider--view-line elementor-widget elementor-widget-divider\" data-id=\"51a22ae0\" data-element_type=\"widget\" data-widget_type=\"divider.default\">\n\t\t\t\t<div class=\"elementor-widget-container\">\n\t\t\t\t\t<div class=\"elementor-divider\">\n\t\t\t<span class=\"elementor-divider-separator\">\n\t\t\t\t\t\t<\/span>\n\t\t<\/div>\n\t\t\t\t<\/div>\n\t\t\t\t<\/div>\n\t\t\t\t\t\t<\/div>\n\t\t\t\t\t<\/div>\n\t\t<\/div>\n\t\t\t\t\t\t\t\t<\/div>\n\t\t\t\t\t<\/div>\n\t\t<\/section>\n\t\t\t\t<section class=\"elementor-section elementor-top-section elementor-element elementor-element-7b034d34 elementor-section-boxed elementor-section-height-default elementor-section-height-default\" data-id=\"7b034d34\" data-element_type=\"section\">\n\t\t\t\t\t\t<div class=\"elementor-container elementor-column-gap-default\">\n\t\t\t\t\t\t\t<div class=\"elementor-row\">\n\t\t\t\t\t<div class=\"elementor-column elementor-col-100 elementor-top-column elementor-element elementor-element-2ec41eb2\" data-id=\"2ec41eb2\" data-element_type=\"column\">\n\t\t\t<div class=\"elementor-column-wrap elementor-element-populated\">\n\t\t\t\t\t\t\t<div class=\"elementor-widget-wrap\">\n\t\t\t\t\t\t<div class=\"elementor-element elementor-element-80888eb elementor-widget elementor-widget-text-editor\" data-id=\"80888eb\" data-element_type=\"widget\" data-widget_type=\"text-editor.default\">\n\t\t\t\t<div class=\"elementor-widget-container\">\n\t\t\t\t\t<div class=\"elementor-text-editor elementor-clearfix\"><h1><span style=\"color: #808080;\"><strong><span style=\"color: #000000;\">TP-LINK TL-WN823N<br \/><\/span><\/strong><\/span><\/h1><\/div>\n\t\t\t\t<\/div>\n\t\t\t\t<\/div>\n\t\t\t\t\t\t<\/div>\n\t\t\t\t\t<\/div>\n\t\t<\/div>\n\t\t\t\t\t\t\t\t<\/div>\n\t\t\t\t\t<\/div>\n\t\t<\/section>\n\t\t\t\t<section class=\"elementor-section elementor-top-section elementor-element elementor-element-7e6aefb1 elementor-section-boxed elementor-section-height-default elementor-section-height-default\" data-id=\"7e6aefb1\" data-element_type=\"section\">\n\t\t\t\t\t\t<div class=\"elementor-container elementor-column-gap-default\">\n\t\t\t\t\t\t\t<div class=\"elementor-row\">\n\t\t\t\t\t<div class=\"elementor-column elementor-col-100 elementor-top-column elementor-element elementor-element-34eb11b1\" data-id=\"34eb11b1\" data-element_type=\"column\">\n\t\t\t<div class=\"elementor-column-wrap elementor-element-populated\">\n\t\t\t\t\t\t\t<div class=\"elementor-widget-wrap\">\n\t\t\t\t\t\t<div class=\"elementor-element elementor-element-4dee2b63 elementor-widget elementor-widget-text-editor\" data-id=\"4dee2b63\" data-element_type=\"widget\" data-widget_type=\"text-editor.default\">\n\t\t\t\t<div class=\"elementor-widget-container\">\n\t\t\t\t\t<div class=\"elementor-text-editor elementor-clearfix\"><h5><span style=\"color: #ffffff;\"><strong>EN SAVOIR PLUS<\/strong><\/span><\/h5><\/div>\n\t\t\t\t<\/div>\n\t\t\t\t<\/div>\n\t\t\t\t\t\t<\/div>\n\t\t\t\t\t<\/div>\n\t\t<\/div>\n\t\t\t\t\t\t\t\t<\/div>\n\t\t\t\t\t<\/div>\n\t\t<\/section>\n\t\t\t\t<section class=\"elementor-section elementor-top-section elementor-element elementor-element-63c51946 elementor-section-boxed elementor-section-height-default elementor-section-height-default\" data-id=\"63c51946\" data-element_type=\"section\">\n\t\t\t\t\t\t<div class=\"elementor-container elementor-column-gap-default\">\n\t\t\t\t\t\t\t<div class=\"elementor-row\">\n\t\t\t\t\t<div class=\"elementor-column elementor-col-100 elementor-top-column elementor-element elementor-element-6db55212\" data-id=\"6db55212\" data-element_type=\"column\">\n\t\t\t<div class=\"elementor-column-wrap elementor-element-populated\">\n\t\t\t\t\t\t\t<div class=\"elementor-widget-wrap\">\n\t\t\t\t\t\t<div class=\"elementor-element elementor-element-6e1f106d elementor-widget elementor-widget-text-editor\" data-id=\"6e1f106d\" data-element_type=\"widget\" data-widget_type=\"text-editor.default\">\n\t\t\t\t<div class=\"elementor-widget-container\">\n\t\t\t\t\t<div class=\"elementor-text-editor elementor-clearfix\"><h2><span style=\"color: #000000;\"><strong><span style=\"color: #000000;\">Reliez un ordinateur de bureau ou portable \u00e0 un r\u00e9seau sans fil !<\/span><br \/><\/strong><\/span><\/h2><\/div>\n\t\t\t\t<\/div>\n\t\t\t\t<\/div>\n\t\t\t\t\t\t<\/div>\n\t\t\t\t\t<\/div>\n\t\t<\/div>\n\t\t\t\t\t\t\t\t<\/div>\n\t\t\t\t\t<\/div>\n\t\t<\/section>\n\t\t\t\t<section class=\"elementor-section elementor-top-section elementor-element elementor-element-bf37ee5 elementor-section-boxed elementor-section-height-default elementor-section-height-default\" data-id=\"bf37ee5\" data-element_type=\"section\">\n\t\t\t\t\t\t<div class=\"elementor-container elementor-column-gap-default\">\n\t\t\t\t\t\t\t<div class=\"elementor-row\">\n\t\t\t\t\t<div class=\"elementor-column elementor-col-100 elementor-top-column elementor-element elementor-element-75fb2c22\" data-id=\"75fb2c22\" data-element_type=\"column\">\n\t\t\t<div class=\"elementor-column-wrap elementor-element-populated\">\n\t\t\t\t\t\t\t<div class=\"elementor-widget-wrap\">\n\t\t\t\t\t\t<div class=\"elementor-element elementor-element-423706a6 elementor-widget elementor-widget-text-editor\" data-id=\"423706a6\" data-element_type=\"widget\" data-widget_type=\"text-editor.default\">\n\t\t\t\t<div class=\"elementor-widget-container\">\n\t\t\t\t\t<div class=\"elementor-text-editor elementor-clearfix\"><div><p><span style=\"color: #333333;\">L&rsquo;adaptateur USB\u00a0<strong>TL-WN823N<\/strong>\u00a0de\u00a0<strong>TP-LINK<\/strong>\u00a0est une mini-cl\u00e9 sans fil N de 300Mbps qui permet aux utilisateurs de relier un ordinateur de bureau ou portable \u00e0 un r\u00e9seau sans fil et de profiter des performances d&rsquo;une haute vitesse sans fil. De conception ergonomique avec sa petite taille, cet adaptateur est pratique et facile \u00e0 transporter. Avec ses caract\u00e9ristiques diverses, le mode SoftAP, la configuration de la s\u00e9curit\u00e9 avec un bouton, la facilit\u00e9 d&rsquo;utiliser le logiciel de configuration, le TL-WN823N est un excellent choix pour profiter d&rsquo;un r\u00e9seau sans fil rapide.<br \/>\u00a0<\/span><\/p><p><span style=\"color: #333333;\"><strong>Vitesse sans fil N jusqu&rsquo;\u00e0 300Mbps &#8211; \u00c9tendre la couverture sans fil<\/strong><\/span><br \/><span style=\"color: #333333;\">Avec des vitesses sans fil jusqu&rsquo;\u00e0 300Mbps et la technologie de pointe MIMO, le TL-WN823N vous fournit des connexions sans fil rapide et fiable pour une utilisation sans lenteur des jeux en ligne et des visualisations vid\u00e9os HD. Mieux encore, le TL-WN823N r\u00e9alise sa meilleure performance avec des appareils sans fil N, mais il fonctionne aussi parfaitement avec des appareils existants de r\u00e9seaux IEEE 802.11b\/g.<\/span><br \/><span style=\"color: #333333;\">\u00a0<\/span><\/p><p><span style=\"color: #333333;\"><strong>Mode SoftAP &#8211; Partage facile d&rsquo;une connexion Internet sans fil<\/strong><\/span><br \/><span style=\"color: #333333;\">Le mode SoftAP permet \u00e0 cet adaptateur de petite taille de fonctionner comme un point d&rsquo;acc\u00e8s sans fil virtuel. Une fois activ\u00e9, ce mode permet aux utilisateurs de transformer leus connexions filaires existantes connect\u00e9es \u00e0 un ordinateur en une connexion sans fil afin de la partager avec d&rsquo;autres appareils WiFi, comme des ordinateurs portables, des smartphones ou des tablettes.<\/span><br \/><span style=\"color: #333333;\">\u00a0<\/span><\/p><p><span style=\"color: #333333;\"><strong>Bouton de configuration de la s\u00e9curit\u00e9<\/strong><\/span><br \/><span style=\"color: #333333;\">Compatible avec Wi-Fi Protected Setup (WPS), le TL-WN823N int\u00e8gre la fonction Quick Security Setup qui permet aux utilisateurs de configurer la s\u00e9curit\u00e9 de leur r\u00e9seau quasi-instantan\u00e9ment en appuyant sur le bouton \u201cQSS\u201d du routeur, afin d&rsquo;\u00e9tablir automatiquement la connexion en mode s\u00e9curis\u00e9 WPA2, beaucoup plus s\u00fbr que le chiffrement WEP. Cette configuration de s\u00e9curit\u00e9 est non seulement plus rapide que les m\u00e9thodes normales, mais elle est \u00e9galement plus pratique du fait que vous n\u2019avez plus besoin de m\u00e9moriser un mot de passe !<\/span><br \/><span style=\"color: #333333;\">\u00a0<\/span><\/p><p><span style=\"color: #333333;\"><strong>Facile \u00e0 utiliser<\/strong><\/span><br \/><span style=\"color: #333333;\">Inclus dans le CD de ressources, l&rsquo;utilitaire de configuration optimis\u00e9 peut aider les utilisateurs \u00e0 compl\u00e9ter l\u2019installation du logiciel et les param\u00e8tres du r\u00e9seau sans fil en quelques minutes. Cette installation est simple et l&rsquo;interface d&rsquo;utilisation conviviale rend le TL-WN823N tellement pratique que m\u00eame les utilsiateurs novices peuvent d\u00e9marrer rapidement et \u00e9tablir leurs connexions sans effort.<\/span><\/p><\/div><\/div>\n\t\t\t\t<\/div>\n\t\t\t\t<\/div>\n\t\t\t\t\t\t<\/div>\n\t\t\t\t\t<\/div>\n\t\t<\/div>\n\t\t\t\t\t\t\t\t<\/div>\n\t\t\t\t\t<\/div>\n\t\t<\/section>\n\t\t\t\t<section class=\"elementor-section elementor-top-section elementor-element elementor-element-5561e2c3 elementor-section-boxed elementor-section-height-default elementor-section-height-default\" data-id=\"5561e2c3\" data-element_type=\"section\">\n\t\t\t\t\t\t<div class=\"elementor-container elementor-column-gap-default\">\n\t\t\t\t\t\t\t<div class=\"elementor-row\">\n\t\t\t\t\t<div class=\"elementor-column elementor-col-100 elementor-top-column elementor-element elementor-element-2c7d91b6\" data-id=\"2c7d91b6\" data-element_type=\"column\">\n\t\t\t<div class=\"elementor-column-wrap elementor-element-populated\">\n\t\t\t\t\t\t\t<div class=\"elementor-widget-wrap\">\n\t\t\t\t\t\t<div class=\"elementor-element elementor-element-779cb0a8 elementor-widget elementor-widget-image\" data-id=\"779cb0a8\" data-element_type=\"widget\" data-widget_type=\"image.default\">\n\t\t\t\t<div class=\"elementor-widget-container\">\n\t\t\t\t\t<div class=\"elementor-image\">\n\t\t\t\t\t\t\t\t\t\t<img loading=\"lazy\" decoding=\"async\" width=\"720\" height=\"720\" src=\"https:\/\/enhakkore.net\/produits\/wp-content\/uploads\/2021\/02\/TP-LINK-TL-WN823N-1-768x768.jpg\" class=\"attachment-medium_large size-medium_large\" alt=\"\" srcset=\"https:\/\/enhakkore.net\/produits\/wp-content\/uploads\/2021\/02\/TP-LINK-TL-WN823N-1-768x768.jpg 768w, https:\/\/enhakkore.net\/produits\/wp-content\/uploads\/2021\/02\/TP-LINK-TL-WN823N-1-300x300.jpg 300w, https:\/\/enhakkore.net\/produits\/wp-content\/uploads\/2021\/02\/TP-LINK-TL-WN823N-1-1024x1024.jpg 1024w, https:\/\/enhakkore.net\/produits\/wp-content\/uploads\/2021\/02\/TP-LINK-TL-WN823N-1-150x150.jpg 150w, https:\/\/enhakkore.net\/produits\/wp-content\/uploads\/2021\/02\/TP-LINK-TL-WN823N-1-1536x1536.jpg 1536w, https:\/\/enhakkore.net\/produits\/wp-content\/uploads\/2021\/02\/TP-LINK-TL-WN823N-1.jpg 1600w\" sizes=\"auto, (max-width: 720px) 100vw, 720px\" \/>\t\t\t\t\t\t\t\t\t\t\t<\/div>\n\t\t\t\t<\/div>\n\t\t\t\t<\/div>\n\t\t\t\t\t\t<\/div>\n\t\t\t\t\t<\/div>\n\t\t<\/div>\n\t\t\t\t\t\t\t\t<\/div>\n\t\t\t\t\t<\/div>\n\t\t<\/section>\n\t\t\t\t<section class=\"elementor-section elementor-top-section elementor-element elementor-element-56c66cb9 elementor-section-boxed elementor-section-height-default elementor-section-height-default\" data-id=\"56c66cb9\" data-element_type=\"section\">\n\t\t\t\t\t\t<div class=\"elementor-container elementor-column-gap-default\">\n\t\t\t\t\t\t\t<div class=\"elementor-row\">\n\t\t\t\t\t<div class=\"elementor-column elementor-col-100 elementor-top-column elementor-element elementor-element-2fa09441\" data-id=\"2fa09441\" data-element_type=\"column\">\n\t\t\t<div class=\"elementor-column-wrap elementor-element-populated\">\n\t\t\t\t\t\t\t<div class=\"elementor-widget-wrap\">\n\t\t\t\t\t\t<div class=\"elementor-element elementor-element-3ed3d7bf elementor-widget elementor-widget-text-editor\" data-id=\"3ed3d7bf\" data-element_type=\"widget\" data-widget_type=\"text-editor.default\">\n\t\t\t\t<div class=\"elementor-widget-container\">\n\t\t\t\t\t<div class=\"elementor-text-editor elementor-clearfix\"><p><span style=\"color: #333333;\"><strong>CARACT\u00c9RISTIQUES PRINCIPALES :<\/strong><\/span><\/p><ul><li><span style=\"color: #333333;\"><strong>La vitesse sans fil N allant jusqu\u2019\u00e0 300Mbps fait du TL-WN823N un outil id\u00e9al pour le streaming de flux vid\u00e9os<\/strong>, les jeux en ligne et les appels VoIP par Internet.<\/span><\/li><li><span style=\"color: #333333;\">Une simple pression sur le bouton \u00ab\u00a0WPS\u00a0\u00bb (Wi-Fi Protected Setup) permet de s\u00e9curiser la connexion sans fil par chiffrement.<\/span><\/li><li><span style=\"color: #333333;\">Prise en charge du mode SoftAP pour le partage d&rsquo;Internet sans fil<\/span><\/li><li><span style=\"color: #333333;\">Prise en charge des s\u00e9curit\u00e9s 64\/128 WEP, WPA \/WPA2\/WPA-PSK\/WPA2-PSK<\/span><\/li><li><span style=\"color: #333333;\">Compatible Windows XP 32\/64bits, Vista 32\/64bits, Windows 7 32\/64bits<\/span><\/li><li><span style=\"color: #333333;\">Prise en charge du mode Ad-Hoc et Infrastructure<\/span><\/li><li><span style=\"color: #333333;\">Prise en charge de Sony PSP X-Link pour des jeux vid\u00e9o en ligne sans ralentissement avec Windows XP.<\/span><\/li><li><span style=\"color: #333333;\">L\u2019utilitaire inclus permet une installation rapide et facile.<\/span><\/li><li><span style=\"color: #333333;\">Parfaitement compatible avec les produits 802.11b\/g\/n<\/span><\/li><li><span style=\"color: #333333;\">taille mini (mm) :\u00a0<span lang=\"EN-US\">39.0 x 18.35 x 7.87<\/span><\/span><\/li><\/ul><\/div>\n\t\t\t\t<\/div>\n\t\t\t\t<\/div>\n\t\t\t\t\t\t<\/div>\n\t\t\t\t\t<\/div>\n\t\t<\/div>\n\t\t\t\t\t\t\t\t<\/div>\n\t\t\t\t\t<\/div>\n\t\t<\/section>\n\t\t\t\t<section class=\"elementor-section elementor-top-section elementor-element elementor-element-594ea74a elementor-section-boxed elementor-section-height-default elementor-section-height-default\" data-id=\"594ea74a\" data-element_type=\"section\">\n\t\t\t\t\t\t<div class=\"elementor-container elementor-column-gap-default\">\n\t\t\t\t\t\t\t<div class=\"elementor-row\">\n\t\t\t\t\t<div class=\"elementor-column elementor-col-100 elementor-top-column elementor-element elementor-element-dd40179\" data-id=\"dd40179\" data-element_type=\"column\">\n\t\t\t<div class=\"elementor-column-wrap elementor-element-populated\">\n\t\t\t\t\t\t\t<div class=\"elementor-widget-wrap\">\n\t\t\t\t\t\t<div class=\"elementor-element elementor-element-5efbc0ed elementor-widget elementor-widget-text-editor\" data-id=\"5efbc0ed\" data-element_type=\"widget\" data-widget_type=\"text-editor.default\">\n\t\t\t\t<div class=\"elementor-widget-container\">\n\t\t\t\t\t<div class=\"elementor-text-editor elementor-clearfix\"><table width=\"1170\"><tbody><tr><td rowspan=\"3\" width=\"316\"><p><span style=\"color: #333333;\"><strong>INFORMATIONS G\u00c9N\u00c9RALES<\/strong><\/span><\/p><\/td><td width=\"293\"><p><span style=\"color: #333333;\">D\u00e9signation<\/span><\/p><\/td><td width=\"561\"><p><span style=\"color: #333333;\">TP-LINK TL-WN823N<\/span><\/p><\/td><\/tr><tr><td><p><span style=\"color: #333333;\">Marque<\/span><\/p><\/td><td width=\"561\"><p><span style=\"color: #333333;\">TP-LINK<a style=\"color: #333333;\" href=\"https:\/\/www.ldlc.com\/informatique\/reseau\/carte-reseau\/c4306\/+fb-C000034948.html\">TP-LINK<\/a><\/span><\/p><\/td><\/tr><tr><td><p><span style=\"color: #333333;\">Mod\u00e8le<\/span><\/p><\/td><td width=\"561\"><p><span style=\"color: #333333;\">TL-WN823N<\/span><\/p><\/td><\/tr><tr><td rowspan=\"13\" width=\"316\"><p><span style=\"color: #333333;\"><strong>SP\u00c9CIFICATIONS TECHNIQUES<\/strong><\/span><\/p><\/td><td width=\"293\"><p><span style=\"color: #333333;\">Type de carte r\u00e9seau<\/span><\/p><\/td><td width=\"561\"><p><span style=\"color: #333333;\"><a style=\"color: #333333;\" href=\"https:\/\/www.ldlc.com\/informatique\/reseau\/carte-reseau\/c4306\/+fv1270-6894.html\">Cl\u00e9 USB Wi-Fi<\/a><\/span><\/p><\/td><\/tr><tr><td><p><span style=\"color: #333333;\">Bus<\/span><\/p><\/td><td width=\"561\"><p><span style=\"color: #333333;\"><a style=\"color: #333333;\" href=\"https:\/\/www.ldlc.com\/informatique\/reseau\/carte-reseau\/c4306\/+fv109-2941.html\">USB 2.0<\/a><\/span><\/p><\/td><\/tr><tr><td><p><span style=\"color: #333333;\">Low profile<\/span><\/p><\/td><td width=\"561\"><p><span style=\"color: #333333;\"><a style=\"color: #333333;\" href=\"https:\/\/www.ldlc.com\/informatique\/reseau\/carte-reseau\/c4306\/+fc1293-0.html\">Non<\/a><\/span><\/p><\/td><\/tr><tr><td><p><span style=\"color: #333333;\">Norme(s) r\u00e9seau<\/span><\/p><\/td><td width=\"561\"><p><span style=\"color: #333333;\"><a style=\"color: #333333;\" href=\"https:\/\/www.ldlc.com\/informatique\/reseau\/carte-reseau\/c4306\/+fv4-5964.html\">Wi-Fi N 300 Mbps (IEEE 802.11n)<\/a><\/span><\/p><\/td><\/tr><tr><td><p><span style=\"color: #333333;\">Connecteur(s)<\/span><\/p><\/td><td width=\"561\"><p><span style=\"color: #333333;\"><a style=\"color: #333333;\" href=\"https:\/\/www.ldlc.com\/informatique\/reseau\/carte-reseau\/c4306\/+fv17-2159.html\">Aucun(e)<\/a><\/span><\/p><\/td><\/tr><tr><td><p><span style=\"color: #333333;\">Dual-Band<\/span><\/p><\/td><td width=\"561\"><p><span style=\"color: #333333;\"><a style=\"color: #333333;\" href=\"https:\/\/www.ldlc.com\/informatique\/reseau\/carte-reseau\/c4306\/+fc1075-0.html\">Non<\/a><\/span><\/p><\/td><\/tr><tr><td rowspan=\"5\"><p><span style=\"color: #333333;\">Cryptage<\/span><\/p><\/td><td width=\"561\"><p><span style=\"color: #333333;\"><a style=\"color: #333333;\" href=\"https:\/\/www.ldlc.com\/informatique\/reseau\/carte-reseau\/c4306\/+fv769-2895.html\">WEP<\/a><\/span><\/p><\/td><\/tr><tr><td width=\"561\"><p><span style=\"color: #333333;\"><a style=\"color: #333333;\" href=\"https:\/\/www.ldlc.com\/informatique\/reseau\/carte-reseau\/c4306\/+fv769-2897.html\">WPA<\/a><\/span><\/p><\/td><\/tr><tr><td width=\"561\"><p><span style=\"color: #333333;\"><a style=\"color: #333333;\" href=\"https:\/\/www.ldlc.com\/informatique\/reseau\/carte-reseau\/c4306\/+fv769-2896.html\">WPA &#8211; PSK<\/a><\/span><\/p><\/td><\/tr><tr><td width=\"561\"><p><span style=\"color: #333333;\"><a style=\"color: #333333;\" href=\"https:\/\/www.ldlc.com\/informatique\/reseau\/carte-reseau\/c4306\/+fv769-4831.html\">WPA2<\/a><\/span><\/p><\/td><\/tr><tr><td width=\"561\"><p><span style=\"color: #333333;\"><a style=\"color: #333333;\" href=\"https:\/\/www.ldlc.com\/informatique\/reseau\/carte-reseau\/c4306\/+fv769-3079.html\">WPA2-PSK<\/a><\/span><\/p><\/td><\/tr><tr><td><p><span style=\"color: #333333;\">Socket Boot ROM<\/span><\/p><\/td><td width=\"561\"><p><span style=\"color: #333333;\"><a style=\"color: #333333;\" href=\"https:\/\/www.ldlc.com\/informatique\/reseau\/carte-reseau\/c4306\/+fc3-0.html\">Non<\/a><\/span><\/p><\/td><\/tr><tr><td><p><span style=\"color: #333333;\">Wake On LAN<\/span><\/p><\/td><td width=\"561\"><p><span style=\"color: #333333;\"><a style=\"color: #333333;\" href=\"https:\/\/www.ldlc.com\/informatique\/reseau\/carte-reseau\/c4306\/+fv819-965.html\">Non<\/a><\/span><\/p><\/td><\/tr><\/tbody><\/table><p>\u00a0<\/p><\/div>\n\t\t\t\t<\/div>\n\t\t\t\t<\/div>\n\t\t\t\t\t\t<\/div>\n\t\t\t\t\t<\/div>\n\t\t<\/div>\n\t\t\t\t\t\t\t\t<\/div>\n\t\t\t\t\t<\/div>\n\t\t<\/section>\n\t\t\t\t\t\t<\/div>\n\t\t\t\t\t\t<\/div>\n\t\t\t\t\t<\/div>\n\t\t","protected":false},"excerpt":{"rendered":"<p>15.000 F CFA TP-LINK TL-WN823N EN SAVOIR PLUS Reliez un ordinateur de bureau ou portable \u00e0 un r\u00e9seau sans fil ! L&rsquo;adaptateur USB\u00a0TL-WN823N\u00a0de\u00a0TP-LINK\u00a0est une mini-cl\u00e9 sans fil N de 300Mbps qui permet aux utilisateurs de relier un ordinateur de bureau ou portable \u00e0 un r\u00e9seau sans fil et de profiter des performances d&rsquo;une haute vitesse [&hellip;]<\/p>\n","protected":false},"author":2,"featured_media":0,"parent":0,"menu_order":0,"comment_status":"closed","ping_status":"closed","template":"","meta":{"footnotes":""},"class_list":["post-1445","page","type-page","status-publish","hentry","post"],"_links":{"self":[{"href":"https:\/\/enhakkore.net\/produits\/wp-json\/wp\/v2\/pages\/1445","targetHints":{"allow":["GET"]}}],"collection":[{"href":"https:\/\/enhakkore.net\/produits\/wp-json\/wp\/v2\/pages"}],"about":[{"href":"https:\/\/enhakkore.net\/produits\/wp-json\/wp\/v2\/types\/page"}],"author":[{"embeddable":true,"href":"https:\/\/enhakkore.net\/produits\/wp-json\/wp\/v2\/users\/2"}],"replies":[{"embeddable":true,"href":"https:\/\/enhakkore.net\/produits\/wp-json\/wp\/v2\/comments?post=1445"}],"version-history":[{"count":7,"href":"https:\/\/enhakkore.net\/produits\/wp-json\/wp\/v2\/pages\/1445\/revisions"}],"predecessor-version":[{"id":1455,"href":"https:\/\/enhakkore.net\/produits\/wp-json\/wp\/v2\/pages\/1445\/revisions\/1455"}],"wp:attachment":[{"href":"https:\/\/enhakkore.net\/produits\/wp-json\/wp\/v2\/media?parent=1445"}],"curies":[{"name":"wp","href":"https:\/\/api.w.org\/{rel}","templated":true}]}}